{"id":185663,"date":"2024-05-09T21:42:36","date_gmt":"2024-05-09T21:42:36","guid":{"rendered":"https:\/\/aldeco.pt\/staging\/product\/rhapsody\/"},"modified":"2024-09-30T08:48:23","modified_gmt":"2024-09-30T08:48:23","slug":"rhapsody","status":"publish","type":"product","link":"https:\/\/staging.aldeco.pt\/es\/product\/rhapsody\/","title":{"rendered":"RHAPSODY"},"content":{"rendered":"<p>La sofisticaci\u00f3n y el detalle de la combinaci\u00f3n de colores que marcan esta colecci\u00f3n en un bordado de sat\u00e9n completo con un dise\u00f1o geom\u00e9trico hexagonal retro\/vintage.<br \/>\nEst\u00e1 disponible en 4 colores.<\/p>\n","protected":false},"excerpt":{"rendered":"<p>La sofisticaci\u00f3n y el detalle de la combinaci\u00f3n de colores que marcan esta colecci\u00f3n en un bordado de sat\u00e9n completo con un dise\u00f1o geom\u00e9trico hexagonal retro\/vintage.<br \/>\nEst\u00e1 disponible en 4 colores.<\/p>\n<h2>Rhapsody, la sofisticaci\u00f3n y el detalle de la combinaci\u00f3n de colores que marcan esta colecci\u00f3n en un bordado de sat\u00e9n completo con un dise\u00f1o geom\u00e9trico hexagonal retro\/vintage.<br \/>\nEst\u00e1 disponible en 4 colores.<\/h2>\n<p><img fetchpriority=\"high\" decoding=\"async\" class=\"alignnone wp-image-188698 size-medium\" src=\"https:\/\/aldeco.pt\/staging\/wp-content\/uploads\/2024\/01\/T191260001-5-300x212.jpg\" alt=\"Rhapsody - Aldeco\" width=\"300\" height=\"212\" \/><\/p>\n<p><a href=\"https:\/\/www.instagram.com\/aldeco_interiorfabrics\/\">https:\/\/www.instagram.com\/aldeco_interiorfabrics\/<\/a><\/p>\n<p><a href=\"https:\/\/aldeco.pt\/staging\/product\/rhapsody\/?attribute_pa_aldeco-color=01-natural-shades\">https:\/\/aldeco.pt\/staging\/product\/rhapsody\/?attribute_pa_aldeco-color=01-natural-shades<\/a><\/p>\n","protected":false},"featured_media":160112,"template":"","meta":[],"product_brand":[],"product_cat":[6146],"product_tag":[],"class_list":{"0":"post-185663","1":"product","2":"type-product","3":"status-publish","4":"has-post-thumbnail","6":"product_cat-aldeco-2-es","7":"pa_cleanability-8283","8":"pa_composition-ext-57-vi-43-co-es","9":"pa_interior-fabrics-1-es","10":"pa_line-telas","11":"pa_lithfastness-4-es","12":"pa_outdoor-0-es","13":"pa_range-bordado-es","14":"pa_rapport-horizontal-119-5-es","15":"pa_rapport-horizontal-19-5-es","16":"pa_rapport-vertical-32-es","19":"first","20":"instock","21":"purchasable","22":"product-type-variable"},"acf":[],"_links":{"self":[{"href":"https:\/\/staging.aldeco.pt\/es\/wp-json\/wp\/v2\/product\/185663","targetHints":{"allow":["GET"]}}],"collection":[{"href":"https:\/\/staging.aldeco.pt\/es\/wp-json\/wp\/v2\/product"}],"about":[{"href":"https:\/\/staging.aldeco.pt\/es\/wp-json\/wp\/v2\/types\/product"}],"version-history":[{"count":2,"href":"https:\/\/staging.aldeco.pt\/es\/wp-json\/wp\/v2\/product\/185663\/revisions"}],"predecessor-version":[{"id":200913,"href":"https:\/\/staging.aldeco.pt\/es\/wp-json\/wp\/v2\/product\/185663\/revisions\/200913"}],"wp:featuredmedia":[{"embeddable":true,"href":"https:\/\/staging.aldeco.pt\/es\/wp-json\/wp\/v2\/media\/160112"}],"wp:attachment":[{"href":"https:\/\/staging.aldeco.pt\/es\/wp-json\/wp\/v2\/media?parent=185663"}],"wp:term":[{"taxonomy":"product_brand","embeddable":true,"href":"https:\/\/staging.aldeco.pt\/es\/wp-json\/wp\/v2\/product_brand?post=185663"},{"taxonomy":"product_cat","embeddable":true,"href":"https:\/\/staging.aldeco.pt\/es\/wp-json\/wp\/v2\/product_cat?post=185663"},{"taxonomy":"product_tag","embeddable":true,"href":"https:\/\/staging.aldeco.pt\/es\/wp-json\/wp\/v2\/product_tag?post=185663"}],"curies":[{"name":"wp","href":"https:\/\/api.w.org\/{rel}","templated":true}]}}