{"id":185658,"date":"2024-05-09T21:35:43","date_gmt":"2024-05-09T21:35:43","guid":{"rendered":"https:\/\/aldeco.pt\/staging\/product\/recycle-wlb\/"},"modified":"2024-10-04T11:21:22","modified_gmt":"2024-10-04T11:21:22","slug":"recycle-wlb","status":"publish","type":"product","link":"https:\/\/staging.aldeco.pt\/es\/product\/recycle-wlb\/","title":{"rendered":"RECYCLE WLB"},"content":{"rendered":"<p>Protege el medio ambiente con esta tela sostenible de aspecto lino suave y transparente. Esta tela es ecol\u00f3gica porque est\u00e1 tejida con hilo de poli\u00e9ster reciclado, hecho de botellas de pl\u00e1stico en una producci\u00f3n sostenible. Es muy ancha con 315 cm y se entrega con banda de plomo.<\/p>\n","protected":false},"excerpt":{"rendered":"<p>Protege el medio ambiente con esta tela sostenible de aspecto lino suave y transparente. Esta tela es ecol\u00f3gica porque est\u00e1 tejida con hilo de poli\u00e9ster reciclado, hecho de botellas de pl\u00e1stico en una producci\u00f3n sostenible. Es muy ancha con 315 cm y se entrega con banda de plomo.<\/p>\n<h2>Recycle Wlb, protege el medio ambiente con esta tela sostenible de aspecto lino suave y transparente. Esta tela es ecol\u00f3gica porque est\u00e1 tejida con hilo de poli\u00e9ster reciclado, hecho de botellas de pl\u00e1stico en una producci\u00f3n sostenible. Es muy ancha con 315 cm y se entrega con banda de plomo.<\/h2>\n<p><img fetchpriority=\"high\" decoding=\"async\" class=\"alignnone wp-image-188604 size-medium\" src=\"https:\/\/aldeco.pt\/staging\/wp-content\/uploads\/2024\/01\/T191630001-3-300x225.jpg\" alt=\"Recycle Wlb - Aldeco\" width=\"300\" height=\"225\" \/><\/p>\n<p><a href=\"https:\/\/www.instagram.com\/aldeco_interiorfabrics\/\">https:\/\/www.instagram.com\/aldeco_interiorfabrics\/<\/a><\/p>\n<p><a href=\"https:\/\/aldeco.pt\/staging\/product\/recycle-wlb\/?attribute_pa_aldeco-color=01-natural-white\">https:\/\/aldeco.pt\/staging\/product\/recycle-wlb\/?attribute_pa_aldeco-color=01-natural-white<\/a><\/p>\n","protected":false},"featured_media":159982,"template":"","meta":[],"product_brand":[],"product_cat":[6154],"product_tag":[],"class_list":{"0":"post-185658","1":"product","2":"type-product","3":"status-publish","4":"has-post-thumbnail","6":"product_cat-aldeco-smarter-es","7":"pa_cleanability-8283","8":"pa_composition-ext-52-rpl-48-pl-es","9":"pa_interior-fabrics-1-es","10":"pa_line-telas","11":"pa_lithfastness-5-es","12":"pa_outdoor-0-es","13":"pa_range-liso-es","14":"pa_range-transparencias","17":"first","18":"instock","19":"purchasable","20":"product-type-variable"},"acf":[],"_links":{"self":[{"href":"https:\/\/staging.aldeco.pt\/es\/wp-json\/wp\/v2\/product\/185658","targetHints":{"allow":["GET"]}}],"collection":[{"href":"https:\/\/staging.aldeco.pt\/es\/wp-json\/wp\/v2\/product"}],"about":[{"href":"https:\/\/staging.aldeco.pt\/es\/wp-json\/wp\/v2\/types\/product"}],"version-history":[{"count":2,"href":"https:\/\/staging.aldeco.pt\/es\/wp-json\/wp\/v2\/product\/185658\/revisions"}],"predecessor-version":[{"id":202028,"href":"https:\/\/staging.aldeco.pt\/es\/wp-json\/wp\/v2\/product\/185658\/revisions\/202028"}],"wp:featuredmedia":[{"embeddable":true,"href":"https:\/\/staging.aldeco.pt\/es\/wp-json\/wp\/v2\/media\/159982"}],"wp:attachment":[{"href":"https:\/\/staging.aldeco.pt\/es\/wp-json\/wp\/v2\/media?parent=185658"}],"wp:term":[{"taxonomy":"product_brand","embeddable":true,"href":"https:\/\/staging.aldeco.pt\/es\/wp-json\/wp\/v2\/product_brand?post=185658"},{"taxonomy":"product_cat","embeddable":true,"href":"https:\/\/staging.aldeco.pt\/es\/wp-json\/wp\/v2\/product_cat?post=185658"},{"taxonomy":"product_tag","embeddable":true,"href":"https:\/\/staging.aldeco.pt\/es\/wp-json\/wp\/v2\/product_tag?post=185658"}],"curies":[{"name":"wp","href":"https:\/\/api.w.org\/{rel}","templated":true}]}}