{"id":185622,"date":"2024-05-09T21:42:22","date_gmt":"2024-05-09T21:42:22","guid":{"rendered":"https:\/\/aldeco.pt\/staging\/product\/resource\/"},"modified":"2024-08-29T14:42:44","modified_gmt":"2024-08-29T14:42:44","slug":"resource","status":"publish","type":"product","link":"https:\/\/staging.aldeco.pt\/es\/product\/resource\/","title":{"rendered":"RESOURCE"},"content":{"rendered":"<p>RESOURCE es una tela reciclada para cortinas con un aspecto muy natural y una estructura de tela de gasa, disponible en 5 colores atemporales. Se recicla a partir de desechos posconsumo y posindustriales, que incluyen lana reciclada, poli\u00e9ster reciclado y acr\u00edlico reciclado, de acuerdo con Global Recycled Standard. Es ecol\u00f3gico ya que cumple con la Norma OEKO-TEX 100, no tiene sustancias nocivas para el medio ambiente.<\/p>\n","protected":false},"excerpt":{"rendered":"<p>Es una tela reciclada para cortinas con un aspecto muy natural y una estructura de tela de gasa, disponible en 5 colores atemporales. Se recicla a partir de desechos posconsumo y posindustriales, que incluyen lana reciclada, poli\u00e9ster reciclado y acr\u00edlico reciclado, de acuerdo con Global Recycled Standard. Es ecol\u00f3gico ya que cumple con la Norma OEKO-TEX 100, no tiene sustancias nocivas para el medio ambiente.<\/p>\n<h2>RESOURCE es una tela reciclada para cortinas con un aspecto muy natural y una estructura de tela de gasa, disponible en 5 colores atemporales.<\/h2>\n<p><img fetchpriority=\"high\" decoding=\"async\" class=\"alignnone wp-image-188692 size-medium\" src=\"https:\/\/aldeco.pt\/staging\/wp-content\/uploads\/2024\/01\/T192420001-4-300x200.jpg\" alt=\"Resource - Aldeco\" width=\"300\" height=\"200\"><\/p>\n<p><a href=\"https:\/\/aldeco.pt\/staging\/product\/resource\/?attribute_pa_aldeco-color=01-natural-white\">https:\/\/aldeco.pt\/staging\/product\/resource\/?attribute_pa_aldeco-color=01-natural-white<\/a><\/p>\n<p><a href=\"https:\/\/www.instagram.com\/aldeco_interiorfabrics\/\">https:\/\/www.instagram.com\/aldeco_interiorfabrics\/<\/a><\/p>\n<p>&nbsp;<\/p>\n","protected":false},"featured_media":160110,"template":"","meta":[],"product_brand":[],"product_cat":[6146],"product_tag":[],"class_list":{"0":"post-185622","1":"product","2":"type-product","3":"status-publish","4":"has-post-thumbnail","6":"product_cat-aldeco-2-es","7":"pa_cleanability-8283","8":"pa_composition-ext-28-rpan-52-rpl-20-rwo-es","9":"pa_interior-fabrics-1-es","10":"pa_line-telas","11":"pa_lithfastness-4-5-es","12":"pa_outdoor-0-es","13":"pa_range-liso-es","14":"pa_range-malla","15":"pa_range-transparencias","18":"first","19":"instock","20":"purchasable","21":"product-type-variable"},"acf":[],"_links":{"self":[{"href":"https:\/\/staging.aldeco.pt\/es\/wp-json\/wp\/v2\/product\/185622","targetHints":{"allow":["GET"]}}],"collection":[{"href":"https:\/\/staging.aldeco.pt\/es\/wp-json\/wp\/v2\/product"}],"about":[{"href":"https:\/\/staging.aldeco.pt\/es\/wp-json\/wp\/v2\/types\/product"}],"version-history":[{"count":1,"href":"https:\/\/staging.aldeco.pt\/es\/wp-json\/wp\/v2\/product\/185622\/revisions"}],"predecessor-version":[{"id":192833,"href":"https:\/\/staging.aldeco.pt\/es\/wp-json\/wp\/v2\/product\/185622\/revisions\/192833"}],"wp:featuredmedia":[{"embeddable":true,"href":"https:\/\/staging.aldeco.pt\/es\/wp-json\/wp\/v2\/media\/160110"}],"wp:attachment":[{"href":"https:\/\/staging.aldeco.pt\/es\/wp-json\/wp\/v2\/media?parent=185622"}],"wp:term":[{"taxonomy":"product_brand","embeddable":true,"href":"https:\/\/staging.aldeco.pt\/es\/wp-json\/wp\/v2\/product_brand?post=185622"},{"taxonomy":"product_cat","embeddable":true,"href":"https:\/\/staging.aldeco.pt\/es\/wp-json\/wp\/v2\/product_cat?post=185622"},{"taxonomy":"product_tag","embeddable":true,"href":"https:\/\/staging.aldeco.pt\/es\/wp-json\/wp\/v2\/product_tag?post=185622"}],"curies":[{"name":"wp","href":"https:\/\/api.w.org\/{rel}","templated":true}]}}