{"id":185621,"date":"2024-05-09T21:38:17","date_gmt":"2024-05-09T21:38:17","guid":{"rendered":"https:\/\/aldeco.pt\/staging\/product\/renew\/"},"modified":"2024-08-29T14:42:47","modified_gmt":"2024-08-29T14:42:47","slug":"renew","status":"publish","type":"product","link":"https:\/\/staging.aldeco.pt\/es\/product\/renew\/","title":{"rendered":"RENEW"},"content":{"rendered":"<p>RENEW es una tela para cortinas reciclada con un aspecto natural adecuado para cortinas, disponible en 5 colores naturales. Se recicla a partir de desechos posconsumo y posindustriales, que incluyen lana reciclada, poli\u00e9ster reciclado y acr\u00edlico reciclado, de acuerdo con Global Recycled Standard. Es ecol\u00f3gico ya que cumple con la Norma OEKO-TEX 100, no tiene sustancias nocivas para el medio ambiente.<\/p>\n","protected":false},"excerpt":{"rendered":"<p>RENEW es una tela para cortinas reciclada con un aspecto natural adecuado para cortinas, disponible en 5 colores naturales. Se recicla a partir de desechos posconsumo y posindustriales, que incluyen lana reciclada, poli\u00e9ster reciclado y acr\u00edlico reciclado, de acuerdo con Global Recycled Standard. Es ecol\u00f3gico ya que cumple con la Norma OEKO-TEX 100, no tiene sustancias nocivas para el medio ambiente.<\/p>\n<h2>RENEW es una tela para cortinas reciclada con un aspecto natural adecuado para cortinas, disponible en 5 colores naturales. Se recicla a partir de desechos posconsumo y posindustriales, que incluyen lana reciclada, poli\u00e9ster reciclado y acr\u00edlico reciclado, de acuerdo con Global Recycled Standard. Es ecol\u00f3gico ya que cumple con la Norma OEKO-TEX 100, no tiene sustancias nocivas para el medio ambiente.<\/h2>\n<p><img fetchpriority=\"high\" decoding=\"async\" class=\"alignnone wp-image-188615 size-medium\" src=\"https:\/\/aldeco.pt\/staging\/wp-content\/uploads\/2024\/01\/T192410001-4-300x200.jpg\" alt=\"Renew - Aldeco\" width=\"300\" height=\"200\"><\/p>\n<p><a href=\"https:\/\/www.instagram.com\/aldeco_interiorfabrics\/\">https:\/\/www.instagram.com\/aldeco_interiorfabrics\/<\/a><\/p>\n<p><a href=\"https:\/\/aldeco.pt\/staging\/product\/renew\/?attribute_pa_aldeco-color=01-natural-white\">https:\/\/aldeco.pt\/staging\/product\/renew\/?attribute_pa_aldeco-color=01-natural-white<\/a><\/p>\n<p>&nbsp;<\/p>\n","protected":false},"featured_media":160012,"template":"","meta":[],"product_brand":[],"product_cat":[6146],"product_tag":[],"class_list":{"0":"post-185621","1":"product","2":"type-product","3":"status-publish","4":"has-post-thumbnail","6":"product_cat-aldeco-2-es","7":"pa_cleanability-8283","8":"pa_composition-ext-20-rwo-52-rpl-28-rpan-es","9":"pa_interior-fabrics-1-es","10":"pa_line-telas","11":"pa_lithfastness-4-5-es","12":"pa_outdoor-0-es","13":"pa_range-liso-es","14":"pa_range-transparencias","17":"first","18":"instock","19":"purchasable","20":"product-type-variable"},"acf":[],"_links":{"self":[{"href":"https:\/\/staging.aldeco.pt\/es\/wp-json\/wp\/v2\/product\/185621","targetHints":{"allow":["GET"]}}],"collection":[{"href":"https:\/\/staging.aldeco.pt\/es\/wp-json\/wp\/v2\/product"}],"about":[{"href":"https:\/\/staging.aldeco.pt\/es\/wp-json\/wp\/v2\/types\/product"}],"version-history":[{"count":1,"href":"https:\/\/staging.aldeco.pt\/es\/wp-json\/wp\/v2\/product\/185621\/revisions"}],"predecessor-version":[{"id":192802,"href":"https:\/\/staging.aldeco.pt\/es\/wp-json\/wp\/v2\/product\/185621\/revisions\/192802"}],"wp:featuredmedia":[{"embeddable":true,"href":"https:\/\/staging.aldeco.pt\/es\/wp-json\/wp\/v2\/media\/160012"}],"wp:attachment":[{"href":"https:\/\/staging.aldeco.pt\/es\/wp-json\/wp\/v2\/media?parent=185621"}],"wp:term":[{"taxonomy":"product_brand","embeddable":true,"href":"https:\/\/staging.aldeco.pt\/es\/wp-json\/wp\/v2\/product_brand?post=185621"},{"taxonomy":"product_cat","embeddable":true,"href":"https:\/\/staging.aldeco.pt\/es\/wp-json\/wp\/v2\/product_cat?post=185621"},{"taxonomy":"product_tag","embeddable":true,"href":"https:\/\/staging.aldeco.pt\/es\/wp-json\/wp\/v2\/product_tag?post=185621"}],"curies":[{"name":"wp","href":"https:\/\/api.w.org\/{rel}","templated":true}]}}