{"id":185602,"date":"2024-05-09T21:35:23","date_gmt":"2024-05-09T21:35:23","guid":{"rendered":"https:\/\/aldeco.pt\/staging\/product\/raw-wlb\/"},"modified":"2024-08-29T14:42:49","modified_gmt":"2024-08-29T14:42:49","slug":"raw-wlb","status":"publish","type":"product","link":"https:\/\/staging.aldeco.pt\/es\/product\/raw-wlb\/","title":{"rendered":"RAW WLB"},"content":{"rendered":"<p>Visillo de transparencia con efecto natural y texturado, de m\u00e1s de 300 cm de ancho. Uno de los Must Haves de esta colecci\u00f3n. Lo presentamos en 4 colores naturales, 1 color ligeramente c\u00e1lido y 1 tono masculino.<\/p>\n","protected":false},"excerpt":{"rendered":"<p>Visillo de transparencia con efecto natural y texturado, de m\u00e1s de 300 cm de ancho. Uno de los Must Haves de esta colecci\u00f3n. Lo presentamos en 4 colores naturales, 1 color ligeramente c\u00e1lido y 1 tono masculino.<\/p>\n<h2>Raw Wlb es un visillo de transparencia con efecto natural y texturado, de m\u00e1s de 300 cm de ancho. Uno de los Must Haves de esta colecci\u00f3n. Lo presentamos en 4 colores naturales, 1 color ligeramente c\u00e1lido y 1 tono masculino.<\/h2>\n<p><img fetchpriority=\"high\" decoding=\"async\" class=\"alignnone wp-image-188599 size-medium\" src=\"https:\/\/aldeco.pt\/staging\/wp-content\/uploads\/2024\/03\/T019720001-300x240.jpg\" alt=\"Raw Wlb - Aldeco\" width=\"300\" height=\"240\"><\/p>\n<p><a href=\"https:\/\/www.instagram.com\/aldeco_interiorfabrics\/\">https:\/\/www.instagram.com\/aldeco_interiorfabrics\/<\/a><\/p>\n<p><a href=\"https:\/\/aldeco.pt\/staging\/product\/raw-wlb\/?attribute_pa_aldeco-color=01-raw-white\">https:\/\/aldeco.pt\/staging\/product\/raw-wlb\/?attribute_pa_aldeco-color=01-raw-white<\/a><\/p>\n","protected":false},"featured_media":159980,"template":"","meta":[],"product_brand":[],"product_cat":[6146],"product_tag":[],"class_list":{"0":"post-185602","1":"product","2":"type-product","3":"status-publish","4":"has-post-thumbnail","6":"product_cat-aldeco-2-es","7":"pa_cleanability-8283","8":"pa_composition-ext-100-pl-es","9":"pa_interior-fabrics-1-es","10":"pa_line-telas","11":"pa_lithfastness-4-5-es","12":"pa_outdoor-0-es","13":"pa_range-liso-es","14":"pa_range-transparencias","17":"first","18":"instock","19":"purchasable","20":"product-type-variable"},"acf":[],"_links":{"self":[{"href":"https:\/\/staging.aldeco.pt\/es\/wp-json\/wp\/v2\/product\/185602","targetHints":{"allow":["GET"]}}],"collection":[{"href":"https:\/\/staging.aldeco.pt\/es\/wp-json\/wp\/v2\/product"}],"about":[{"href":"https:\/\/staging.aldeco.pt\/es\/wp-json\/wp\/v2\/types\/product"}],"version-history":[{"count":1,"href":"https:\/\/staging.aldeco.pt\/es\/wp-json\/wp\/v2\/product\/185602\/revisions"}],"predecessor-version":[{"id":192799,"href":"https:\/\/staging.aldeco.pt\/es\/wp-json\/wp\/v2\/product\/185602\/revisions\/192799"}],"wp:featuredmedia":[{"embeddable":true,"href":"https:\/\/staging.aldeco.pt\/es\/wp-json\/wp\/v2\/media\/159980"}],"wp:attachment":[{"href":"https:\/\/staging.aldeco.pt\/es\/wp-json\/wp\/v2\/media?parent=185602"}],"wp:term":[{"taxonomy":"product_brand","embeddable":true,"href":"https:\/\/staging.aldeco.pt\/es\/wp-json\/wp\/v2\/product_brand?post=185602"},{"taxonomy":"product_cat","embeddable":true,"href":"https:\/\/staging.aldeco.pt\/es\/wp-json\/wp\/v2\/product_cat?post=185602"},{"taxonomy":"product_tag","embeddable":true,"href":"https:\/\/staging.aldeco.pt\/es\/wp-json\/wp\/v2\/product_tag?post=185602"}],"curies":[{"name":"wp","href":"https:\/\/api.w.org\/{rel}","templated":true}]}}