{"id":185582,"date":"2024-05-09T21:35:05","date_gmt":"2024-05-09T21:35:05","guid":{"rendered":"https:\/\/aldeco.pt\/staging\/product\/rainforest-printed\/"},"modified":"2024-10-08T08:55:18","modified_gmt":"2024-10-08T08:55:18","slug":"rainforest-printed","status":"publish","type":"product","link":"https:\/\/staging.aldeco.pt\/es\/product\/rainforest-printed\/","title":{"rendered":"RAINFOREST PRINTED"},"content":{"rendered":"<p>Impresi\u00f3n digital fant\u00e1stica sobre una base de algod\u00f3n mercerizado. Esta tela evoca las alegres pinceladas de una pintura de Monet para interpretar la belleza de la naturaleza. Esta tela es hermosa en cortinas, decoraci\u00f3n y tapicer\u00eda.<\/p>\n","protected":false},"excerpt":{"rendered":"<p>Impresi\u00f3n digital fant\u00e1stica sobre una base de algod\u00f3n mercerizado. Esta tela evoca las alegres pinceladas de una pintura de Monet para interpretar la belleza de la naturaleza. Esta tela es hermosa en cortinas, decoraci\u00f3n y tapicer\u00eda.<\/p>\n<h2>Rainforest Printed a fantastic digital printing on a mercerized cotton base. Esta tela evoca las alegres pinceladas de una pintura de Monet para interpretar la belleza de la naturaleza. Esta tela es hermosa en cortinas, decoraci\u00f3n y tapicer\u00eda.<\/h2>\n<p><img fetchpriority=\"high\" decoding=\"async\" class=\"alignnone wp-image-188587 size-medium\" src=\"https:\/\/aldeco.pt\/staging\/wp-content\/uploads\/2024\/05\/T019310001-300x240.jpg\" alt=\"Rainforest Printed - Aldeco\" width=\"300\" height=\"240\"><\/p>\n<p><a href=\"https:\/\/www.instagram.com\/aldeco_interiorfabrics\/\">https:\/\/www.instagram.com\/aldeco_interiorfabrics\/<\/a><\/p>\n<p><a href=\"https:\/\/aldeco.pt\/staging\/product\/rainforest-printed\/?attribute_pa_aldeco-color=01-colourfulness\">https:\/\/aldeco.pt\/staging\/product\/rainforest-printed\/?attribute_pa_aldeco-color=01-colourfulness<\/a><\/p>\n","protected":false},"featured_media":159974,"template":"","meta":[],"product_brand":[],"product_cat":[6146],"product_tag":[],"class_list":{"0":"post-185582","1":"product","2":"type-product","3":"status-publish","4":"has-post-thumbnail","6":"product_cat-aldeco-2-es","7":"pa_cleanability-8283","8":"pa_composition-ext-100-co-es","9":"pa_interior-fabrics-1-es","10":"pa_line-telas","11":"pa_lithfastness-4-es","12":"pa_outdoor-0-es","13":"pa_range-estampado-es","14":"pa_rapport-horizontal-32-es","15":"pa_rapport-vertical-59-5-es","18":"first","19":"instock","20":"purchasable","21":"product-type-variable"},"acf":[],"_links":{"self":[{"href":"https:\/\/staging.aldeco.pt\/es\/wp-json\/wp\/v2\/product\/185582","targetHints":{"allow":["GET"]}}],"collection":[{"href":"https:\/\/staging.aldeco.pt\/es\/wp-json\/wp\/v2\/product"}],"about":[{"href":"https:\/\/staging.aldeco.pt\/es\/wp-json\/wp\/v2\/types\/product"}],"version-history":[{"count":3,"href":"https:\/\/staging.aldeco.pt\/es\/wp-json\/wp\/v2\/product\/185582\/revisions"}],"predecessor-version":[{"id":202186,"href":"https:\/\/staging.aldeco.pt\/es\/wp-json\/wp\/v2\/product\/185582\/revisions\/202186"}],"wp:featuredmedia":[{"embeddable":true,"href":"https:\/\/staging.aldeco.pt\/es\/wp-json\/wp\/v2\/media\/159974"}],"wp:attachment":[{"href":"https:\/\/staging.aldeco.pt\/es\/wp-json\/wp\/v2\/media?parent=185582"}],"wp:term":[{"taxonomy":"product_brand","embeddable":true,"href":"https:\/\/staging.aldeco.pt\/es\/wp-json\/wp\/v2\/product_brand?post=185582"},{"taxonomy":"product_cat","embeddable":true,"href":"https:\/\/staging.aldeco.pt\/es\/wp-json\/wp\/v2\/product_cat?post=185582"},{"taxonomy":"product_tag","embeddable":true,"href":"https:\/\/staging.aldeco.pt\/es\/wp-json\/wp\/v2\/product_tag?post=185582"}],"curies":[{"name":"wp","href":"https:\/\/api.w.org\/{rel}","templated":true}]}}