{"id":185512,"date":"2024-05-09T21:34:27","date_gmt":"2024-05-09T21:34:27","guid":{"rendered":"https:\/\/aldeco.pt\/staging\/product\/raffy\/"},"modified":"2024-08-29T14:42:52","modified_gmt":"2024-08-29T14:42:52","slug":"raffy","status":"publish","type":"product","link":"https:\/\/staging.aldeco.pt\/es\/product\/raffy\/","title":{"rendered":"RAFFY"},"content":{"rendered":"<p>Esta tela es la respuesta a la demanda de una tela m\u00e1s artesanal, acerc\u00e1ndose a los trabajos de cester\u00eda.<\/p>\n","protected":false},"excerpt":{"rendered":"<p>Esta tela es la respuesta a la demanda de una tela m\u00e1s artesanal, acerc\u00e1ndose a los trabajos de cester\u00eda.<\/p>\n<h2>Raffy, esta tela es la respuesta a la demanda de una tela m\u00e1s artesanal, acerc\u00e1ndose a los trabajos de cester\u00eda.<\/h2>\n<p><img fetchpriority=\"high\" decoding=\"async\" class=\"alignnone wp-image-188581 size-medium\" src=\"https:\/\/aldeco.pt\/staging\/wp-content\/uploads\/2024\/03\/T018190001-300x300.jpg\" alt=\"Raffy - Aldeco\" width=\"300\" height=\"300\"><\/p>\n<p><a href=\"https:\/\/www.instagram.com\/aldeco_interiorfabrics\/\">https:\/\/www.instagram.com\/aldeco_interiorfabrics\/<\/a><\/p>\n<p><a href=\"https:\/\/aldeco.pt\/staging\/product\/raffy\/?attribute_pa_aldeco-color=1-pure-white\">https:\/\/aldeco.pt\/staging\/product\/raffy\/?attribute_pa_aldeco-color=1-pure-white<\/a><\/p>\n","protected":false},"featured_media":156544,"template":"","meta":[],"product_brand":[],"product_cat":[6146],"product_tag":[],"class_list":{"0":"post-185512","1":"product","2":"type-product","3":"status-publish","4":"has-post-thumbnail","6":"product_cat-aldeco-2-es","7":"pa_cleanability-8283","8":"pa_composition-ext-100-pa-es","9":"pa_interior-fabrics-1-es","10":"pa_line-telas","11":"pa_lithfastness-9681","12":"pa_outdoor-0-es","13":"pa_range-liso-es","16":"first","17":"instock","18":"purchasable","19":"product-type-variable"},"acf":[],"_links":{"self":[{"href":"https:\/\/staging.aldeco.pt\/es\/wp-json\/wp\/v2\/product\/185512","targetHints":{"allow":["GET"]}}],"collection":[{"href":"https:\/\/staging.aldeco.pt\/es\/wp-json\/wp\/v2\/product"}],"about":[{"href":"https:\/\/staging.aldeco.pt\/es\/wp-json\/wp\/v2\/types\/product"}],"version-history":[{"count":1,"href":"https:\/\/staging.aldeco.pt\/es\/wp-json\/wp\/v2\/product\/185512\/revisions"}],"predecessor-version":[{"id":192796,"href":"https:\/\/staging.aldeco.pt\/es\/wp-json\/wp\/v2\/product\/185512\/revisions\/192796"}],"wp:featuredmedia":[{"embeddable":true,"href":"https:\/\/staging.aldeco.pt\/es\/wp-json\/wp\/v2\/media\/156544"}],"wp:attachment":[{"href":"https:\/\/staging.aldeco.pt\/es\/wp-json\/wp\/v2\/media?parent=185512"}],"wp:term":[{"taxonomy":"product_brand","embeddable":true,"href":"https:\/\/staging.aldeco.pt\/es\/wp-json\/wp\/v2\/product_brand?post=185512"},{"taxonomy":"product_cat","embeddable":true,"href":"https:\/\/staging.aldeco.pt\/es\/wp-json\/wp\/v2\/product_cat?post=185512"},{"taxonomy":"product_tag","embeddable":true,"href":"https:\/\/staging.aldeco.pt\/es\/wp-json\/wp\/v2\/product_tag?post=185512"}],"curies":[{"name":"wp","href":"https:\/\/api.w.org\/{rel}","templated":true}]}}