{"id":185505,"date":"2024-05-09T21:28:27","date_gmt":"2024-05-09T21:28:27","guid":{"rendered":"https:\/\/aldeco.pt\/staging\/product\/project-fr-water-repellent\/"},"modified":"2024-10-09T14:00:56","modified_gmt":"2024-10-09T14:00:56","slug":"project-fr-water-repellent","status":"publish","type":"product","link":"https:\/\/staging.aldeco.pt\/es\/product\/project-fr-water-repellent\/","title":{"rendered":"PROJECT FR WATER REPELLENT"},"content":{"rendered":"<p>Project FR es un terciopelo repelente al agua, anti-manchas y de f\u00e1cil limpieza. Aliado a estas fant\u00e1sticas propiedades est\u00e1 su enorme suavidad y alta resistencia a la abrasi\u00f3n con m\u00e1s de 100.000 ciclos de Martindale. \u00a1Esta es la versi\u00f3n acolchada de Project Water Repellent! Est\u00e1 disponible en 23 hermosos colores. Project Water Repellent tambi\u00e9n est\u00e1 disponible en una versi\u00f3n FR (norma inglesa BS5852-Source 1). Por favor, echa un vistazo tambi\u00e9n a Project Form, con las mismas caracter\u00edsticas y un dise\u00f1o acolchado.<\/p>\n","protected":false},"excerpt":{"rendered":"<p>Project Form es un terciopelo repelente al agua, anti-manchas y de f\u00e1cil limpieza. Aliado a estas fant\u00e1sticas propiedades est\u00e1 su enorme suavidad y alta resistencia a la abrasi\u00f3n con m\u00e1s de 100.000 ciclos de Martindale. \u00a1Esta es la versi\u00f3n acolchada de Project Water Repellent! Est\u00e1 disponible en 23 hermosos colores. Project Water Repellent tambi\u00e9n est\u00e1 disponible en una versi\u00f3n FR (norma inglesa BS5852-Source 1). Por favor, echa un vistazo tambi\u00e9n a Project Form, con las mismas caracter\u00edsticas y un dise\u00f1o acolchado.<\/p>\n<h2>Project FR es un terciopelo repelente al agua, anti-manchas y de f\u00e1cil limpieza. Aliado a estas fant\u00e1sticas propiedades est\u00e1 su enorme suavidad y alta resistencia a la abrasi\u00f3n con m\u00e1s de 100.000 ciclos de Martindale. \u00a1Esta es la versi\u00f3n acolchada de Project Water Repellent!<\/h2>\n<p><img fetchpriority=\"high\" decoding=\"async\" class=\"alignnone wp-image-161165 size-medium\" src=\"https:\/\/aldeco.pt\/staging\/wp-content\/uploads\/2024\/05\/T190940007-300x200.jpg\" alt=\"Project FR Water Repellent - Aldeco\" width=\"300\" height=\"200\" \/><\/p>\n<p><a href=\"https:\/\/www.instagram.com\/aldeco_interiorfabrics\/\">https:\/\/www.instagram.com\/aldeco_interiorfabrics\/<\/a><\/p>\n<p><a href=\"https:\/\/aldeco.pt\/staging\/product\/project-fr-water-repellent\/?attribute_pa_aldeco-color=01-ivory\">https:\/\/aldeco.pt\/staging\/product\/project-fr-water-repellent\/?attribute_pa_aldeco-color=01-ivory<\/a><\/p>\n","protected":false},"featured_media":166916,"template":"","meta":[],"product_brand":[],"product_cat":[6146],"product_tag":[],"class_list":{"0":"post-185505","1":"product","2":"type-product","3":"status-publish","4":"has-post-thumbnail","6":"product_cat-aldeco-2-es","7":"pa_cleanability-8283","8":"pa_composition-ext-100-pl-es","9":"pa_contract-fabrics-1-es","10":"pa_interior-fabrics-1-es","11":"pa_line-telas","12":"pa_lithfastness-4-es","13":"pa_outdoor-0-es","14":"pa_range-terciopelo","15":"pa_special-treatments-fabrics-1-es","18":"first","19":"instock","20":"purchasable","21":"product-type-variable"},"acf":[],"_links":{"self":[{"href":"https:\/\/staging.aldeco.pt\/es\/wp-json\/wp\/v2\/product\/185505","targetHints":{"allow":["GET"]}}],"collection":[{"href":"https:\/\/staging.aldeco.pt\/es\/wp-json\/wp\/v2\/product"}],"about":[{"href":"https:\/\/staging.aldeco.pt\/es\/wp-json\/wp\/v2\/types\/product"}],"version-history":[{"count":2,"href":"https:\/\/staging.aldeco.pt\/es\/wp-json\/wp\/v2\/product\/185505\/revisions"}],"predecessor-version":[{"id":204576,"href":"https:\/\/staging.aldeco.pt\/es\/wp-json\/wp\/v2\/product\/185505\/revisions\/204576"}],"wp:featuredmedia":[{"embeddable":true,"href":"https:\/\/staging.aldeco.pt\/es\/wp-json\/wp\/v2\/media\/166916"}],"wp:attachment":[{"href":"https:\/\/staging.aldeco.pt\/es\/wp-json\/wp\/v2\/media?parent=185505"}],"wp:term":[{"taxonomy":"product_brand","embeddable":true,"href":"https:\/\/staging.aldeco.pt\/es\/wp-json\/wp\/v2\/product_brand?post=185505"},{"taxonomy":"product_cat","embeddable":true,"href":"https:\/\/staging.aldeco.pt\/es\/wp-json\/wp\/v2\/product_cat?post=185505"},{"taxonomy":"product_tag","embeddable":true,"href":"https:\/\/staging.aldeco.pt\/es\/wp-json\/wp\/v2\/product_tag?post=185505"}],"curies":[{"name":"wp","href":"https:\/\/api.w.org\/{rel}","templated":true}]}}