{"id":185425,"date":"2024-05-09T21:26:48","date_gmt":"2024-05-09T21:26:48","guid":{"rendered":"https:\/\/aldeco.pt\/staging\/product\/prive-melange-velvet-fr\/"},"modified":"2024-08-29T14:43:00","modified_gmt":"2024-08-29T14:43:00","slug":"prive-melange-velvet-fr","status":"publish","type":"product","link":"https:\/\/staging.aldeco.pt\/es\/product\/prive-melange-velvet-fr\/","title":{"rendered":"PRIV\u00c9 MELANGE VELVET FR"},"content":{"rendered":"<p>Priv\u00e9 Melange Velvet FR es un terciopelo jacquard sedoso, un te\u00f1ido en hilo de pelo muy brillante. Este tejido voluminoso con mezcla de colores muy discretos y elegantes permite mejores combinaciones en la decoraci\u00f3n Con certificaci\u00f3n OEKO-TEX y m\u00e1s de 45.000 ciclos Martindale, este terciopelo maravillosamente rico se presenta en una paleta de 12 colores mezclados que son simplemente irresistibles.<\/p>\n","protected":false},"excerpt":{"rendered":"<p>Priv\u00e9 Melange Velvet FR es un terciopelo jacquard sedoso, un te\u00f1ido en hilo de pelo muy brillante. Este tejido voluminoso con mezcla de colores muy discretos y elegantes permite mejores combinaciones en la decoraci\u00f3n Con certificaci\u00f3n OEKO-TEX y m\u00e1s de 45.000 ciclos Martindale, este terciopelo maravillosamente rico se presenta en una paleta de 12 colores mezclados que son simplemente irresistibles. <\/p>\n<h2>Priv\u00e9 Melange Velvet FR es un terciopelo jacquard sedoso, un te\u00f1ido en hilo de pelo muy brillante. Este tejido voluminoso con mezcla de colores muy discretos y elegantes permite mejores combinaciones en la decoraci\u00f3n Con certificaci\u00f3n OEKO-TEX y m\u00e1s de 45.000 ciclos Martindale, este terciopelo maravillosamente rico se presenta en una paleta de 12 colores mezclados que son simplemente irresistibles.<\/h2>\n<p><img fetchpriority=\"high\" decoding=\"async\" class=\"alignnone wp-image-188537 size-medium\" src=\"https:\/\/aldeco.pt\/staging\/wp-content\/uploads\/2024\/01\/T192120001-2-300x225.jpg\" alt=\"Privve Melange FR - Aldeco\" width=\"300\" height=\"225\"><\/p>\n<p><a href=\"https:\/\/www.instagram.com\/aldeco_interiorfabrics\/\">https:\/\/www.instagram.com\/aldeco_interiorfabrics\/<\/a><a href=\"https:\/\/aldeco.pt\/staging\/product\/prive-melange-velvet-fr\/?attribute_pa_aldeco-color=01-champagne\">https:\/\/aldeco.pt\/staging\/product\/prive-melange-velvet-fr\/?attribute_pa_aldeco-color=01-champagne<\/a><\/p>\n","protected":false},"featured_media":159842,"template":"","meta":[],"product_brand":[],"product_cat":[6146],"product_tag":[],"class_list":{"0":"post-185425","1":"product","2":"type-product","3":"status-publish","4":"has-post-thumbnail","6":"product_cat-aldeco-2-es","7":"pa_cleanability-8283","8":"pa_composition-ext-73-pan-27-pl-es","9":"pa_contract-fabrics-1-es","10":"pa_interior-fabrics-1-es","11":"pa_line-telas","12":"pa_lithfastness-3-4-es","13":"pa_outdoor-0-es","14":"pa_range-terciopelo","15":"pa_special-treatments-fabrics-1-es","16":"pa_sustainable-fabrics-1-es","19":"first","20":"instock","21":"purchasable","22":"product-type-variable"},"acf":[],"_links":{"self":[{"href":"https:\/\/staging.aldeco.pt\/es\/wp-json\/wp\/v2\/product\/185425","targetHints":{"allow":["GET"]}}],"collection":[{"href":"https:\/\/staging.aldeco.pt\/es\/wp-json\/wp\/v2\/product"}],"about":[{"href":"https:\/\/staging.aldeco.pt\/es\/wp-json\/wp\/v2\/types\/product"}],"version-history":[{"count":2,"href":"https:\/\/staging.aldeco.pt\/es\/wp-json\/wp\/v2\/product\/185425\/revisions"}],"predecessor-version":[{"id":198557,"href":"https:\/\/staging.aldeco.pt\/es\/wp-json\/wp\/v2\/product\/185425\/revisions\/198557"}],"wp:featuredmedia":[{"embeddable":true,"href":"https:\/\/staging.aldeco.pt\/es\/wp-json\/wp\/v2\/media\/159842"}],"wp:attachment":[{"href":"https:\/\/staging.aldeco.pt\/es\/wp-json\/wp\/v2\/media?parent=185425"}],"wp:term":[{"taxonomy":"product_brand","embeddable":true,"href":"https:\/\/staging.aldeco.pt\/es\/wp-json\/wp\/v2\/product_brand?post=185425"},{"taxonomy":"product_cat","embeddable":true,"href":"https:\/\/staging.aldeco.pt\/es\/wp-json\/wp\/v2\/product_cat?post=185425"},{"taxonomy":"product_tag","embeddable":true,"href":"https:\/\/staging.aldeco.pt\/es\/wp-json\/wp\/v2\/product_tag?post=185425"}],"curies":[{"name":"wp","href":"https:\/\/api.w.org\/{rel}","templated":true}]}}