{"id":185361,"date":"2024-05-09T21:27:42","date_gmt":"2024-05-09T21:27:42","guid":{"rendered":"https:\/\/aldeco.pt\/staging\/product\/project-form-water-repellent\/"},"modified":"2024-10-09T11:42:18","modified_gmt":"2024-10-09T11:42:18","slug":"project-form-water-repellent","status":"publish","type":"product","link":"https:\/\/staging.aldeco.pt\/es\/product\/project-form-water-repellent\/","title":{"rendered":"PROJECT FORM WATER REPELLENT"},"content":{"rendered":"<p>Project Form es un terciopelo repelente al agua, anti manchas y de f\u00e1cil limpieza. Aliado a estas fant\u00e1sticas propiedades est\u00e1 su enorme suavidad y alta resistencia a la abrasi\u00f3n con m\u00e1s de 50.000 ciclos de Martindale! Esta es la versi\u00f3n acolchada del tejido Project Water Repellent<\/p>\n","protected":false},"excerpt":{"rendered":"<p>Project Form es un terciopelo repelente al agua, anti manchas y de f\u00e1cil limpieza. Aliado a estas fant\u00e1sticas propiedades est\u00e1 su enorme suavidad y alta resistencia a la abrasi\u00f3n con m\u00e1s de 50.000 ciclos de Martindale! Esta es la versi\u00f3n acolchada del tejido Project Water Repellent<\/p>\n<h2>Project Form es un terciopelo repelente al agua, anti manchas y de f\u00e1cil limpieza. Aliado a estas fant\u00e1sticas propiedades est\u00e1 su enorme suavidad y alta resistencia a la abrasi\u00f3n con m\u00e1s de 50.000 ciclos de Martindale!<\/h2>\n<p><img fetchpriority=\"high\" decoding=\"async\" class=\"alignnone wp-image-188542 size-medium\" src=\"https:\/\/aldeco.pt\/staging\/wp-content\/uploads\/2024\/01\/T190950010-3-300x198.jpg\" alt=\"Project Form Water Repellent - Aldeco\" width=\"300\" height=\"198\" \/><\/p>\n<p><a href=\"https:\/\/aldeco.pt\/staging\/product\/project-form-water-repellent\/?attribute_pa_colour=aqua&amp;attribute_pa_aldeco-color=05-aqua-marine\">https:\/\/aldeco.pt\/staging\/product\/project-form-water-repellent\/?attribute_pa_colour=aqua&amp;attribute_pa_aldeco-color=05-aqua-marine<\/a><\/p>\n<p><a href=\"https:\/\/www.instagram.com\/aldeco_interiorfabrics\/\">https:\/\/www.instagram.com\/aldeco_interiorfabrics\/<\/a><\/p>\n","protected":false},"featured_media":159866,"template":"","meta":[],"product_brand":[],"product_cat":[6146],"product_tag":[],"class_list":{"0":"post-185361","1":"product","2":"type-product","3":"status-publish","4":"has-post-thumbnail","6":"product_cat-aldeco-2-es","7":"pa_cleanability-8283","8":"pa_composition-ext-100-pl-es","9":"pa_interior-fabrics-1-es","10":"pa_line-telas","11":"pa_lithfastness-4-es","12":"pa_outdoor-0-es","13":"pa_range-terciopelo","14":"pa_rapport-horizontal-5-es","15":"pa_rapport-vertical-5-es","16":"pa_special-treatments-fabrics-1-es","19":"first","20":"instock","21":"purchasable","22":"product-type-variable"},"acf":[],"_links":{"self":[{"href":"https:\/\/staging.aldeco.pt\/es\/wp-json\/wp\/v2\/product\/185361","targetHints":{"allow":["GET"]}}],"collection":[{"href":"https:\/\/staging.aldeco.pt\/es\/wp-json\/wp\/v2\/product"}],"about":[{"href":"https:\/\/staging.aldeco.pt\/es\/wp-json\/wp\/v2\/types\/product"}],"version-history":[{"count":2,"href":"https:\/\/staging.aldeco.pt\/es\/wp-json\/wp\/v2\/product\/185361\/revisions"}],"predecessor-version":[{"id":203490,"href":"https:\/\/staging.aldeco.pt\/es\/wp-json\/wp\/v2\/product\/185361\/revisions\/203490"}],"wp:featuredmedia":[{"embeddable":true,"href":"https:\/\/staging.aldeco.pt\/es\/wp-json\/wp\/v2\/media\/159866"}],"wp:attachment":[{"href":"https:\/\/staging.aldeco.pt\/es\/wp-json\/wp\/v2\/media?parent=185361"}],"wp:term":[{"taxonomy":"product_brand","embeddable":true,"href":"https:\/\/staging.aldeco.pt\/es\/wp-json\/wp\/v2\/product_brand?post=185361"},{"taxonomy":"product_cat","embeddable":true,"href":"https:\/\/staging.aldeco.pt\/es\/wp-json\/wp\/v2\/product_cat?post=185361"},{"taxonomy":"product_tag","embeddable":true,"href":"https:\/\/staging.aldeco.pt\/es\/wp-json\/wp\/v2\/product_tag?post=185361"}],"curies":[{"name":"wp","href":"https:\/\/api.w.org\/{rel}","templated":true}]}}