{"id":185238,"date":"2024-05-09T21:21:47","date_gmt":"2024-05-09T21:21:47","guid":{"rendered":"https:\/\/aldeco.pt\/staging\/product\/plainting\/"},"modified":"2024-10-02T10:49:24","modified_gmt":"2024-10-02T10:49:24","slug":"plainting","status":"publish","type":"product","link":"https:\/\/staging.aldeco.pt\/es\/product\/plainting\/","title":{"rendered":"PLAINTING"},"content":{"rendered":"<p>Es una tela Jacquard con un patr\u00f3n como Pied de Coq con un efecto de patchwork muy din\u00e1mico y divertido. Esta tela es adecuada para tapicer\u00eda y decoraci\u00f3n y est\u00e1 disponible en 3 colores audaces.<\/p>\n","protected":false},"excerpt":{"rendered":"<p>Es una tela Jacquard con un patr\u00f3n como Pied de Coq con un efecto de patchwork muy din\u00e1mico y divertido. Esta tela es adecuada para tapicer\u00eda y decoraci\u00f3n y est\u00e1 disponible en 3 colores audaces.<\/p>\n<h2>Plainting es una tela Jacquard con un patr\u00f3n como Pied de Coq con un efecto de patchwork muy din\u00e1mico y divertido. Esta tela es adecuada para tapicer\u00eda y decoraci\u00f3n y est\u00e1 disponible en 3 colores audaces.<\/h2>\n<p><img fetchpriority=\"high\" decoding=\"async\" class=\"alignnone wp-image-188505 size-medium\" src=\"https:\/\/aldeco.pt\/staging\/wp-content\/uploads\/2024\/03\/T018990001-300x240.jpg\" alt=\"Plainting - Aldeco\" width=\"300\" height=\"240\" \/><\/p>\n<p><a href=\"https:\/\/aldeco.pt\/staging\/product\/plainting\/?attribute_pa_aldeco-color=01-denim-blue\">https:\/\/aldeco.pt\/staging\/product\/plainting\/?attribute_pa_aldeco-color=01-denim-blue<\/a><\/p>\n<p><a href=\"https:\/\/www.instagram.com\/aldeco_interiorfabrics\/\">https:\/\/www.instagram.com\/aldeco_interiorfabrics\/<\/a><\/p>\n<p>&nbsp;<\/p>\n","protected":false},"featured_media":159777,"template":"","meta":[],"product_brand":[],"product_cat":[6146],"product_tag":[],"class_list":{"0":"post-185238","1":"product","2":"type-product","3":"status-publish","4":"has-post-thumbnail","6":"product_cat-aldeco-2-es","7":"pa_cleanability-8283","8":"pa_composition-ext-base-100-co-es","9":"pa_interior-fabrics-1-es","10":"pa_line-telas","11":"pa_lithfastness-4-5-es","12":"pa_outdoor-0-es","13":"pa_range-jacquard-es","14":"pa_rapport-horizontal-4-5-es","15":"pa_rapport-vertical-4-5-es","18":"first","19":"instock","20":"purchasable","21":"product-type-variable"},"acf":[],"_links":{"self":[{"href":"https:\/\/staging.aldeco.pt\/es\/wp-json\/wp\/v2\/product\/185238","targetHints":{"allow":["GET"]}}],"collection":[{"href":"https:\/\/staging.aldeco.pt\/es\/wp-json\/wp\/v2\/product"}],"about":[{"href":"https:\/\/staging.aldeco.pt\/es\/wp-json\/wp\/v2\/types\/product"}],"version-history":[{"count":3,"href":"https:\/\/staging.aldeco.pt\/es\/wp-json\/wp\/v2\/product\/185238\/revisions"}],"predecessor-version":[{"id":201813,"href":"https:\/\/staging.aldeco.pt\/es\/wp-json\/wp\/v2\/product\/185238\/revisions\/201813"}],"wp:featuredmedia":[{"embeddable":true,"href":"https:\/\/staging.aldeco.pt\/es\/wp-json\/wp\/v2\/media\/159777"}],"wp:attachment":[{"href":"https:\/\/staging.aldeco.pt\/es\/wp-json\/wp\/v2\/media?parent=185238"}],"wp:term":[{"taxonomy":"product_brand","embeddable":true,"href":"https:\/\/staging.aldeco.pt\/es\/wp-json\/wp\/v2\/product_brand?post=185238"},{"taxonomy":"product_cat","embeddable":true,"href":"https:\/\/staging.aldeco.pt\/es\/wp-json\/wp\/v2\/product_cat?post=185238"},{"taxonomy":"product_tag","embeddable":true,"href":"https:\/\/staging.aldeco.pt\/es\/wp-json\/wp\/v2\/product_tag?post=185238"}],"curies":[{"name":"wp","href":"https:\/\/api.w.org\/{rel}","templated":true}]}}