{"id":185163,"date":"2024-05-09T21:22:44","date_gmt":"2024-05-09T21:22:44","guid":{"rendered":"https:\/\/aldeco.pt\/staging\/product\/portofino-fr\/"},"modified":"2024-10-02T15:41:30","modified_gmt":"2024-10-02T15:41:30","slug":"portofino-fr","status":"publish","type":"product","link":"https:\/\/staging.aldeco.pt\/es\/product\/portofino-fr\/","title":{"rendered":"PORTOFINO FR"},"content":{"rendered":"<p>Portofino es un hermoso terciopelo con alta resistencia a la abrasi\u00f3n, perfecto para cada proyecto y contrato. Disponible en 35 hermosos colores y es adecuado no solo para decoraci\u00f3n, sino tambi\u00e9n para tapicer\u00eda de alta resistenci Cumple con varios certificados retardantes de fuego y es retardante de llama seg\u00fan las normas de diferentes pa\u00edses.<\/p>\n","protected":false},"excerpt":{"rendered":"<p>Portofino es un hermoso terciopelo con alta resistencia a la abrasi\u00f3n, perfecto para cada proyecto y contrato. Disponible en 35 hermosos colores y es adecuado no solo para decoraci\u00f3n, sino tambi\u00e9n para tapicer\u00eda de alta resistenci Cumple con varios certificados retardantes de fuego y es retardante de llama seg\u00fan las normas de diferentes pa\u00edses.<\/p>\n<h2>Portofino es un hermoso terciopelo con alta resistencia a la abrasi\u00f3n, perfecto para cada proyecto y contrato. Disponible en 35 hermosos colores y es adecuado no solo para decoraci\u00f3n, sino tambi\u00e9n para tapicer\u00eda de alta resistenci Cumple con varios certificados retardantes de fuego y es retardante de llama seg\u00fan las normas de diferentes pa\u00edses.<\/h2>\n<p><img fetchpriority=\"high\" decoding=\"async\" class=\"alignnone wp-image-188527 size-medium\" src=\"https:\/\/aldeco.pt\/staging\/wp-content\/uploads\/2024\/03\/T019430001-300x240.jpg\" alt=\"Portofino FR - Aldeco\" width=\"300\" height=\"240\" \/><\/p>\n<p><a href=\"https:\/\/www.instagram.com\/aldeco_interiorfabrics\/\">https:\/\/www.instagram.com\/aldeco_interiorfabrics\/<\/a><\/p>\n<p><a href=\"https:\/\/aldeco.pt\/staging\/product\/portofino-fr\/?attribute_pa_aldeco-color=1\">https:\/\/aldeco.pt\/staging\/product\/portofino-fr\/?attribute_pa_aldeco-color=1<\/a><\/p>\n<p>&nbsp;<\/p>\n","protected":false},"featured_media":156397,"template":"","meta":[],"product_brand":[],"product_cat":[6146],"product_tag":[],"class_list":{"0":"post-185163","1":"product","2":"type-product","3":"status-publish","4":"has-post-thumbnail","6":"product_cat-aldeco-2-es","7":"pa_cleanability-8283","8":"pa_composition-ext-100-pl-trevira-cs-es","9":"pa_contract-fabrics-1-es","10":"pa_interior-fabrics-1-es","11":"pa_line-telas","12":"pa_lithfastness-5-6-es","13":"pa_outdoor-0-es","14":"pa_range-terciopelo","17":"first","18":"instock","19":"purchasable","20":"product-type-variable"},"acf":[],"_links":{"self":[{"href":"https:\/\/staging.aldeco.pt\/es\/wp-json\/wp\/v2\/product\/185163","targetHints":{"allow":["GET"]}}],"collection":[{"href":"https:\/\/staging.aldeco.pt\/es\/wp-json\/wp\/v2\/product"}],"about":[{"href":"https:\/\/staging.aldeco.pt\/es\/wp-json\/wp\/v2\/types\/product"}],"version-history":[{"count":2,"href":"https:\/\/staging.aldeco.pt\/es\/wp-json\/wp\/v2\/product\/185163\/revisions"}],"predecessor-version":[{"id":201872,"href":"https:\/\/staging.aldeco.pt\/es\/wp-json\/wp\/v2\/product\/185163\/revisions\/201872"}],"wp:featuredmedia":[{"embeddable":true,"href":"https:\/\/staging.aldeco.pt\/es\/wp-json\/wp\/v2\/media\/156397"}],"wp:attachment":[{"href":"https:\/\/staging.aldeco.pt\/es\/wp-json\/wp\/v2\/media?parent=185163"}],"wp:term":[{"taxonomy":"product_brand","embeddable":true,"href":"https:\/\/staging.aldeco.pt\/es\/wp-json\/wp\/v2\/product_brand?post=185163"},{"taxonomy":"product_cat","embeddable":true,"href":"https:\/\/staging.aldeco.pt\/es\/wp-json\/wp\/v2\/product_cat?post=185163"},{"taxonomy":"product_tag","embeddable":true,"href":"https:\/\/staging.aldeco.pt\/es\/wp-json\/wp\/v2\/product_tag?post=185163"}],"curies":[{"name":"wp","href":"https:\/\/api.w.org\/{rel}","templated":true}]}}