{"id":185162,"date":"2024-05-09T21:22:31","date_gmt":"2024-05-09T21:22:31","guid":{"rendered":"https:\/\/aldeco.pt\/staging\/product\/pop-art\/"},"modified":"2024-09-20T13:45:53","modified_gmt":"2024-09-20T13:45:53","slug":"pop-art","status":"publish","type":"product","link":"https:\/\/staging.aldeco.pt\/es\/product\/pop-art\/","title":{"rendered":"POP ART"},"content":{"rendered":"<p>Inspirado en el movimiento art\u00edstico del Pop Art, se cre\u00f3 este tejido bordado a base de algod\u00f3n. Con la repetici\u00f3n de gafas bordadas de una manera divertida, este tejido para tapicer\u00eda ligera, decoraci\u00f3n y cortinas est\u00e1 disponible en dos colores.<\/p>\n","protected":false},"excerpt":{"rendered":"<p>Inspirado en el movimiento art\u00edstico del Pop Art, se cre\u00f3 este tejido bordado a base de algod\u00f3n. Con la repetici\u00f3n de gafas bordadas de una manera divertida, este tejido para tapicer\u00eda ligera, decoraci\u00f3n y cortinas est\u00e1 disponible en dos colores.<\/p>\n<h2>Pop Art, se cre\u00f3 esta tela bordada a base de algod\u00f3n Con la repetici\u00f3n de gafas bordadas de una manera divertida, este tejido para tapicer\u00eda ligera, decoraci\u00f3n y cortinas est\u00e1 disponible en dos colores.<\/h2>\n<p><img fetchpriority=\"high\" decoding=\"async\" class=\"alignnone wp-image-188521 size-medium\" src=\"https:\/\/aldeco.pt\/staging\/wp-content\/uploads\/2024\/03\/T018390002-300x281.jpg\" alt=\"Pop Art - Aldeco\" width=\"300\" height=\"281\" \/><\/p>\n<p><a href=\"https:\/\/www.instagram.com\/aldeco_interiorfabrics\/\">https:\/\/www.instagram.com\/aldeco_interiorfabrics\/<\/a><\/p>\n<p><a href=\"https:\/\/aldeco.pt\/staging\/product\/pop-art\/?attribute_pa_aldeco-color=1-tropical-vintage-colours\">https:\/\/aldeco.pt\/staging\/product\/pop-art\/?attribute_pa_aldeco-color=1-tropical-vintage-colours<\/a><\/p>\n<p>&nbsp;<\/p>\n","protected":false},"featured_media":132183,"template":"","meta":[],"product_brand":[],"product_cat":[6146],"product_tag":[],"class_list":{"0":"post-185162","1":"product","2":"type-product","3":"status-publish","4":"has-post-thumbnail","6":"product_cat-aldeco-2-es","7":"pa_cleanability-8283","8":"pa_composition-ext-100-co-es","9":"pa_interior-fabrics-1-es","10":"pa_line-telas","11":"pa_lithfastness-3-es","12":"pa_outdoor-0-es","13":"pa_range-bordado-es","14":"pa_rapport-horizontal-33-es","15":"pa_rapport-vertical-23-es","18":"first","19":"instock","20":"purchasable","21":"product-type-variable"},"acf":[],"_links":{"self":[{"href":"https:\/\/staging.aldeco.pt\/es\/wp-json\/wp\/v2\/product\/185162","targetHints":{"allow":["GET"]}}],"collection":[{"href":"https:\/\/staging.aldeco.pt\/es\/wp-json\/wp\/v2\/product"}],"about":[{"href":"https:\/\/staging.aldeco.pt\/es\/wp-json\/wp\/v2\/types\/product"}],"version-history":[{"count":2,"href":"https:\/\/staging.aldeco.pt\/es\/wp-json\/wp\/v2\/product\/185162\/revisions"}],"predecessor-version":[{"id":200712,"href":"https:\/\/staging.aldeco.pt\/es\/wp-json\/wp\/v2\/product\/185162\/revisions\/200712"}],"wp:featuredmedia":[{"embeddable":true,"href":"https:\/\/staging.aldeco.pt\/es\/wp-json\/wp\/v2\/media\/132183"}],"wp:attachment":[{"href":"https:\/\/staging.aldeco.pt\/es\/wp-json\/wp\/v2\/media?parent=185162"}],"wp:term":[{"taxonomy":"product_brand","embeddable":true,"href":"https:\/\/staging.aldeco.pt\/es\/wp-json\/wp\/v2\/product_brand?post=185162"},{"taxonomy":"product_cat","embeddable":true,"href":"https:\/\/staging.aldeco.pt\/es\/wp-json\/wp\/v2\/product_cat?post=185162"},{"taxonomy":"product_tag","embeddable":true,"href":"https:\/\/staging.aldeco.pt\/es\/wp-json\/wp\/v2\/product_tag?post=185162"}],"curies":[{"name":"wp","href":"https:\/\/api.w.org\/{rel}","templated":true}]}}