{"id":185106,"date":"2024-05-09T21:22:11","date_gmt":"2024-05-09T21:22:11","guid":{"rendered":"https:\/\/aldeco.pt\/staging\/product\/poke-fr\/"},"modified":"2024-10-09T11:48:25","modified_gmt":"2024-10-09T11:48:25","slug":"poke-fr","status":"publish","type":"product","link":"https:\/\/staging.aldeco.pt\/es\/product\/poke-fr\/","title":{"rendered":"POKE FR"},"content":{"rendered":"<p>POKE FR es una tela de chenilla jacquard de alta calidad, moderna y estructurada. Esta tela te\u00f1ida en hilo se teji\u00f3 en un telar jacquard para crear este aspecto especial de m\u00e1rmol. POKE FR es un tejido de tapicer\u00eda moderno y suave con una textura de chenilla. Esta calidad de tejido quedar\u00e1 genial para cualquier tipo de tapicer\u00eda.<\/p>\n","protected":false},"excerpt":{"rendered":"<p>POKE FR es una tela de chenilla jacquard de alta calidad, moderna y estructurada. Esta tela te\u00f1ida en hilo se teji\u00f3 en un telar jacquard para crear este aspecto especial de m\u00e1rmol. POKE FR es un tejido de tapicer\u00eda moderno y suave con una textura de chenilla. Esta calidad de tejido quedar\u00e1 genial para cualquier tipo de tapicer\u00eda.<\/p>\n<h2>POKE FR es una tela de chenilla jacquard de alta calidad, moderna y estructurada. Esta tela te\u00f1ida en hilo se teji\u00f3 en un telar jacquard para crear este aspecto especial de m\u00e1rmol.<\/h2>\n<p><img fetchpriority=\"high\" decoding=\"async\" class=\"alignnone wp-image-188516 size-medium\" src=\"https:\/\/aldeco.pt\/staging\/wp-content\/uploads\/2024\/01\/T192630001-4-300x200.jpg\" alt=\"Poke FR - Aldeco\" width=\"300\" height=\"200\" \/><\/p>\n<p><a href=\"https:\/\/www.instagram.com\/aldeco_interiorfabrics\/\">https:\/\/www.instagram.com\/aldeco_interiorfabrics\/<\/a><\/p>\n<p><a href=\"https:\/\/aldeco.pt\/staging\/product\/poke-fr\/?attribute_pa_aldeco-color=01-cream\">https:\/\/aldeco.pt\/staging\/product\/poke-fr\/?attribute_pa_aldeco-color=01-cream<\/a><\/p>\n","protected":false},"featured_media":156393,"template":"","meta":[],"product_brand":[],"product_cat":[6154],"product_tag":[],"class_list":{"0":"post-185106","1":"product","2":"type-product","3":"status-publish","4":"has-post-thumbnail","6":"product_cat-aldeco-smarter-es","7":"pa_cleanability-8283","8":"pa_composition-ext-100-pl-es","9":"pa_contract-fabrics-1-es","10":"pa_interior-fabrics-1-es","11":"pa_line-telas","12":"pa_lithfastness-5-es","13":"pa_outdoor-0-es","14":"pa_range-chenilla","15":"pa_range-jacquard-es","16":"pa_special-treatments-fabrics-1-es","19":"first","20":"instock","21":"purchasable","22":"product-type-variable"},"acf":[],"_links":{"self":[{"href":"https:\/\/staging.aldeco.pt\/es\/wp-json\/wp\/v2\/product\/185106","targetHints":{"allow":["GET"]}}],"collection":[{"href":"https:\/\/staging.aldeco.pt\/es\/wp-json\/wp\/v2\/product"}],"about":[{"href":"https:\/\/staging.aldeco.pt\/es\/wp-json\/wp\/v2\/types\/product"}],"version-history":[{"count":2,"href":"https:\/\/staging.aldeco.pt\/es\/wp-json\/wp\/v2\/product\/185106\/revisions"}],"predecessor-version":[{"id":203547,"href":"https:\/\/staging.aldeco.pt\/es\/wp-json\/wp\/v2\/product\/185106\/revisions\/203547"}],"wp:featuredmedia":[{"embeddable":true,"href":"https:\/\/staging.aldeco.pt\/es\/wp-json\/wp\/v2\/media\/156393"}],"wp:attachment":[{"href":"https:\/\/staging.aldeco.pt\/es\/wp-json\/wp\/v2\/media?parent=185106"}],"wp:term":[{"taxonomy":"product_brand","embeddable":true,"href":"https:\/\/staging.aldeco.pt\/es\/wp-json\/wp\/v2\/product_brand?post=185106"},{"taxonomy":"product_cat","embeddable":true,"href":"https:\/\/staging.aldeco.pt\/es\/wp-json\/wp\/v2\/product_cat?post=185106"},{"taxonomy":"product_tag","embeddable":true,"href":"https:\/\/staging.aldeco.pt\/es\/wp-json\/wp\/v2\/product_tag?post=185106"}],"curies":[{"name":"wp","href":"https:\/\/api.w.org\/{rel}","templated":true}]}}