{"id":185104,"date":"2024-05-09T21:17:34","date_gmt":"2024-05-09T21:17:34","guid":{"rendered":"https:\/\/aldeco.pt\/staging\/product\/paganini-fr\/"},"modified":"2024-10-03T09:24:49","modified_gmt":"2024-10-03T09:24:49","slug":"paganini-fr","status":"publish","type":"product","link":"https:\/\/staging.aldeco.pt\/es\/product\/paganini-fr\/","title":{"rendered":"PAGANINI FR"},"content":{"rendered":"<p>Esta tela de tapicer\u00eda es una atractiva tela te\u00f1ida en pieza con aspecto natural. Doble tejido y doble te\u00f1ido, Paganini aporta este plus en apariencia y tacto, combinado con un toque de viscosa y lino, que aporta elegancia. Tiene la certificaci\u00f3n OEKO-TEX Standard 100, no contiene sustancias perjudiciales para el medio ambiente. Tiene varias certificaciones retardantes de fuego y est\u00e1 parcialmente compuesta de fibras recicladas de botellas de pl\u00e1stico y residuos de producci\u00f3n. Est\u00e1 disponible en 20 colores.<\/p>\n","protected":false},"excerpt":{"rendered":"<p>Esta tela de tapicer\u00eda es una atractiva tela te\u00f1ida en pieza con aspecto natural. Doble tejido y doble te\u00f1ido, Paganini aporta este plus en apariencia y tacto, combinado con un toque de viscosa y lino, que aporta elegancia. Tiene la certificaci\u00f3n OEKO-TEX Standard 100, no contiene sustancias perjudiciales para el medio ambiente. Tiene varias certificaciones retardantes de fuego y est\u00e1 parcialmente compuesta de fibras recicladas de botellas de pl\u00e1stico y residuos de producci\u00f3n. Est\u00e1 disponible en 20 colores.<\/p>\n<h2>Paganini FR, esta tela de tapicer\u00eda es una atractiva tela te\u00f1ida en pieza con aspecto natural.<\/h2>\n<p><img fetchpriority=\"high\" decoding=\"async\" class=\"alignnone wp-image-89573 size-medium\" src=\"https:\/\/aldeco.pt\/staging\/wp-content\/uploads\/2024\/01\/T019400016-3-300x300.jpg\" alt=\"Paganini FR - Aldeco\" width=\"300\" height=\"300\" \/><\/p>\n<p><a href=\"https:\/\/www.instagram.com\/aldeco_interiorfabrics\/\">https:\/\/www.instagram.com\/aldeco_interiorfabrics\/<\/a><\/p>\n<p><a href=\"https:\/\/aldeco.pt\/staging\/product\/paganini-fr\/?attribute_pa_aldeco-color=5\">https:\/\/aldeco.pt\/staging\/product\/paganini-fr\/?attribute_pa_aldeco-color=5<\/a><\/p>\n","protected":false},"featured_media":75736,"template":"","meta":[],"product_brand":[],"product_cat":[6146],"product_tag":[],"class_list":{"0":"post-185104","1":"product","2":"type-product","3":"status-publish","4":"has-post-thumbnail","6":"product_cat-aldeco-2-es","7":"pa_cleanability-8283","8":"pa_composition-ext-55-pes-20-cv-15-co-10-li-es","9":"pa_contract-fabrics-1-es","10":"pa_interior-fabrics-1-es","11":"pa_line-telas","12":"pa_lithfastness-4-5-es","13":"pa_outdoor-0-es","14":"pa_range-tintado-en-pieza","15":"pa_sustainable-fabrics-1-es","18":"first","19":"instock","20":"purchasable","21":"product-type-variable"},"acf":[],"_links":{"self":[{"href":"https:\/\/staging.aldeco.pt\/es\/wp-json\/wp\/v2\/product\/185104","targetHints":{"allow":["GET"]}}],"collection":[{"href":"https:\/\/staging.aldeco.pt\/es\/wp-json\/wp\/v2\/product"}],"about":[{"href":"https:\/\/staging.aldeco.pt\/es\/wp-json\/wp\/v2\/types\/product"}],"version-history":[{"count":2,"href":"https:\/\/staging.aldeco.pt\/es\/wp-json\/wp\/v2\/product\/185104\/revisions"}],"predecessor-version":[{"id":201933,"href":"https:\/\/staging.aldeco.pt\/es\/wp-json\/wp\/v2\/product\/185104\/revisions\/201933"}],"wp:featuredmedia":[{"embeddable":true,"href":"https:\/\/staging.aldeco.pt\/es\/wp-json\/wp\/v2\/media\/75736"}],"wp:attachment":[{"href":"https:\/\/staging.aldeco.pt\/es\/wp-json\/wp\/v2\/media?parent=185104"}],"wp:term":[{"taxonomy":"product_brand","embeddable":true,"href":"https:\/\/staging.aldeco.pt\/es\/wp-json\/wp\/v2\/product_brand?post=185104"},{"taxonomy":"product_cat","embeddable":true,"href":"https:\/\/staging.aldeco.pt\/es\/wp-json\/wp\/v2\/product_cat?post=185104"},{"taxonomy":"product_tag","embeddable":true,"href":"https:\/\/staging.aldeco.pt\/es\/wp-json\/wp\/v2\/product_tag?post=185104"}],"curies":[{"name":"wp","href":"https:\/\/api.w.org\/{rel}","templated":true}]}}