{"id":185103,"date":"2024-05-09T21:20:35","date_gmt":"2024-05-09T21:20:35","guid":{"rendered":"https:\/\/aldeco.pt\/staging\/product\/patties\/"},"modified":"2024-09-25T08:42:09","modified_gmt":"2024-09-25T08:42:09","slug":"patties","status":"publish","type":"product","link":"https:\/\/staging.aldeco.pt\/es\/product\/patties\/","title":{"rendered":"PATTIES"},"content":{"rendered":"<p>Es una tela decorativa de aspecto divertido compuesta por una base de lino con la aplicaci\u00f3n de elementos circulares en algod\u00f3n impreso. Estos c\u00edrculos coloridos tipo confeti o centros de donas glaseadas superpuestas le dan tridimensionalidad, por lo que tienen el aspecto ideal para espacios dise\u00f1ados para ni\u00f1os Aunque est\u00e1 disponible en un solo color, como es multicolor, es f\u00e1cil de combinar con otros elementos decorativos, es ideal para accesorios como colchas, cojines y cortinas.<\/p>\n","protected":false},"excerpt":{"rendered":"<p>Es una tela decorativa de aspecto divertido compuesta por una base de lino con la aplicaci\u00f3n de elementos circulares en algod\u00f3n impreso. Estos c\u00edrculos coloridos tipo confeti o centros de donas glaseadas superpuestas le dan tridimensionalidad, por lo que tienen el aspecto ideal para espacios dise\u00f1ados para ni\u00f1os Aunque est\u00e1 disponible en un solo color, como es multicolor, es f\u00e1cil de combinar con otros elementos decorativos, es ideal para accesorios como colchas, cojines y cortinas. <\/p>\n<h2>Patties es una tela decorativa de aspecto divertido compuesta por una base de lino con la aplicaci\u00f3n de elementos circulares en algod\u00f3n impreso.<\/h2>\n<p><img fetchpriority=\"high\" decoding=\"async\" class=\"alignnone size-medium wp-image-188179\" src=\"https:\/\/aldeco.pt\/staging\/wp-content\/uploads\/2024\/05\/T019060001-300x240.jpg\" alt=\"\" width=\"300\" height=\"240\"><\/p>\n<p><a href=\"https:\/\/www.instagram.com\/aldeco_interiorfabrics\/\">https:\/\/www.instagram.com\/aldeco_interiorfabrics\/<\/a><a href=\"https:\/\/aldeco.pt\/staging\/product\/patties\/?attribute_pa_aldeco-color=01-happy-party\">https:\/\/aldeco.pt\/staging\/product\/patties\/?attribute_pa_aldeco-color=01-happy-party<\/a><\/p>\n","protected":false},"featured_media":159758,"template":"","meta":[],"product_brand":[],"product_cat":[6146],"product_tag":[],"class_list":{"0":"post-185103","1":"product","2":"type-product","3":"status-publish","4":"has-post-thumbnail","6":"product_cat-aldeco-2-es","7":"pa_cleanability-8283","8":"pa_composition-ext-base-100-li-app-100-co-es","9":"pa_interior-fabrics-1-es","10":"pa_line-telas","11":"pa_lithfastness-9681","12":"pa_outdoor-0-es","13":"pa_range-embossed-es","14":"pa_rapport-horizontal-21-es","15":"pa_rapport-vertical-12-es","18":"first","19":"instock","20":"purchasable","21":"product-type-variable"},"acf":[],"_links":{"self":[{"href":"https:\/\/staging.aldeco.pt\/es\/wp-json\/wp\/v2\/product\/185103","targetHints":{"allow":["GET"]}}],"collection":[{"href":"https:\/\/staging.aldeco.pt\/es\/wp-json\/wp\/v2\/product"}],"about":[{"href":"https:\/\/staging.aldeco.pt\/es\/wp-json\/wp\/v2\/types\/product"}],"version-history":[{"count":2,"href":"https:\/\/staging.aldeco.pt\/es\/wp-json\/wp\/v2\/product\/185103\/revisions"}],"predecessor-version":[{"id":200802,"href":"https:\/\/staging.aldeco.pt\/es\/wp-json\/wp\/v2\/product\/185103\/revisions\/200802"}],"wp:featuredmedia":[{"embeddable":true,"href":"https:\/\/staging.aldeco.pt\/es\/wp-json\/wp\/v2\/media\/159758"}],"wp:attachment":[{"href":"https:\/\/staging.aldeco.pt\/es\/wp-json\/wp\/v2\/media?parent=185103"}],"wp:term":[{"taxonomy":"product_brand","embeddable":true,"href":"https:\/\/staging.aldeco.pt\/es\/wp-json\/wp\/v2\/product_brand?post=185103"},{"taxonomy":"product_cat","embeddable":true,"href":"https:\/\/staging.aldeco.pt\/es\/wp-json\/wp\/v2\/product_cat?post=185103"},{"taxonomy":"product_tag","embeddable":true,"href":"https:\/\/staging.aldeco.pt\/es\/wp-json\/wp\/v2\/product_tag?post=185103"}],"curies":[{"name":"wp","href":"https:\/\/api.w.org\/{rel}","templated":true}]}}