{"id":185042,"date":"2024-05-09T21:20:40","date_gmt":"2024-05-09T21:20:40","guid":{"rendered":"https:\/\/aldeco.pt\/staging\/product\/paysage-de-reve\/"},"modified":"2024-10-08T16:02:45","modified_gmt":"2024-10-08T16:02:45","slug":"paysage-de-reve","status":"publish","type":"product","link":"https:\/\/staging.aldeco.pt\/es\/product\/paysage-de-reve\/","title":{"rendered":"PAYSAGE DE R\u00caVE"},"content":{"rendered":"<p>PAYSAGE DE R\u00caVE es un tejido de algod\u00f3n estampado con un aspecto de lino muy natural. nspirado en los paisajes de la Polinesia Francesa y la obra de Gaugin, con el uso de colores s\u00f3lidos sobre un fondo degradado.<br \/>\nLa flora presente es ex\u00f3tica con hojas grandes y trazos limpios, casi como un toile de jouy.<\/p>\n","protected":false},"excerpt":{"rendered":"<p>PAYSAGE DE R\u00caVE es un tejido de algod\u00f3n estampado con un aspecto de lino muy natural. nspirado en los paisajes de la Polinesia Francesa y la obra de Gaugin, con el uso de colores s\u00f3lidos sobre un fondo degradado.<br \/>\nLa flora presente es ex\u00f3tica con hojas grandes y trazos limpios, casi como un toile de jouy.<\/p>\n<h2>PAYSAGE DE R\u00caVE es un tejido de algod\u00f3n estampado con un aspecto de lino muy natural. nspirado en los paisajes de la Polinesia Francesa y la obra de Gaugin, con el uso de colores s\u00f3lidos sobre un fondo degradado.<br \/>\nLa flora presente es ex\u00f3tica con hojas grandes y trazos limpios, casi como un toile de jouy.<\/h2>\n<p><img fetchpriority=\"high\" decoding=\"async\" class=\"alignnone wp-image-188184 size-medium\" src=\"https:\/\/aldeco.pt\/staging\/wp-content\/uploads\/2024\/01\/T192580001-2-300x200.jpg\" alt=\"Paysage de R\u00eave - Aldeco\" width=\"300\" height=\"200\" \/><\/p>\n<p><a href=\"https:\/\/www.instagram.com\/aldeco_interiorfabrics\/\">https:\/\/www.instagram.com\/aldeco_interiorfabrics\/<\/a><\/p>\n<p><a href=\"https:\/\/aldeco.pt\/staging\/product\/paysage-de-reve\/?attribute_pa_aldeco-color=01-linen-garden\">https:\/\/aldeco.pt\/staging\/product\/paysage-de-reve\/?attribute_pa_aldeco-color=01-linen-garden<\/a><\/p>\n","protected":false},"featured_media":159762,"template":"","meta":[],"product_brand":[],"product_cat":[6146],"product_tag":[],"class_list":{"0":"post-185042","1":"product","2":"type-product","3":"status-publish","4":"has-post-thumbnail","6":"product_cat-aldeco-2-es","7":"pa_cleanability-8283","8":"pa_composition-ext-100-co-es","9":"pa_interior-fabrics-1-es","10":"pa_line-telas","11":"pa_lithfastness-9681","12":"pa_outdoor-0-es","13":"pa_range-estampado-es","14":"pa_rapport-horizontal-66-es","15":"pa_rapport-vertical-61-5-es","18":"first","19":"instock","20":"purchasable","21":"product-type-variable"},"acf":[],"_links":{"self":[{"href":"https:\/\/staging.aldeco.pt\/es\/wp-json\/wp\/v2\/product\/185042","targetHints":{"allow":["GET"]}}],"collection":[{"href":"https:\/\/staging.aldeco.pt\/es\/wp-json\/wp\/v2\/product"}],"about":[{"href":"https:\/\/staging.aldeco.pt\/es\/wp-json\/wp\/v2\/types\/product"}],"version-history":[{"count":2,"href":"https:\/\/staging.aldeco.pt\/es\/wp-json\/wp\/v2\/product\/185042\/revisions"}],"predecessor-version":[{"id":202241,"href":"https:\/\/staging.aldeco.pt\/es\/wp-json\/wp\/v2\/product\/185042\/revisions\/202241"}],"wp:featuredmedia":[{"embeddable":true,"href":"https:\/\/staging.aldeco.pt\/es\/wp-json\/wp\/v2\/media\/159762"}],"wp:attachment":[{"href":"https:\/\/staging.aldeco.pt\/es\/wp-json\/wp\/v2\/media?parent=185042"}],"wp:term":[{"taxonomy":"product_brand","embeddable":true,"href":"https:\/\/staging.aldeco.pt\/es\/wp-json\/wp\/v2\/product_brand?post=185042"},{"taxonomy":"product_cat","embeddable":true,"href":"https:\/\/staging.aldeco.pt\/es\/wp-json\/wp\/v2\/product_cat?post=185042"},{"taxonomy":"product_tag","embeddable":true,"href":"https:\/\/staging.aldeco.pt\/es\/wp-json\/wp\/v2\/product_tag?post=185042"}],"curies":[{"name":"wp","href":"https:\/\/api.w.org\/{rel}","templated":true}]}}