{"id":185041,"date":"2024-05-09T21:18:26","date_gmt":"2024-05-09T21:18:26","guid":{"rendered":"https:\/\/aldeco.pt\/staging\/product\/palm-leaves\/"},"modified":"2024-09-19T16:42:46","modified_gmt":"2024-09-19T16:42:46","slug":"palm-leaves","status":"publish","type":"product","link":"https:\/\/staging.aldeco.pt\/es\/product\/palm-leaves\/","title":{"rendered":"PALM LEAVES"},"content":{"rendered":"<p>Deja que lo tropical entre en tu hogar con este fant\u00e1stico dise\u00f1o compuesto por enormes hojas de palma en una tela de jacquard de 300 cm de ancho y una ca\u00edda fant\u00e1stica. Disponible en 4 colores imprescindibles.<\/p>\n","protected":false},"excerpt":{"rendered":"<p>Deja que lo tropical entre en tu hogar con este fant\u00e1stico dise\u00f1o compuesto por enormes hojas de palma en una tela de jacquard de 300 cm de ancho y una ca\u00edda fant\u00e1stica. Disponible en 4 colores imprescindibles.<\/p>\n<h2>Palm Leaves deja que lo tropical entre en tu hogar con este fant\u00e1stico dise\u00f1o compuesto por enormes hojas de palma en una tela de jacquard de 300 cm de ancho y una ca\u00edda fant\u00e1stica. Disponible en 4 colores imprescindibles.<\/h2>\n<p><img fetchpriority=\"high\" decoding=\"async\" class=\"alignnone wp-image-188146 size-medium\" src=\"https:\/\/aldeco.pt\/staging\/wp-content\/uploads\/2024\/01\/T190570001-5-300x200.jpg\" alt=\"Palm Leaves - Aldeco\" width=\"300\" height=\"200\" \/><\/p>\n<p><a href=\"https:\/\/www.instagram.com\/aldeco_interiorfabrics\/\">https:\/\/www.instagram.com\/aldeco_interiorfabrics\/<\/a><\/p>\n<p><a href=\"https:\/\/aldeco.pt\/staging\/es\/product\/palm-leaves\/?attribute_pa_aldeco-color=01-greige-es\">https:\/\/aldeco.pt\/staging\/es\/product\/palm-leaves\/?attribute_pa_aldeco-color=01-greige-es<\/a><\/p>\n<p>&nbsp;<\/p>\n","protected":false},"featured_media":159727,"template":"","meta":[],"product_brand":[],"product_cat":[6146],"product_tag":[],"class_list":{"0":"post-185041","1":"product","2":"type-product","3":"status-publish","4":"has-post-thumbnail","6":"product_cat-aldeco-2-es","7":"pa_cleanability-8283","8":"pa_composition-ext-37-pl-21-li-8-co-34-cv-es","9":"pa_interior-fabrics-1-es","10":"pa_line-telas","11":"pa_lithfastness-4-es","12":"pa_outdoor-0-es","13":"pa_range-jacquard-es","14":"pa_rapport-horizontal-111-es","15":"pa_rapport-vertical-150-es","18":"first","19":"instock","20":"purchasable","21":"product-type-variable"},"acf":[],"_links":{"self":[{"href":"https:\/\/staging.aldeco.pt\/es\/wp-json\/wp\/v2\/product\/185041","targetHints":{"allow":["GET"]}}],"collection":[{"href":"https:\/\/staging.aldeco.pt\/es\/wp-json\/wp\/v2\/product"}],"about":[{"href":"https:\/\/staging.aldeco.pt\/es\/wp-json\/wp\/v2\/types\/product"}],"version-history":[{"count":2,"href":"https:\/\/staging.aldeco.pt\/es\/wp-json\/wp\/v2\/product\/185041\/revisions"}],"predecessor-version":[{"id":200696,"href":"https:\/\/staging.aldeco.pt\/es\/wp-json\/wp\/v2\/product\/185041\/revisions\/200696"}],"wp:featuredmedia":[{"embeddable":true,"href":"https:\/\/staging.aldeco.pt\/es\/wp-json\/wp\/v2\/media\/159727"}],"wp:attachment":[{"href":"https:\/\/staging.aldeco.pt\/es\/wp-json\/wp\/v2\/media?parent=185041"}],"wp:term":[{"taxonomy":"product_brand","embeddable":true,"href":"https:\/\/staging.aldeco.pt\/es\/wp-json\/wp\/v2\/product_brand?post=185041"},{"taxonomy":"product_cat","embeddable":true,"href":"https:\/\/staging.aldeco.pt\/es\/wp-json\/wp\/v2\/product_cat?post=185041"},{"taxonomy":"product_tag","embeddable":true,"href":"https:\/\/staging.aldeco.pt\/es\/wp-json\/wp\/v2\/product_tag?post=185041"}],"curies":[{"name":"wp","href":"https:\/\/api.w.org\/{rel}","templated":true}]}}