{"id":185023,"date":"2024-05-09T21:19:41","date_gmt":"2024-05-09T21:19:41","guid":{"rendered":"https:\/\/aldeco.pt\/staging\/product\/paradise-printed-velvet\/"},"modified":"2024-08-29T14:43:11","modified_gmt":"2024-08-29T14:43:11","slug":"paradise-printed-velvet","status":"publish","type":"product","link":"https:\/\/staging.aldeco.pt\/es\/product\/paradise-printed-velvet\/","title":{"rendered":"PARADISE PRINTED VELVET"},"content":{"rendered":"<p>Impresionante terciopelo jacquard que simula la textura que podemos encontrar en la naturaleza, como una hoja o musgo. Tela espectacular y sofisticada, con un m\u00e9todo de producci\u00f3n muy interesante. Tiene una base de jacquard y un mont\u00f3n de jacquard igualmente, presentando impresionantes matices de color y tonos en degradado.<\/p>\n","protected":false},"excerpt":{"rendered":"<p>Impresionante terciopelo jacquard que simula la textura que podemos encontrar en la naturaleza, como una hoja o musgo. Tela espectacular y sofisticada, con un m\u00e9todo de producci\u00f3n muy interesante. Tiene una base de jacquard y un mont\u00f3n de jacquard igualmente, presentando impresionantes matices de color y tonos en degradado.<\/p>\n<h2>Paradise Printed impresionante terciopelo jacquard que simula la textura que podemos encontrar en la naturaleza, como una hoja o musgo. Tela espectacular y sofisticada, con un m\u00e9todo de producci\u00f3n muy interesante. Tiene una base de jacquard y un mont\u00f3n de jacquard igualmente, presentando impresionantes matices de color y tonos en degradado.<\/h2>\n<p><img fetchpriority=\"high\" decoding=\"async\" class=\"alignnone wp-image-159752 size-medium\" src=\"https:\/\/aldeco.pt\/staging\/wp-content\/uploads\/2024\/05\/T019200003-300x240.jpg\" alt=\"Paradise Printed - Aldeco\" width=\"300\" height=\"240\"><\/p>\n<p><a href=\"https:\/\/www.instagram.com\/aldeco_interiorfabrics\/\">https:\/\/www.instagram.com\/aldeco_interiorfabrics\/<\/a><\/p>\n<p><a href=\"https:\/\/aldeco.pt\/staging\/product\/paradise-printed-velvet\/?attribute_pa_aldeco-color=01-light-cream-gray\">https:\/\/aldeco.pt\/staging\/product\/paradise-printed-velvet\/?attribute_pa_aldeco-color=01-light-cream-gray<\/a><\/p>\n<p>&nbsp;<\/p>\n<p>&nbsp;<\/p>\n","protected":false},"featured_media":76520,"template":"","meta":[],"product_brand":[],"product_cat":[6146],"product_tag":[],"class_list":{"0":"post-185023","1":"product","2":"type-product","3":"status-publish","4":"has-post-thumbnail","6":"product_cat-aldeco-2-es","7":"pa_cleanability-8283","8":"pa_composition-ext-55-co-38-vi-7-pl-es","9":"pa_interior-fabrics-1-es","10":"pa_line-telas","11":"pa_lithfastness-4-6-es","12":"pa_outdoor-0-es","13":"pa_range-estampado-es","14":"pa_range-jacquard-es","15":"pa_range-terciopelo","18":"first","19":"instock","20":"purchasable","21":"product-type-variable"},"acf":[],"_links":{"self":[{"href":"https:\/\/staging.aldeco.pt\/es\/wp-json\/wp\/v2\/product\/185023","targetHints":{"allow":["GET"]}}],"collection":[{"href":"https:\/\/staging.aldeco.pt\/es\/wp-json\/wp\/v2\/product"}],"about":[{"href":"https:\/\/staging.aldeco.pt\/es\/wp-json\/wp\/v2\/types\/product"}],"version-history":[{"count":1,"href":"https:\/\/staging.aldeco.pt\/es\/wp-json\/wp\/v2\/product\/185023\/revisions"}],"predecessor-version":[{"id":193680,"href":"https:\/\/staging.aldeco.pt\/es\/wp-json\/wp\/v2\/product\/185023\/revisions\/193680"}],"wp:featuredmedia":[{"embeddable":true,"href":"https:\/\/staging.aldeco.pt\/es\/wp-json\/wp\/v2\/media\/76520"}],"wp:attachment":[{"href":"https:\/\/staging.aldeco.pt\/es\/wp-json\/wp\/v2\/media?parent=185023"}],"wp:term":[{"taxonomy":"product_brand","embeddable":true,"href":"https:\/\/staging.aldeco.pt\/es\/wp-json\/wp\/v2\/product_brand?post=185023"},{"taxonomy":"product_cat","embeddable":true,"href":"https:\/\/staging.aldeco.pt\/es\/wp-json\/wp\/v2\/product_cat?post=185023"},{"taxonomy":"product_tag","embeddable":true,"href":"https:\/\/staging.aldeco.pt\/es\/wp-json\/wp\/v2\/product_tag?post=185023"}],"curies":[{"name":"wp","href":"https:\/\/api.w.org\/{rel}","templated":true}]}}