{"id":184987,"date":"2024-05-09T21:19:00","date_gmt":"2024-05-09T21:19:00","guid":{"rendered":"https:\/\/aldeco.pt\/staging\/product\/panamatrix-blackout-fr\/"},"modified":"2024-10-10T08:59:07","modified_gmt":"2024-10-10T08:59:07","slug":"panamatrix-blackout-fr","status":"publish","type":"product","link":"https:\/\/staging.aldeco.pt\/es\/product\/panamatrix-blackout-fr\/","title":{"rendered":"PANAMATRIX BLACKOUT FR"},"content":{"rendered":"<p>Panamatrix Blackout FR es una tela opaca ign\u00edfuga extremadamente vers\u00e1til. Est\u00e1 disponible en 10 colores, lo que la convierte en imprescindible para diferentes tipos de proyectos.<\/p>\n","protected":false},"excerpt":{"rendered":"<p>Panamatrix Blackout FR es una tela opaca ign\u00edfuga extremadamente vers\u00e1til. Est\u00e1 disponible en 10 colores, lo que la convierte en imprescindible para diferentes tipos de proyectos.<\/p>\n<h2>Panamatrix Blackout FR es una tela opaca ign\u00edfuga extremadamente vers\u00e1til. Est\u00e1 disponible en 10 colores, lo que la convierte en imprescindible para diferentes tipos de proyectos.<\/h2>\n<p><img fetchpriority=\"high\" decoding=\"async\" class=\"alignnone wp-image-188151 size-medium\" src=\"https:\/\/aldeco.pt\/staging\/wp-content\/uploads\/2024\/03\/T190380001-300x225.jpg\" alt=\"Panamatrix Blackout FR - Aldeco\" width=\"300\" height=\"225\" \/><\/p>\n<p><a href=\"https:\/\/www.instagram.com\/aldeco_interiorfabrics\/\">https:\/\/www.instagram.com\/aldeco_interiorfabrics\/<\/a><\/p>\n<p><a href=\"https:\/\/aldeco.pt\/staging\/product\/panamatrix-blackout-fr\/?attribute_pa_aldeco-color=01-sand\">https:\/\/aldeco.pt\/staging\/product\/panamatrix-blackout-fr\/?attribute_pa_aldeco-color=01-sand<\/a><\/p>\n<p>&nbsp;<\/p>\n","protected":false},"featured_media":156341,"template":"","meta":[],"product_brand":[],"product_cat":[6154],"product_tag":[],"class_list":{"0":"post-184987","1":"product","2":"type-product","3":"status-publish","4":"has-post-thumbnail","6":"product_cat-aldeco-smarter-es","7":"pa_cleanability-8283","8":"pa_composition-ext-100-pl-fr-es","9":"pa_contract-fabrics-1-es","10":"pa_interior-fabrics-1-es","11":"pa_line-telas","12":"pa_lithfastness-9681","13":"pa_outdoor-0-es","14":"pa_range-blackout-es","15":"pa_range-coated-es","16":"pa_special-treatments-fabrics-1-es","19":"first","20":"instock","21":"purchasable","22":"product-type-variable"},"acf":[],"_links":{"self":[{"href":"https:\/\/staging.aldeco.pt\/es\/wp-json\/wp\/v2\/product\/184987","targetHints":{"allow":["GET"]}}],"collection":[{"href":"https:\/\/staging.aldeco.pt\/es\/wp-json\/wp\/v2\/product"}],"about":[{"href":"https:\/\/staging.aldeco.pt\/es\/wp-json\/wp\/v2\/types\/product"}],"version-history":[{"count":2,"href":"https:\/\/staging.aldeco.pt\/es\/wp-json\/wp\/v2\/product\/184987\/revisions"}],"predecessor-version":[{"id":204811,"href":"https:\/\/staging.aldeco.pt\/es\/wp-json\/wp\/v2\/product\/184987\/revisions\/204811"}],"wp:featuredmedia":[{"embeddable":true,"href":"https:\/\/staging.aldeco.pt\/es\/wp-json\/wp\/v2\/media\/156341"}],"wp:attachment":[{"href":"https:\/\/staging.aldeco.pt\/es\/wp-json\/wp\/v2\/media?parent=184987"}],"wp:term":[{"taxonomy":"product_brand","embeddable":true,"href":"https:\/\/staging.aldeco.pt\/es\/wp-json\/wp\/v2\/product_brand?post=184987"},{"taxonomy":"product_cat","embeddable":true,"href":"https:\/\/staging.aldeco.pt\/es\/wp-json\/wp\/v2\/product_cat?post=184987"},{"taxonomy":"product_tag","embeddable":true,"href":"https:\/\/staging.aldeco.pt\/es\/wp-json\/wp\/v2\/product_tag?post=184987"}],"curies":[{"name":"wp","href":"https:\/\/api.w.org\/{rel}","templated":true}]}}