{"id":184933,"date":"2024-05-09T21:15:54","date_gmt":"2024-05-09T21:15:54","guid":{"rendered":"https:\/\/aldeco.pt\/staging\/product\/on-weaving\/"},"modified":"2024-10-02T14:56:11","modified_gmt":"2024-10-02T14:56:11","slug":"on-weaving","status":"publish","type":"product","link":"https:\/\/staging.aldeco.pt\/es\/product\/on-weaving\/","title":{"rendered":"ON WEAVING"},"content":{"rendered":"<p>Jacquard satinado con dise\u00f1o geom\u00e9trico inspirado en la cester\u00eda y los azulejos tradicionales. Tiene una apariencia muy refinada. Esta tela de tapicer\u00eda muy elegante est\u00e1 disponible en 6 colores.<\/p>\n","protected":false},"excerpt":{"rendered":"<p>Jacquard satinado con dise\u00f1o geom\u00e9trico inspirado en la cester\u00eda y los azulejos tradicionales. Tiene una apariencia muy refinada. Esta tela de tapicer\u00eda muy elegante est\u00e1 disponible en 6 colores.<\/p>\n<h2>On Weaving es un jacquard satinado con dise\u00f1o geom\u00e9trico inspirado en la cester\u00eda y los azulejos tradicionales. Tiene una apariencia muy refinada. Esta tela de tapicer\u00eda muy elegante est\u00e1 disponible en 6 colores.<\/h2>\n<p><img fetchpriority=\"high\" decoding=\"async\" class=\"alignnone wp-image-188113 size-medium\" src=\"https:\/\/aldeco.pt\/staging\/wp-content\/uploads\/2024\/03\/T191820001-300x225.jpg\" alt=\"On Weaving - Aldeco\" width=\"300\" height=\"225\" \/><\/p>\n<p><a href=\"https:\/\/www.instagram.com\/aldeco_interiorfabrics\/\">https:\/\/www.instagram.com\/aldeco_interiorfabrics\/<\/a><\/p>\n<p><a href=\"https:\/\/aldeco.pt\/staging\/product\/on-weaving\/?attribute_pa_colour=gray&amp;attribute_pa_aldeco-color=01-gray-oyster\">https:\/\/aldeco.pt\/staging\/product\/on-weaving\/?attribute_pa_colour=gray&amp;attribute_pa_aldeco-color=01-gray-oyster<\/a><\/p>\n","protected":false},"featured_media":159688,"template":"","meta":[],"product_brand":[],"product_cat":[6146],"product_tag":[],"class_list":{"0":"post-184933","1":"product","2":"type-product","3":"status-publish","4":"has-post-thumbnail","6":"product_cat-aldeco-2-es","7":"pa_cleanability-8283","8":"pa_composition-ext-38-pl-34-co-28-vi-es","9":"pa_interior-fabrics-1-es","10":"pa_line-telas","11":"pa_lithfastness-5-es","12":"pa_outdoor-0-es","13":"pa_range-jacquard-es","14":"pa_range-satin-es","15":"pa_rapport-horizontal-7-6-es","16":"pa_rapport-vertical-8-75-es","19":"first","20":"instock","21":"purchasable","22":"product-type-variable"},"acf":[],"_links":{"self":[{"href":"https:\/\/staging.aldeco.pt\/es\/wp-json\/wp\/v2\/product\/184933","targetHints":{"allow":["GET"]}}],"collection":[{"href":"https:\/\/staging.aldeco.pt\/es\/wp-json\/wp\/v2\/product"}],"about":[{"href":"https:\/\/staging.aldeco.pt\/es\/wp-json\/wp\/v2\/types\/product"}],"version-history":[{"count":2,"href":"https:\/\/staging.aldeco.pt\/es\/wp-json\/wp\/v2\/product\/184933\/revisions"}],"predecessor-version":[{"id":201868,"href":"https:\/\/staging.aldeco.pt\/es\/wp-json\/wp\/v2\/product\/184933\/revisions\/201868"}],"wp:featuredmedia":[{"embeddable":true,"href":"https:\/\/staging.aldeco.pt\/es\/wp-json\/wp\/v2\/media\/159688"}],"wp:attachment":[{"href":"https:\/\/staging.aldeco.pt\/es\/wp-json\/wp\/v2\/media?parent=184933"}],"wp:term":[{"taxonomy":"product_brand","embeddable":true,"href":"https:\/\/staging.aldeco.pt\/es\/wp-json\/wp\/v2\/product_brand?post=184933"},{"taxonomy":"product_cat","embeddable":true,"href":"https:\/\/staging.aldeco.pt\/es\/wp-json\/wp\/v2\/product_cat?post=184933"},{"taxonomy":"product_tag","embeddable":true,"href":"https:\/\/staging.aldeco.pt\/es\/wp-json\/wp\/v2\/product_tag?post=184933"}],"curies":[{"name":"wp","href":"https:\/\/api.w.org\/{rel}","templated":true}]}}