{"id":184894,"date":"2024-05-09T21:15:32","date_gmt":"2024-05-09T21:15:32","guid":{"rendered":"https:\/\/aldeco.pt\/staging\/product\/nirvana-velvet\/"},"modified":"2024-10-01T08:28:54","modified_gmt":"2024-10-01T08:28:54","slug":"nirvana-velvet","status":"publish","type":"product","link":"https:\/\/staging.aldeco.pt\/es\/product\/nirvana-velvet\/","title":{"rendered":"NIRVANA VELVET"},"content":{"rendered":"<p>Terciopelo liso con un dise\u00f1o impreso digitalmente donde los movimientos simbolizan el estado de liberaci\u00f3n alcanzado por el Ser Humano en su b\u00fasqueda espiritual.<br \/>\nPresentamos 4 tonos de realce con 136 cm de ancho y martindale &gt;50.000 CC.<\/p>\n","protected":false},"excerpt":{"rendered":"<p>Terciopelo liso con un dise\u00f1o impreso digitalmente donde los movimientos simbolizan el estado de liberaci\u00f3n alcanzado por el Ser Humano en su b\u00fasqueda espiritual.<br \/>\nPresentamos 4 tonos de realce con 136 cm de ancho y martindale &gt;50.000 CC.<\/p>\n<h2>Nirvana terciopelo liso con un dise\u00f1o impreso digitalmente donde los movimientos simbolizan el estado de liberaci\u00f3n alcanzado por el Ser Humano en su b\u00fasqueda espiritual.<br \/>\nPresentamos 4 tonos de realce con 136 cm de ancho y martindale &gt;50.000 CC.<\/h2>\n<p><img fetchpriority=\"high\" decoding=\"async\" class=\"alignnone wp-image-188096 size-medium\" src=\"https:\/\/aldeco.pt\/staging\/wp-content\/uploads\/2024\/03\/T019840001-300x240.jpg\" alt=\"Nirvana Velvet -Aldeco\" width=\"300\" height=\"240\" \/><\/p>\n<p><a href=\"https:\/\/www.instagram.com\/aldeco_interiorfabrics\/\">https:\/\/www.instagram.com\/aldeco_interiorfabrics\/<\/a><\/p>\n<p><a href=\"https:\/\/aldeco.pt\/staging\/product\/nirvana-velvet\/?attribute_pa_aldeco-color=01-bronze-mist\">https:\/\/aldeco.pt\/staging\/product\/nirvana-velvet\/?attribute_pa_aldeco-color=01-bronze-mist<\/a><\/p>\n","protected":false},"featured_media":159682,"template":"","meta":[],"product_brand":[],"product_cat":[6146],"product_tag":[],"class_list":{"0":"post-184894","1":"product","2":"type-product","3":"status-publish","4":"has-post-thumbnail","6":"product_cat-aldeco-2-es","7":"pa_cleanability-8283","8":"pa_composition-ext-60-vi-30-co-10-pl-pile-100-vi-es","9":"pa_interior-fabrics-1-es","10":"pa_line-telas","11":"pa_lithfastness-4-5-es","12":"pa_outdoor-0-es","13":"pa_range-estampado-es","14":"pa_range-terciopelo","15":"pa_rapport-horizontal-15-es","16":"pa_rapport-vertical-19-es","19":"first","20":"instock","21":"purchasable","22":"product-type-variable"},"acf":[],"_links":{"self":[{"href":"https:\/\/staging.aldeco.pt\/es\/wp-json\/wp\/v2\/product\/184894","targetHints":{"allow":["GET"]}}],"collection":[{"href":"https:\/\/staging.aldeco.pt\/es\/wp-json\/wp\/v2\/product"}],"about":[{"href":"https:\/\/staging.aldeco.pt\/es\/wp-json\/wp\/v2\/types\/product"}],"version-history":[{"count":2,"href":"https:\/\/staging.aldeco.pt\/es\/wp-json\/wp\/v2\/product\/184894\/revisions"}],"predecessor-version":[{"id":200966,"href":"https:\/\/staging.aldeco.pt\/es\/wp-json\/wp\/v2\/product\/184894\/revisions\/200966"}],"wp:featuredmedia":[{"embeddable":true,"href":"https:\/\/staging.aldeco.pt\/es\/wp-json\/wp\/v2\/media\/159682"}],"wp:attachment":[{"href":"https:\/\/staging.aldeco.pt\/es\/wp-json\/wp\/v2\/media?parent=184894"}],"wp:term":[{"taxonomy":"product_brand","embeddable":true,"href":"https:\/\/staging.aldeco.pt\/es\/wp-json\/wp\/v2\/product_brand?post=184894"},{"taxonomy":"product_cat","embeddable":true,"href":"https:\/\/staging.aldeco.pt\/es\/wp-json\/wp\/v2\/product_cat?post=184894"},{"taxonomy":"product_tag","embeddable":true,"href":"https:\/\/staging.aldeco.pt\/es\/wp-json\/wp\/v2\/product_tag?post=184894"}],"curies":[{"name":"wp","href":"https:\/\/api.w.org\/{rel}","templated":true}]}}