{"id":184865,"date":"2024-05-09T21:15:18","date_gmt":"2024-05-09T21:15:18","guid":{"rendered":"https:\/\/aldeco.pt\/staging\/product\/nightfall-blackout-fr\/"},"modified":"2024-09-16T16:48:07","modified_gmt":"2024-09-16T16:48:07","slug":"nightfall-blackout-fr","status":"publish","type":"product","link":"https:\/\/staging.aldeco.pt\/es\/product\/nightfall-blackout-fr\/","title":{"rendered":"NIGHTFALL BLACKOUT FR"},"content":{"rendered":"<p>En el escenario actual, nuestro bienestar y salud (antibacteriano) se han convertido en preocupaciones centrales en nuestra sociedad. NIGHTFALL BLACKOUT FR combina las caracter\u00edsticas de su acabado antibacteriano con otro activo esencial para nuestro bienestar: la tranquilidad (absorbente de sonido, que reduce el estr\u00e9s) Adem\u00e1s de estas caracter\u00edsticas, destaca su eficiencia energ\u00e9tica (t\u00e9rmica), estando destinado no solo al mercado residencial sino tambi\u00e9n al contrato debido a sus propiedades ign\u00edfugas, siendo totalmente opaco (no permite el paso de la luz) y garantizando la privacidad total de los espacios tanto de nuestros vecinos como de los transe\u00fantes en la calle. Est\u00e1 disponible en 4 colores.<\/p>\n","protected":false},"excerpt":{"rendered":"<p>En el escenario actual, nuestro bienestar y salud (antibacteriano) se han convertido en preocupaciones centrales en nuestra sociedad. NIGHTFALL BLACKOUT FR combina las caracter\u00edsticas de su acabado antibacteriano con otro activo esencial para nuestro bienestar: la tranquilidad (absorbente de sonido, que reduce el estr\u00e9s) Adem\u00e1s de estas caracter\u00edsticas, destaca su eficiencia energ\u00e9tica (t\u00e9rmica), estando destinado no solo al mercado residencial sino tambi\u00e9n al contrato debido a sus propiedades ign\u00edfugas, siendo totalmente opaco (no permite el paso de la luz) y garantizando la privacidad total de los espacios tanto de nuestros vecinos como de los transe\u00fantes en la calle. Est\u00e1 disponible en 4 colores. <\/p>\n<h2>NIGHTFALL BLACKOUT FR combina las caracter\u00edsticas de su acabado antibacteriano con otro activo esencial para nuestro bienestar: la tranquilidad (absorbente de sonido, que reduce el estr\u00e9s) Adem\u00e1s de estas caracter\u00edsticas, destaca su eficiencia energ\u00e9tica (t\u00e9rmica), estando destinado no solo al mercado residencial sino tambi\u00e9n al contrato debido a sus propiedades ign\u00edfugas, siendo totalmente opaco (no permite el paso de la luz) y garantizando la privacidad total de los espacios tanto de nuestros vecinos como de los transe\u00fantes en la calle. Est\u00e1 disponible en 4 colores.<\/h2>\n<p><img fetchpriority=\"high\" decoding=\"async\" class=\"alignnone wp-image-80508 size-medium\" src=\"https:\/\/aldeco.pt\/staging\/wp-content\/uploads\/2024\/01\/T191540002-2-300x225.jpg\" alt=\"Nightfall Blackout FR - Aldeco\" width=\"300\" height=\"225\"><\/p>\n<p><a href=\"https:\/\/www.instagram.com\/aldeco_interiorfabrics\/\">https:\/\/www.instagram.com\/aldeco_interiorfabrics\/<\/a><a href=\"https:\/\/aldeco.pt\/staging\/product\/nightfall-blackout-fr\/?attribute_pa_aldeco-color=01-white\">https:\/\/aldeco.pt\/staging\/product\/nightfall-blackout-fr\/?attribute_pa_aldeco-color=01-white<\/a><\/p>\n","protected":false},"featured_media":166206,"template":"","meta":[],"product_brand":[],"product_cat":[6154],"product_tag":[],"class_list":{"0":"post-184865","1":"product","2":"type-product","3":"status-publish","4":"has-post-thumbnail","6":"product_cat-aldeco-smarter-es","7":"pa_cleanability-8283","8":"pa_composition-ext-72-ac-coating-28-pl-es","9":"pa_contract-fabrics-1-es","10":"pa_interior-fabrics-1-es","11":"pa_line-telas","12":"pa_lithfastness-9681","13":"pa_outdoor-0-es","14":"pa_range-blackout-es","15":"pa_range-liso-es","16":"pa_special-treatments-fabrics-1-es","19":"first","20":"instock","21":"purchasable","22":"product-type-variable"},"acf":[],"_links":{"self":[{"href":"https:\/\/staging.aldeco.pt\/es\/wp-json\/wp\/v2\/product\/184865","targetHints":{"allow":["GET"]}}],"collection":[{"href":"https:\/\/staging.aldeco.pt\/es\/wp-json\/wp\/v2\/product"}],"about":[{"href":"https:\/\/staging.aldeco.pt\/es\/wp-json\/wp\/v2\/types\/product"}],"version-history":[{"count":2,"href":"https:\/\/staging.aldeco.pt\/es\/wp-json\/wp\/v2\/product\/184865\/revisions"}],"predecessor-version":[{"id":200638,"href":"https:\/\/staging.aldeco.pt\/es\/wp-json\/wp\/v2\/product\/184865\/revisions\/200638"}],"wp:featuredmedia":[{"embeddable":true,"href":"https:\/\/staging.aldeco.pt\/es\/wp-json\/wp\/v2\/media\/166206"}],"wp:attachment":[{"href":"https:\/\/staging.aldeco.pt\/es\/wp-json\/wp\/v2\/media?parent=184865"}],"wp:term":[{"taxonomy":"product_brand","embeddable":true,"href":"https:\/\/staging.aldeco.pt\/es\/wp-json\/wp\/v2\/product_brand?post=184865"},{"taxonomy":"product_cat","embeddable":true,"href":"https:\/\/staging.aldeco.pt\/es\/wp-json\/wp\/v2\/product_cat?post=184865"},{"taxonomy":"product_tag","embeddable":true,"href":"https:\/\/staging.aldeco.pt\/es\/wp-json\/wp\/v2\/product_tag?post=184865"}],"curies":[{"name":"wp","href":"https:\/\/api.w.org\/{rel}","templated":true}]}}