{"id":184824,"date":"2024-05-12T19:40:34","date_gmt":"2024-05-12T19:40:34","guid":{"rendered":"https:\/\/aldeco.pt\/staging\/product\/mako-velvet\/"},"modified":"2024-10-03T09:21:12","modified_gmt":"2024-10-03T09:21:12","slug":"mako-velvet","status":"publish","type":"product","link":"https:\/\/staging.aldeco.pt\/es\/product\/mako-velvet\/","title":{"rendered":"MAK\u00d2 VELVET"},"content":{"rendered":"<p>MAK\u00d2 VELVET es un terciopelo jacquard muy especial con una textura abstracta similar al patr\u00f3n de astrakan. Est\u00e1 fabricado 100% en algod\u00f3n Mak\u00f2, un material natural de muy alta calidad procedente de Egipto. Estos hilos preciosos est\u00e1n hechos de fibras extralargas (33 mm y m\u00e1s) y se caracterizan por su suavidad y transpirabilidad.<br \/>\nMak\u00f2 Velvet tiene un pelaje largo y una consistencia delicada pero resistente. Este exquisito terciopelo est\u00e1 disponible en un solo color por su elegancia.<\/p>\n","protected":false},"excerpt":{"rendered":"<p>MAK\u00d2 VELVET es un terciopelo jacquard muy especial con una textura abstracta similar al patr\u00f3n de astrakan. Est\u00e1 fabricado 100% en algod\u00f3n Mak\u00f2, un material natural de muy alta calidad procedente de Egipto. Estos hilos preciosos est\u00e1n hechos de fibras extralargas (33 mm y m\u00e1s) y se caracterizan por su suavidad y transpirabilidad.<br \/>\nMak\u00f2 Velvet tiene un pelaje largo y una consistencia delicada pero resistente. Este exquisito terciopelo est\u00e1 disponible en un solo color por su elegancia.<\/p>\n<h2>MAK\u00d2 VELVET es un terciopelo jacquard muy especial con una textura abstracta similar al patr\u00f3n de astrakan. Est\u00e1 fabricado 100% en algod\u00f3n Mak\u00f2, un material natural de muy alta calidad procedente de Egipto. Estos hilos preciosos est\u00e1n hechos de fibras extralargas (33 mm y m\u00e1s) y se caracterizan por su suavidad y transpirabilidad.<br \/>\nEsta tela tiene un largo pelo y una consistencia delicada, pero resistente. Este exquisito terciopelo est\u00e1 disponible en un solo color por su elegancia.<\/h2>\n<p><img fetchpriority=\"high\" decoding=\"async\" class=\"alignnone wp-image-90399 size-medium\" src=\"https:\/\/aldeco.pt\/staging\/wp-content\/uploads\/2024\/01\/T192540001-3-300x200.jpg\" alt=\"Mak\u00f2 Velvet - Aldeco\" width=\"300\" height=\"200\" \/><\/p>\n<p><a href=\"https:\/\/www.instagram.com\/aldeco_interiorfabrics\/\">https:\/\/www.instagram.com\/aldeco_interiorfabrics\/<\/a><\/p>\n<p><a href=\"https:\/\/aldeco.pt\/staging\/product\/mako-velvet\/?attribute_pa_aldeco-color=01-natural-white\">https:\/\/aldeco.pt\/staging\/product\/mako-velvet\/?attribute_pa_aldeco-color=01-natural-white<\/a><\/p>\n","protected":false},"featured_media":76508,"template":"","meta":[],"product_brand":[],"product_cat":[6146],"product_tag":[],"class_list":{"0":"post-184824","1":"product","2":"type-product","3":"status-publish","4":"has-post-thumbnail","6":"product_cat-aldeco-2-es","7":"pa_cleanability-8283","8":"pa_composition-ext-100-co-es","9":"pa_interior-fabrics-1-es","10":"pa_line-telas","11":"pa_lithfastness-4-6-es","12":"pa_outdoor-0-es","13":"pa_range-terciopelo","16":"first","17":"instock","18":"purchasable","19":"product-type-variable"},"acf":[],"_links":{"self":[{"href":"https:\/\/staging.aldeco.pt\/es\/wp-json\/wp\/v2\/product\/184824","targetHints":{"allow":["GET"]}}],"collection":[{"href":"https:\/\/staging.aldeco.pt\/es\/wp-json\/wp\/v2\/product"}],"about":[{"href":"https:\/\/staging.aldeco.pt\/es\/wp-json\/wp\/v2\/types\/product"}],"version-history":[{"count":2,"href":"https:\/\/staging.aldeco.pt\/es\/wp-json\/wp\/v2\/product\/184824\/revisions"}],"predecessor-version":[{"id":201931,"href":"https:\/\/staging.aldeco.pt\/es\/wp-json\/wp\/v2\/product\/184824\/revisions\/201931"}],"wp:featuredmedia":[{"embeddable":true,"href":"https:\/\/staging.aldeco.pt\/es\/wp-json\/wp\/v2\/media\/76508"}],"wp:attachment":[{"href":"https:\/\/staging.aldeco.pt\/es\/wp-json\/wp\/v2\/media?parent=184824"}],"wp:term":[{"taxonomy":"product_brand","embeddable":true,"href":"https:\/\/staging.aldeco.pt\/es\/wp-json\/wp\/v2\/product_brand?post=184824"},{"taxonomy":"product_cat","embeddable":true,"href":"https:\/\/staging.aldeco.pt\/es\/wp-json\/wp\/v2\/product_cat?post=184824"},{"taxonomy":"product_tag","embeddable":true,"href":"https:\/\/staging.aldeco.pt\/es\/wp-json\/wp\/v2\/product_tag?post=184824"}],"curies":[{"name":"wp","href":"https:\/\/api.w.org\/{rel}","templated":true}]}}