{"id":184791,"date":"2024-05-09T20:58:07","date_gmt":"2024-05-09T20:58:07","guid":{"rendered":"https:\/\/aldeco.pt\/staging\/product\/mag-fr-wlb\/"},"modified":"2024-09-05T11:00:29","modified_gmt":"2024-09-05T11:00:29","slug":"mag-fr-wlb","status":"publish","type":"product","link":"https:\/\/staging.aldeco.pt\/es\/product\/mag-fr-wlb\/","title":{"rendered":"MAG FR WLB"},"content":{"rendered":"<p>MAG FR WLB es una tela de cortina muy ligera y transparente. Esta tela con hilo inherentemente ign\u00edfugo y un ancho de 330 cm es ideal para sus proyectos m\u00e1s exigentes, debido a sus propiedades retardantes de llama. Esta tela tambi\u00e9n est\u00e1 disponible con banda de plomo para un drapeado perfecto en 5 colores.<\/p>\n","protected":false},"excerpt":{"rendered":"<p>MAG FR WLB es una tela de cortina muy ligera y transparente. Esta tela con hilo inherentemente ign\u00edfugo y un ancho de 330 cm es ideal para sus proyectos m\u00e1s exigentes, debido a sus propiedades retardantes de llama. Esta tela tambi\u00e9n est\u00e1 disponible con banda de plomo para un drapeado perfecto en 5 colores.<\/p>\n<h2>MAG FR WLB es una tela de cortina muy ligera y transparente. Esta tela con hilo inherentemente ign\u00edfugo y un ancho de 330 cm es ideal para sus proyectos m\u00e1s exigentes, debido a sus propiedades retardantes de llama. Esta tela tambi\u00e9n est\u00e1 disponible con banda de plomo para un drapeado perfecto en 5 colores.<\/h2>\n<p><img fetchpriority=\"high\" decoding=\"async\" class=\"alignnone wp-image-187606 size-medium\" src=\"https:\/\/aldeco.pt\/staging\/wp-content\/uploads\/2024\/03\/T017750001-300x280.jpg\" alt=\"Mag FR - Aldeco\" width=\"300\" height=\"280\" \/><\/p>\n<p><a href=\"https:\/\/www.instagram.com\/aldeco_interiorfabrics\/\">https:\/\/www.instagram.com\/aldeco_interiorfabrics\/<\/a><a href=\"https:\/\/aldeco.pt\/staging\/product\/mag-fr-wlb\/?attribute_pa_aldeco-color=1-white\">https:\/\/aldeco.pt\/staging\/product\/mag-fr-wlb\/?attribute_pa_aldeco-color=1-white<\/a><\/p>\n<p>&nbsp;<\/p>\n","protected":false},"featured_media":136629,"template":"","meta":[],"product_brand":[],"product_cat":[6146],"product_tag":[],"class_list":{"0":"post-184791","1":"product","2":"type-product","3":"status-publish","4":"has-post-thumbnail","6":"product_cat-aldeco-2-es","7":"pa_cleanability-8283","8":"pa_composition-ext-100-pl-fr-es","9":"pa_composition-ext-48-pl-fr-52-trevira-cs-es","10":"pa_contract-fabrics-1-es","11":"pa_interior-fabrics-1-es","12":"pa_line-telas","13":"pa_lithfastness-4-5-es","14":"pa_outdoor-0-es","15":"pa_range-liso-es","16":"pa_range-transparencias","17":"pa_special-treatments-fabrics-1-es","20":"first","21":"instock","22":"purchasable","23":"product-type-variable"},"acf":[],"_links":{"self":[{"href":"https:\/\/staging.aldeco.pt\/es\/wp-json\/wp\/v2\/product\/184791","targetHints":{"allow":["GET"]}}],"collection":[{"href":"https:\/\/staging.aldeco.pt\/es\/wp-json\/wp\/v2\/product"}],"about":[{"href":"https:\/\/staging.aldeco.pt\/es\/wp-json\/wp\/v2\/types\/product"}],"version-history":[{"count":4,"href":"https:\/\/staging.aldeco.pt\/es\/wp-json\/wp\/v2\/product\/184791\/revisions"}],"predecessor-version":[{"id":200814,"href":"https:\/\/staging.aldeco.pt\/es\/wp-json\/wp\/v2\/product\/184791\/revisions\/200814"}],"wp:featuredmedia":[{"embeddable":true,"href":"https:\/\/staging.aldeco.pt\/es\/wp-json\/wp\/v2\/media\/136629"}],"wp:attachment":[{"href":"https:\/\/staging.aldeco.pt\/es\/wp-json\/wp\/v2\/media?parent=184791"}],"wp:term":[{"taxonomy":"product_brand","embeddable":true,"href":"https:\/\/staging.aldeco.pt\/es\/wp-json\/wp\/v2\/product_brand?post=184791"},{"taxonomy":"product_cat","embeddable":true,"href":"https:\/\/staging.aldeco.pt\/es\/wp-json\/wp\/v2\/product_cat?post=184791"},{"taxonomy":"product_tag","embeddable":true,"href":"https:\/\/staging.aldeco.pt\/es\/wp-json\/wp\/v2\/product_tag?post=184791"}],"curies":[{"name":"wp","href":"https:\/\/api.w.org\/{rel}","templated":true}]}}