{"id":184767,"date":"2024-05-09T20:58:21","date_gmt":"2024-05-09T20:58:21","guid":{"rendered":"https:\/\/aldeco.pt\/staging\/product\/maison-in-outdoor\/"},"modified":"2024-09-30T08:42:43","modified_gmt":"2024-09-30T08:42:43","slug":"maison-in-outdoor","status":"publish","type":"product","link":"https:\/\/staging.aldeco.pt\/es\/product\/maison-in-outdoor\/","title":{"rendered":"MAISON IN\/OUTDOOR"},"content":{"rendered":"<p>Tejido te\u00f1ido en hilo con estructura de Panam\u00e1 en colores naturales que se puede combinar f\u00e1cilmente con el resto de las colecciones In \/ Outdoor de Aldeco. Tejido de f\u00e1cil mantenimiento, lavable a m\u00e1quina sin centrifugar y no necesita plancha, manteniendo su impecable apariencia en todo momento.<\/p>\n","protected":false},"excerpt":{"rendered":"<p>MAISON IN\/OUTDOOR, tejido te\u00f1ido en hilo con estructura de Panam\u00e1 en colores naturales que se puede combinar f\u00e1cilmente con el resto de las colecciones In \/ Outdoor de Aldeco. Tejido de f\u00e1cil mantenimiento, lavable a m\u00e1quina sin centrifugar y no necesita plancha, manteniendo su impecable apariencia en todo momento.<\/p>\n<h2>MAISON IN\/OUTDOOR, tejido te\u00f1ido en hilo con estructura de Panam\u00e1 en colores naturales que se puede combinar f\u00e1cilmente con el resto de las colecciones In \/ Outdoor de Aldeco. Tejido de f\u00e1cil mantenimiento, lavable a m\u00e1quina sin centrifugar y no necesita plancha, manteniendo su impecable apariencia en todo momento.<\/h2>\n<p><img fetchpriority=\"high\" decoding=\"async\" class=\"alignnone wp-image-187610 size-medium\" src=\"https:\/\/aldeco.pt\/staging\/wp-content\/uploads\/2024\/01\/T192160001-3-300x200.jpg\" alt=\"Maison In\/Outdoor - Aldeco\" width=\"300\" height=\"200\" \/><\/p>\n<p><a href=\"https:\/\/www.instagram.com\/aldeco_interiorfabrics\/\">https:\/\/www.instagram.com\/aldeco_interiorfabrics\/<\/a><\/p>\n<p><a href=\"https:\/\/aldeco.pt\/staging\/product\/maison-in-outdoor\/?attribute_pa_aldeco-color=01-natural-white\">https:\/\/aldeco.pt\/staging\/product\/maison-in-outdoor\/?attribute_pa_aldeco-color=01-natural-white<\/a><\/p>\n<p>&nbsp;<\/p>\n","protected":false},"featured_media":159452,"template":"","meta":[],"product_brand":[],"product_cat":[6146],"product_tag":[],"class_list":{"0":"post-184767","1":"product","2":"type-product","3":"status-publish","4":"has-post-thumbnail","6":"product_cat-aldeco-2-es","7":"pa_cleanability-8283","8":"pa_composition-ext-100-pp-es","9":"pa_contract-fabrics-1-es","10":"pa_indoor-fabrics-1-es","11":"pa_interior-fabrics-1-es","12":"pa_line-telas","13":"pa_lithfastness-7-es","14":"pa_outdoor-exterior","15":"pa_range-liso-es","16":"pa_special-treatments-fabrics-1-es","19":"first","20":"instock","21":"purchasable","22":"product-type-variable"},"acf":[],"_links":{"self":[{"href":"https:\/\/staging.aldeco.pt\/es\/wp-json\/wp\/v2\/product\/184767","targetHints":{"allow":["GET"]}}],"collection":[{"href":"https:\/\/staging.aldeco.pt\/es\/wp-json\/wp\/v2\/product"}],"about":[{"href":"https:\/\/staging.aldeco.pt\/es\/wp-json\/wp\/v2\/types\/product"}],"version-history":[{"count":2,"href":"https:\/\/staging.aldeco.pt\/es\/wp-json\/wp\/v2\/product\/184767\/revisions"}],"predecessor-version":[{"id":200910,"href":"https:\/\/staging.aldeco.pt\/es\/wp-json\/wp\/v2\/product\/184767\/revisions\/200910"}],"wp:featuredmedia":[{"embeddable":true,"href":"https:\/\/staging.aldeco.pt\/es\/wp-json\/wp\/v2\/media\/159452"}],"wp:attachment":[{"href":"https:\/\/staging.aldeco.pt\/es\/wp-json\/wp\/v2\/media?parent=184767"}],"wp:term":[{"taxonomy":"product_brand","embeddable":true,"href":"https:\/\/staging.aldeco.pt\/es\/wp-json\/wp\/v2\/product_brand?post=184767"},{"taxonomy":"product_cat","embeddable":true,"href":"https:\/\/staging.aldeco.pt\/es\/wp-json\/wp\/v2\/product_cat?post=184767"},{"taxonomy":"product_tag","embeddable":true,"href":"https:\/\/staging.aldeco.pt\/es\/wp-json\/wp\/v2\/product_tag?post=184767"}],"curies":[{"name":"wp","href":"https:\/\/api.w.org\/{rel}","templated":true}]}}