{"id":184748,"date":"2024-05-09T20:57:32","date_gmt":"2024-05-09T20:57:32","guid":{"rendered":"https:\/\/aldeco.pt\/staging\/product\/lumni\/"},"modified":"2024-08-29T14:45:09","modified_gmt":"2024-08-29T14:45:09","slug":"lumni","status":"publish","type":"product","link":"https:\/\/staging.aldeco.pt\/es\/product\/lumni\/","title":{"rendered":"LUMNI"},"content":{"rendered":"<p>La geometr\u00eda del dise\u00f1o se obtiene combinando la sofisticaci\u00f3n del oro y la plata obtenidos a trav\u00e9s de los brillos perlados y la naturalidad de la tela con el efecto lino.<br \/>\nEst\u00e1 disponible en 4 colores.<\/p>\n","protected":false},"excerpt":{"rendered":"<p>La geometr\u00eda del dise\u00f1o se obtiene combinando la sofisticaci\u00f3n del oro y la plata obtenidos a trav\u00e9s de los brillos perlados y la naturalidad de la tela con el efecto lino.<br \/>\nEst\u00e1 disponible en 4 colores.<\/p>\n<h2>Lumni, la geometr\u00eda del dise\u00f1o se obtiene combinando la sofisticaci\u00f3n del oro y la plata obtenidos a trav\u00e9s de los brillos perlados y la naturalidad de la tela con el efecto lino.<br \/>\nEst\u00e1 disponible en 4 colores.<\/h2>\n<p><img fetchpriority=\"high\" decoding=\"async\" class=\"alignnone wp-image-182288 size-medium\" src=\"https:\/\/aldeco.pt\/staging\/wp-content\/uploads\/2024\/01\/T191360001-4-300x212.jpg\" alt=\"Lumni - Aldeco\" width=\"300\" height=\"212\"><\/p>\n<p><a href=\"https:\/\/www.instagram.com\/aldeco_interiorfabrics\/\">https:\/\/www.instagram.com\/aldeco_interiorfabrics\/<\/a><\/p>\n<p><a href=\"https:\/\/aldeco.pt\/staging\/product\/lumni\/?attribute_pa_aldeco-color=01-silver-white\">https:\/\/aldeco.pt\/staging\/product\/lumni\/?attribute_pa_aldeco-color=01-silver-white<\/a><\/p>\n","protected":false},"featured_media":156035,"template":"","meta":[],"product_brand":[],"product_cat":[6146],"product_tag":[],"class_list":{"0":"post-184748","1":"product","2":"type-product","3":"status-publish","4":"has-post-thumbnail","6":"product_cat-aldeco-2-es","7":"pa_cleanability-8283","8":"pa_composition-ext-100-pl-es","9":"pa_interior-fabrics-1-es","10":"pa_line-telas","11":"pa_lithfastness-5-es","12":"pa_outdoor-0-es","13":"pa_range-jacquard-es","14":"pa_rapport-horizontal-2-5-es","15":"pa_rapport-vertical-3-1-es","18":"first","19":"instock","20":"purchasable","21":"product-type-variable"},"acf":[],"_links":{"self":[{"href":"https:\/\/staging.aldeco.pt\/es\/wp-json\/wp\/v2\/product\/184748","targetHints":{"allow":["GET"]}}],"collection":[{"href":"https:\/\/staging.aldeco.pt\/es\/wp-json\/wp\/v2\/product"}],"about":[{"href":"https:\/\/staging.aldeco.pt\/es\/wp-json\/wp\/v2\/types\/product"}],"version-history":[{"count":1,"href":"https:\/\/staging.aldeco.pt\/es\/wp-json\/wp\/v2\/product\/184748\/revisions"}],"predecessor-version":[{"id":192680,"href":"https:\/\/staging.aldeco.pt\/es\/wp-json\/wp\/v2\/product\/184748\/revisions\/192680"}],"wp:featuredmedia":[{"embeddable":true,"href":"https:\/\/staging.aldeco.pt\/es\/wp-json\/wp\/v2\/media\/156035"}],"wp:attachment":[{"href":"https:\/\/staging.aldeco.pt\/es\/wp-json\/wp\/v2\/media?parent=184748"}],"wp:term":[{"taxonomy":"product_brand","embeddable":true,"href":"https:\/\/staging.aldeco.pt\/es\/wp-json\/wp\/v2\/product_brand?post=184748"},{"taxonomy":"product_cat","embeddable":true,"href":"https:\/\/staging.aldeco.pt\/es\/wp-json\/wp\/v2\/product_cat?post=184748"},{"taxonomy":"product_tag","embeddable":true,"href":"https:\/\/staging.aldeco.pt\/es\/wp-json\/wp\/v2\/product_tag?post=184748"}],"curies":[{"name":"wp","href":"https:\/\/api.w.org\/{rel}","templated":true}]}}