{"id":184742,"date":"2024-05-09T20:55:17","date_gmt":"2024-05-09T20:55:17","guid":{"rendered":"https:\/\/aldeco.pt\/staging\/product\/lola-fr\/"},"modified":"2024-08-29T14:45:15","modified_gmt":"2024-08-29T14:45:15","slug":"lola-fr","status":"publish","type":"product","link":"https:\/\/staging.aldeco.pt\/es\/product\/lola-fr\/","title":{"rendered":"LOLA FR"},"content":{"rendered":"<p>Es una tela de cortina ligera, muy elegante y suave. Con banda de plomo, esta tela tiene una ca\u00edda perfecta y est\u00e1 certificada como retardante de fuego, esta cortina es esencial para proyectos contractuales. Est\u00e1 disponible en 5 colores muy naturales.<\/p>\n","protected":false},"excerpt":{"rendered":"<p>LOLA FR es una tela de cortina ligera, muy elegante y suave. Con banda de plomo, esta tela tiene una ca\u00edda perfecta y est\u00e1 certificada como retardante de fuego, esta cortina es esencial para proyectos contractuales. Est\u00e1 disponible en 5 colores muy naturales.<\/p>\n<h2>LOLA FR es una tela de cortina ligera, muy elegante y suave. Con banda de plomo, esta tela tiene una ca\u00edda perfecta y est\u00e1 certificada como retardante de fuego, esta cortina es esencial para proyectos contractuales. Est\u00e1 disponible en 5 colores muy naturales.<\/h2>\n<p><img fetchpriority=\"high\" decoding=\"async\" class=\"alignnone wp-image-182054 size-medium\" src=\"https:\/\/aldeco.pt\/staging\/wp-content\/uploads\/2024\/03\/T190410001-300x200.jpg\" alt=\"Lola FR - Aldeco\" width=\"300\" height=\"200\"><\/p>\n<p><a href=\"https:\/\/www.instagram.com\/aldeco_interiorfabrics\/\">https:\/\/www.instagram.com\/aldeco_interiorfabrics\/<\/a><\/p>\n<p><a href=\"https:\/\/aldeco.pt\/staging\/product\/lola-fr\/?attribute_pa_aldeco-color=01-snow-white\">https:\/\/aldeco.pt\/staging\/product\/lola-fr\/?attribute_pa_aldeco-color=01-snow-white<\/a><\/p>\n<p>&nbsp;<\/p>\n","protected":false},"featured_media":159401,"template":"","meta":[],"product_brand":[],"product_cat":[6154],"product_tag":[],"class_list":{"0":"post-184742","1":"product","2":"type-product","3":"status-publish","4":"has-post-thumbnail","6":"product_cat-aldeco-smarter-es","7":"pa_cleanability-8283","8":"pa_composition-ext-100-pl-fr-es","9":"pa_contract-fabrics-1-es","10":"pa_interior-fabrics-1-es","11":"pa_line-telas","12":"pa_lithfastness-4-5-es","13":"pa_outdoor-0-es","14":"pa_range-liso-es","15":"pa_range-transparencias","18":"first","19":"instock","20":"purchasable","21":"product-type-variable"},"acf":[],"_links":{"self":[{"href":"https:\/\/staging.aldeco.pt\/es\/wp-json\/wp\/v2\/product\/184742","targetHints":{"allow":["GET"]}}],"collection":[{"href":"https:\/\/staging.aldeco.pt\/es\/wp-json\/wp\/v2\/product"}],"about":[{"href":"https:\/\/staging.aldeco.pt\/es\/wp-json\/wp\/v2\/types\/product"}],"version-history":[{"count":1,"href":"https:\/\/staging.aldeco.pt\/es\/wp-json\/wp\/v2\/product\/184742\/revisions"}],"predecessor-version":[{"id":192662,"href":"https:\/\/staging.aldeco.pt\/es\/wp-json\/wp\/v2\/product\/184742\/revisions\/192662"}],"wp:featuredmedia":[{"embeddable":true,"href":"https:\/\/staging.aldeco.pt\/es\/wp-json\/wp\/v2\/media\/159401"}],"wp:attachment":[{"href":"https:\/\/staging.aldeco.pt\/es\/wp-json\/wp\/v2\/media?parent=184742"}],"wp:term":[{"taxonomy":"product_brand","embeddable":true,"href":"https:\/\/staging.aldeco.pt\/es\/wp-json\/wp\/v2\/product_brand?post=184742"},{"taxonomy":"product_cat","embeddable":true,"href":"https:\/\/staging.aldeco.pt\/es\/wp-json\/wp\/v2\/product_cat?post=184742"},{"taxonomy":"product_tag","embeddable":true,"href":"https:\/\/staging.aldeco.pt\/es\/wp-json\/wp\/v2\/product_tag?post=184742"}],"curies":[{"name":"wp","href":"https:\/\/api.w.org\/{rel}","templated":true}]}}