{"id":184705,"date":"2024-05-09T20:57:01","date_gmt":"2024-05-09T20:57:01","guid":{"rendered":"https:\/\/aldeco.pt\/staging\/product\/lumiere-jacquard-velvet\/"},"modified":"2024-10-10T09:11:09","modified_gmt":"2024-10-10T09:11:09","slug":"lumiere-jacquard-velvet","status":"publish","type":"product","link":"https:\/\/staging.aldeco.pt\/es\/product\/lumiere-jacquard-velvet\/","title":{"rendered":"LUMI\u00c9RE JACQUARD VELVET"},"content":{"rendered":"<p>Terciopelo jacquard cardado con dise\u00f1o geom\u00e9trico detallado. El juego de colores presente en cada color se enriquece con el efecto retorcido de un hilo brillante que contrasta con el resto del dise\u00f1o, haci\u00e9ndolo simplemente irresistible.<\/p>\n","protected":false},"excerpt":{"rendered":"<p>Terciopelo jacquard cardado con dise\u00f1o geom\u00e9trico detallado. El juego de colores presente en cada color se enriquece con el efecto retorcido de un hilo brillante que contrasta con el resto del dise\u00f1o, haci\u00e9ndolo simplemente irresistible.<\/p>\n<h2>Terciopelo de jacquard cardado Lumi\u00e9re con un dise\u00f1o geom\u00e9trico detallado. El juego de colores presente en cada color se enriquece con el efecto retorcido de un hilo brillante que contrasta con el resto del dise\u00f1o, haci\u00e9ndolo simplemente irresistible.<\/h2>\n<p><img fetchpriority=\"high\" decoding=\"async\" class=\"alignnone wp-image-182255 size-medium\" src=\"https:\/\/aldeco.pt\/staging\/wp-content\/uploads\/2024\/01\/T192130001-2-300x225.jpg\" alt=\"Lumi\u00e9re jacquard Velvet - Aldeco\" width=\"300\" height=\"225\" \/><\/p>\n<p><a href=\"https:\/\/www.instagram.com\/aldeco_interiorfabrics\/\">https:\/\/www.instagram.com\/aldeco_interiorfabrics\/<\/a><\/p>\n<p><a href=\"https:\/\/aldeco.pt\/staging\/product\/lumiere-jacquard-velvet\/?attribute_pa_aldeco-color=01-natural-greige\">https:\/\/aldeco.pt\/staging\/product\/lumiere-jacquard-velvet\/?attribute_pa_aldeco-color=01-natural-greige<\/a><\/p>\n<p>&nbsp;<\/p>\n","protected":false},"featured_media":159426,"template":"","meta":[],"product_brand":[],"product_cat":[6146],"product_tag":[],"class_list":{"0":"post-184705","1":"product","2":"type-product","3":"status-publish","4":"has-post-thumbnail","6":"product_cat-aldeco-2-es","7":"pa_cleanability-8283","8":"pa_composition-ext-67-vi-33-pl-es","9":"pa_interior-fabrics-1-es","10":"pa_line-telas","11":"pa_lithfastness-9681","12":"pa_outdoor-0-es","13":"pa_range-terciopelo","14":"pa_rapport-horizontal-4-5-es","15":"pa_rapport-vertical-5-es","18":"first","19":"instock","20":"purchasable","21":"product-type-variable"},"acf":[],"_links":{"self":[{"href":"https:\/\/staging.aldeco.pt\/es\/wp-json\/wp\/v2\/product\/184705","targetHints":{"allow":["GET"]}}],"collection":[{"href":"https:\/\/staging.aldeco.pt\/es\/wp-json\/wp\/v2\/product"}],"about":[{"href":"https:\/\/staging.aldeco.pt\/es\/wp-json\/wp\/v2\/types\/product"}],"version-history":[{"count":2,"href":"https:\/\/staging.aldeco.pt\/es\/wp-json\/wp\/v2\/product\/184705\/revisions"}],"predecessor-version":[{"id":204834,"href":"https:\/\/staging.aldeco.pt\/es\/wp-json\/wp\/v2\/product\/184705\/revisions\/204834"}],"wp:featuredmedia":[{"embeddable":true,"href":"https:\/\/staging.aldeco.pt\/es\/wp-json\/wp\/v2\/media\/159426"}],"wp:attachment":[{"href":"https:\/\/staging.aldeco.pt\/es\/wp-json\/wp\/v2\/media?parent=184705"}],"wp:term":[{"taxonomy":"product_brand","embeddable":true,"href":"https:\/\/staging.aldeco.pt\/es\/wp-json\/wp\/v2\/product_brand?post=184705"},{"taxonomy":"product_cat","embeddable":true,"href":"https:\/\/staging.aldeco.pt\/es\/wp-json\/wp\/v2\/product_cat?post=184705"},{"taxonomy":"product_tag","embeddable":true,"href":"https:\/\/staging.aldeco.pt\/es\/wp-json\/wp\/v2\/product_tag?post=184705"}],"curies":[{"name":"wp","href":"https:\/\/api.w.org\/{rel}","templated":true}]}}