{"id":184622,"date":"2024-05-09T20:50:17","date_gmt":"2024-05-09T20:50:17","guid":{"rendered":"https:\/\/aldeco.pt\/staging\/product\/linden\/"},"modified":"2024-10-02T16:13:39","modified_gmt":"2024-10-02T16:13:39","slug":"linden","status":"publish","type":"product","link":"https:\/\/staging.aldeco.pt\/es\/product\/linden\/","title":{"rendered":"LINDEN"},"content":{"rendered":"<p>LINDEN es un tejido para cortinas con una estructura de lino muy natural, disponible en 4 colores atemporales. Debido a su composici\u00f3n mixta de poli\u00e9ster y lino, se puede lavar, lo que lo hace extremadamente pr\u00e1ctico. Linden tiene un acabado calandrado suave y es un tejido te\u00f1ido de en pieza.<\/p>\n","protected":false},"excerpt":{"rendered":"<p>LINDEN es un tejido para cortinas con una estructura de lino muy natural, disponible en 4 colores atemporales. Debido a su composici\u00f3n mixta de poli\u00e9ster y lino, se puede lavar, lo que lo hace extremadamente pr\u00e1ctico. Linden tiene un acabado calandrado suave y es un tejido te\u00f1ido de en pieza.<\/p>\n<h2>LINDEN es un tejido para cortinas con una estructura de lino muy natural, disponible en 4 colores atemporales. Debido a su composici\u00f3n mixta de poli\u00e9ster y lino, se puede lavar, lo que lo hace extremadamente pr\u00e1ctico. Linden tiene un acabado calandrado suave y es un tejido te\u00f1ido de en pieza.<\/h2>\n<p><img fetchpriority=\"high\" decoding=\"async\" class=\"alignnone wp-image-181950 size-medium\" src=\"https:\/\/aldeco.pt\/staging\/wp-content\/uploads\/2024\/01\/T192230001-4-300x200.jpg\" alt=\"Linden - Aldeco\" width=\"300\" height=\"200\" \/><\/p>\n<p><a href=\"https:\/\/www.instagram.com\/aldeco_interiorfabrics\/\">https:\/\/www.instagram.com\/aldeco_interiorfabrics\/<\/a><\/p>\n<p><a href=\"https:\/\/aldeco.pt\/staging\/product\/linden\/?attribute_pa_aldeco-color=01-natural-white\">https:\/\/aldeco.pt\/staging\/product\/linden\/?attribute_pa_aldeco-color=01-natural-white<\/a><\/p>\n<p>&nbsp;<\/p>\n","protected":false},"featured_media":159358,"template":"","meta":[],"product_brand":[],"product_cat":[6146],"product_tag":[],"class_list":{"0":"post-184622","1":"product","2":"type-product","3":"status-publish","4":"has-post-thumbnail","6":"product_cat-aldeco-2-es","7":"pa_cleanability-8283","8":"pa_composition-ext-20-li-80-pl-es","9":"pa_interior-fabrics-1-es","10":"pa_line-telas","11":"pa_lithfastness-4-5-es","12":"pa_outdoor-0-es","13":"pa_range-liso-es","14":"pa_range-transparencias","17":"first","18":"instock","19":"purchasable","20":"product-type-variable"},"acf":[],"_links":{"self":[{"href":"https:\/\/staging.aldeco.pt\/es\/wp-json\/wp\/v2\/product\/184622","targetHints":{"allow":["GET"]}}],"collection":[{"href":"https:\/\/staging.aldeco.pt\/es\/wp-json\/wp\/v2\/product"}],"about":[{"href":"https:\/\/staging.aldeco.pt\/es\/wp-json\/wp\/v2\/types\/product"}],"version-history":[{"count":3,"href":"https:\/\/staging.aldeco.pt\/es\/wp-json\/wp\/v2\/product\/184622\/revisions"}],"predecessor-version":[{"id":201876,"href":"https:\/\/staging.aldeco.pt\/es\/wp-json\/wp\/v2\/product\/184622\/revisions\/201876"}],"wp:featuredmedia":[{"embeddable":true,"href":"https:\/\/staging.aldeco.pt\/es\/wp-json\/wp\/v2\/media\/159358"}],"wp:attachment":[{"href":"https:\/\/staging.aldeco.pt\/es\/wp-json\/wp\/v2\/media?parent=184622"}],"wp:term":[{"taxonomy":"product_brand","embeddable":true,"href":"https:\/\/staging.aldeco.pt\/es\/wp-json\/wp\/v2\/product_brand?post=184622"},{"taxonomy":"product_cat","embeddable":true,"href":"https:\/\/staging.aldeco.pt\/es\/wp-json\/wp\/v2\/product_cat?post=184622"},{"taxonomy":"product_tag","embeddable":true,"href":"https:\/\/staging.aldeco.pt\/es\/wp-json\/wp\/v2\/product_tag?post=184622"}],"curies":[{"name":"wp","href":"https:\/\/api.w.org\/{rel}","templated":true}]}}