{"id":184554,"date":"2024-05-09T20:48:41","date_gmt":"2024-05-09T20:48:41","guid":{"rendered":"https:\/\/aldeco.pt\/staging\/product\/liberte-in-outdoor\/"},"modified":"2024-08-29T14:45:24","modified_gmt":"2024-08-29T14:45:24","slug":"liberte-in-outdoor","status":"publish","type":"product","link":"https:\/\/staging.aldeco.pt\/es\/product\/liberte-in-outdoor\/","title":{"rendered":"LIBERT\u00c9 IN\/OUTDOOR"},"content":{"rendered":"<p>Tejido jacquard con motivo geom\u00e9trico que consiste en una reinterpretaci\u00f3n del cl\u00e1sico pied-de-poule. Con una alta resistencia a la abrasi\u00f3n y a la luz solar como el resto de la colecci\u00f3n, Libert\u00e9 In\/Outdoor es simplemente irresistible y atemporal.<\/p>\n","protected":false},"excerpt":{"rendered":"<p>Tejido jacquard con motivo geom\u00e9trico que consiste en una reinterpretaci\u00f3n del cl\u00e1sico pied-de-poule. Con una alta resistencia a la abrasi\u00f3n y a la luz solar como el resto de la colecci\u00f3n, Libert\u00e9 In\/Outdoor es simplemente irresistible y atemporal.<\/p>\n<h2>LIBERT\u00c9 IN\/OUTDOOR es un tejido jacquard con motivo geom\u00e9trico que consiste en una reinterpretaci\u00f3n del cl\u00e1sico pied-de-poule. Con una alta resistencia a la abrasi\u00f3n y a la luz solar como el resto de la colecci\u00f3n, Libert\u00e9 In\/Outdoor es simplemente irresistible y atemporal.<\/h2>\n<p><img fetchpriority=\"high\" decoding=\"async\" class=\"alignnone wp-image-181873 size-medium\" src=\"https:\/\/aldeco.pt\/staging\/wp-content\/uploads\/2024\/01\/T192140001-3-300x200.jpg\" alt=\"Libert\u00e9 in\/Outdoor - Aldeco\" width=\"300\" height=\"200\"><\/p>\n<p><a href=\"https:\/\/www.instagram.com\/aldeco_interiorfabrics\/\">https:\/\/www.instagram.com\/aldeco_interiorfabrics\/<\/a><\/p>\n<p><a href=\"https:\/\/aldeco.pt\/staging\/product\/liberte-in-outdoor\/?attribute_pa_aldeco-color=01-white-linen\">https:\/\/aldeco.pt\/staging\/product\/liberte-in-outdoor\/?attribute_pa_aldeco-color=01-white-linen<\/a><\/p>\n<p>&nbsp;<\/p>\n","protected":false},"featured_media":155926,"template":"","meta":[],"product_brand":[],"product_cat":[6146],"product_tag":[],"class_list":{"0":"post-184554","1":"product","2":"type-product","3":"status-publish","4":"has-post-thumbnail","6":"product_cat-aldeco-2-es","7":"pa_cleanability-8283","8":"pa_composition-ext-80-pp-20-pl-es","9":"pa_contract-fabrics-1-es","10":"pa_indoor-fabrics-1-es","11":"pa_interior-fabrics-1-es","12":"pa_line-telas","13":"pa_lithfastness-7-es","14":"pa_outdoor-exterior","15":"pa_range-jacquard-es","16":"pa_rapport-horizontal-2-es","17":"pa_rapport-vertical-4-es","18":"pa_special-treatments-fabrics-1-es","21":"first","22":"instock","23":"purchasable","24":"product-type-variable"},"acf":[],"_links":{"self":[{"href":"https:\/\/staging.aldeco.pt\/es\/wp-json\/wp\/v2\/product\/184554","targetHints":{"allow":["GET"]}}],"collection":[{"href":"https:\/\/staging.aldeco.pt\/es\/wp-json\/wp\/v2\/product"}],"about":[{"href":"https:\/\/staging.aldeco.pt\/es\/wp-json\/wp\/v2\/types\/product"}],"version-history":[{"count":1,"href":"https:\/\/staging.aldeco.pt\/es\/wp-json\/wp\/v2\/product\/184554\/revisions"}],"predecessor-version":[{"id":192631,"href":"https:\/\/staging.aldeco.pt\/es\/wp-json\/wp\/v2\/product\/184554\/revisions\/192631"}],"wp:featuredmedia":[{"embeddable":true,"href":"https:\/\/staging.aldeco.pt\/es\/wp-json\/wp\/v2\/media\/155926"}],"wp:attachment":[{"href":"https:\/\/staging.aldeco.pt\/es\/wp-json\/wp\/v2\/media?parent=184554"}],"wp:term":[{"taxonomy":"product_brand","embeddable":true,"href":"https:\/\/staging.aldeco.pt\/es\/wp-json\/wp\/v2\/product_brand?post=184554"},{"taxonomy":"product_cat","embeddable":true,"href":"https:\/\/staging.aldeco.pt\/es\/wp-json\/wp\/v2\/product_cat?post=184554"},{"taxonomy":"product_tag","embeddable":true,"href":"https:\/\/staging.aldeco.pt\/es\/wp-json\/wp\/v2\/product_tag?post=184554"}],"curies":[{"name":"wp","href":"https:\/\/api.w.org\/{rel}","templated":true}]}}