{"id":184553,"date":"2024-05-09T20:47:35","date_gmt":"2024-05-09T20:47:35","guid":{"rendered":"https:\/\/aldeco.pt\/staging\/product\/leopard\/"},"modified":"2024-08-29T14:45:26","modified_gmt":"2024-08-29T14:45:26","slug":"leopard","status":"publish","type":"product","link":"https:\/\/staging.aldeco.pt\/es\/product\/leopard\/","title":{"rendered":"LEOPARD"},"content":{"rendered":"<p>Leopard es una fabulosa tela de tapicer\u00eda con un dise\u00f1o de jacquard de chenilla y sat\u00e9n y un patr\u00f3n de leopardo disponible en 9 colores.<\/p>\n","protected":false},"excerpt":{"rendered":"<p>Leopard es una fabulosa tela de tapicer\u00eda con un dise\u00f1o de jacquard de chenilla y sat\u00e9n y un patr\u00f3n de leopardo disponible en 9 colores.<\/p>\n<h2>Leopard es una fabulosa tela de tapicer\u00eda con un dise\u00f1o de jacquard de chenilla y sat\u00e9n y un patr\u00f3n de leopardo disponible en 9 colores.<\/h2>\n<p><img fetchpriority=\"high\" decoding=\"async\" class=\"alignnone wp-image-181826 size-medium\" src=\"https:\/\/aldeco.pt\/staging\/wp-content\/uploads\/2024\/03\/T190150001-300x240.jpg\" alt=\"Leopard - Aldeco\" width=\"300\" height=\"240\"><\/p>\n<p><a href=\"https:\/\/www.instagram.com\/aldeco_interiorfabrics\/\">https:\/\/www.instagram.com\/aldeco_interiorfabrics\/<\/a><\/p>\n<p><a href=\"https:\/\/aldeco.pt\/staging\/product\/leopard\/?attribute_pa_aldeco-color=01-white-star\">https:\/\/aldeco.pt\/staging\/product\/leopard\/?attribute_pa_aldeco-color=01-white-star<\/a><\/p>\n<p>&nbsp;<\/p>\n","protected":false},"featured_media":155901,"template":"","meta":[],"product_brand":[],"product_cat":[6146],"product_tag":[],"class_list":{"0":"post-184553","1":"product","2":"type-product","3":"status-publish","4":"has-post-thumbnail","6":"product_cat-aldeco-2-es","7":"pa_cleanability-8283","8":"pa_composition-ext-45-co-31-vi-24-pl-es","9":"pa_interior-fabrics-1-es","10":"pa_line-telas","11":"pa_lithfastness-4-es","12":"pa_outdoor-0-es","13":"pa_range-chenilla","14":"pa_range-jacquard-es","15":"pa_rapport-horizontal-18-es","16":"pa_rapport-vertical-24-5-es","19":"first","20":"instock","21":"purchasable","22":"product-type-variable"},"acf":[],"_links":{"self":[{"href":"https:\/\/staging.aldeco.pt\/es\/wp-json\/wp\/v2\/product\/184553","targetHints":{"allow":["GET"]}}],"collection":[{"href":"https:\/\/staging.aldeco.pt\/es\/wp-json\/wp\/v2\/product"}],"about":[{"href":"https:\/\/staging.aldeco.pt\/es\/wp-json\/wp\/v2\/types\/product"}],"version-history":[{"count":1,"href":"https:\/\/staging.aldeco.pt\/es\/wp-json\/wp\/v2\/product\/184553\/revisions"}],"predecessor-version":[{"id":192623,"href":"https:\/\/staging.aldeco.pt\/es\/wp-json\/wp\/v2\/product\/184553\/revisions\/192623"}],"wp:featuredmedia":[{"embeddable":true,"href":"https:\/\/staging.aldeco.pt\/es\/wp-json\/wp\/v2\/media\/155901"}],"wp:attachment":[{"href":"https:\/\/staging.aldeco.pt\/es\/wp-json\/wp\/v2\/media?parent=184553"}],"wp:term":[{"taxonomy":"product_brand","embeddable":true,"href":"https:\/\/staging.aldeco.pt\/es\/wp-json\/wp\/v2\/product_brand?post=184553"},{"taxonomy":"product_cat","embeddable":true,"href":"https:\/\/staging.aldeco.pt\/es\/wp-json\/wp\/v2\/product_cat?post=184553"},{"taxonomy":"product_tag","embeddable":true,"href":"https:\/\/staging.aldeco.pt\/es\/wp-json\/wp\/v2\/product_tag?post=184553"}],"curies":[{"name":"wp","href":"https:\/\/api.w.org\/{rel}","templated":true}]}}