{"id":184496,"date":"2024-05-09T20:46:13","date_gmt":"2024-05-09T20:46:13","guid":{"rendered":"https:\/\/aldeco.pt\/staging\/product\/leaf-fr\/"},"modified":"2024-09-26T10:52:38","modified_gmt":"2024-09-26T10:52:38","slug":"leaf-fr","status":"publish","type":"product","link":"https:\/\/staging.aldeco.pt\/es\/product\/leaf-fr\/","title":{"rendered":"LEAF FR"},"content":{"rendered":"<p>Leaf FR es un organza mate de poli\u00e9ster 100% disponible en una variedad de 18 colores que se adaptan a cualquier proyecto debido a su certificaci\u00f3n retardante de llama. Esta tela de cortina ligera presenta una banda de plomo para una ca\u00edda perfecta.<\/p>\n","protected":false},"excerpt":{"rendered":"<p>Leaf FR es un organza mate de poli\u00e9ster 100% disponible en una variedad de 18 colores que se adaptan a cualquier proyecto debido a su certificaci\u00f3n retardante de llama. Esta tela de cortina ligera presenta una banda de plomo para una ca\u00edda perfecta.<\/p>\n<h2>Leaf FR es un organza mate de poli\u00e9ster 100% disponible en una variedad de 18 colores que se adaptan a cualquier proyecto debido a su certificaci\u00f3n retardante de llama. Esta tela de cortina ligera presenta una banda de plomo para una ca\u00edda perfecta.<\/h2>\n<p><img fetchpriority=\"high\" decoding=\"async\" class=\"alignnone wp-image-181777 size-medium\" src=\"https:\/\/aldeco.pt\/staging\/wp-content\/uploads\/2024\/03\/T190330001-300x200.jpg\" alt=\"Leaf FR - Aldeco\" width=\"300\" height=\"200\" \/><\/p>\n<p><a href=\"https:\/\/aldeco.pt\/staging\/product\/leaf-fr\/?attribute_pa_aldeco-color=01-ice\">https:\/\/aldeco.pt\/staging\/product\/leaf-fr\/?attribute_pa_aldeco-color=01-ice<\/a><\/p>\n<p><a href=\"https:\/\/www.instagram.com\/aldeco_interiorfabrics\/\">https:\/\/www.instagram.com\/aldeco_interiorfabrics\/<\/a><\/p>\n<p>&nbsp;<\/p>\n","protected":false},"featured_media":155860,"template":"","meta":[],"product_brand":[],"product_cat":[6154],"product_tag":[],"class_list":{"0":"post-184496","1":"product","2":"type-product","3":"status-publish","4":"has-post-thumbnail","6":"product_cat-aldeco-smarter-es","7":"pa_cleanability-8283","8":"pa_composition-ext-100-pl-es","9":"pa_contract-fabrics-1-es","10":"pa_interior-fabrics-1-es","11":"pa_line-telas","12":"pa_lithfastness-9681","13":"pa_outdoor-0-es","14":"pa_range-liso-es","15":"pa_range-transparencias","16":"pa_special-treatments-fabrics-1-es","17":"pa_sustainable-fabrics-1-es","20":"first","21":"instock","22":"purchasable","23":"product-type-variable"},"acf":[],"_links":{"self":[{"href":"https:\/\/staging.aldeco.pt\/es\/wp-json\/wp\/v2\/product\/184496","targetHints":{"allow":["GET"]}}],"collection":[{"href":"https:\/\/staging.aldeco.pt\/es\/wp-json\/wp\/v2\/product"}],"about":[{"href":"https:\/\/staging.aldeco.pt\/es\/wp-json\/wp\/v2\/types\/product"}],"version-history":[{"count":2,"href":"https:\/\/staging.aldeco.pt\/es\/wp-json\/wp\/v2\/product\/184496\/revisions"}],"predecessor-version":[{"id":200842,"href":"https:\/\/staging.aldeco.pt\/es\/wp-json\/wp\/v2\/product\/184496\/revisions\/200842"}],"wp:featuredmedia":[{"embeddable":true,"href":"https:\/\/staging.aldeco.pt\/es\/wp-json\/wp\/v2\/media\/155860"}],"wp:attachment":[{"href":"https:\/\/staging.aldeco.pt\/es\/wp-json\/wp\/v2\/media?parent=184496"}],"wp:term":[{"taxonomy":"product_brand","embeddable":true,"href":"https:\/\/staging.aldeco.pt\/es\/wp-json\/wp\/v2\/product_brand?post=184496"},{"taxonomy":"product_cat","embeddable":true,"href":"https:\/\/staging.aldeco.pt\/es\/wp-json\/wp\/v2\/product_cat?post=184496"},{"taxonomy":"product_tag","embeddable":true,"href":"https:\/\/staging.aldeco.pt\/es\/wp-json\/wp\/v2\/product_tag?post=184496"}],"curies":[{"name":"wp","href":"https:\/\/api.w.org\/{rel}","templated":true}]}}