{"id":184460,"date":"2024-05-09T20:44:59","date_gmt":"2024-05-09T20:44:59","guid":{"rendered":"https:\/\/aldeco.pt\/staging\/product\/lake\/"},"modified":"2024-09-30T09:49:56","modified_gmt":"2024-09-30T09:49:56","slug":"lake","status":"publish","type":"product","link":"https:\/\/staging.aldeco.pt\/es\/product\/lake\/","title":{"rendered":"LAKE"},"content":{"rendered":"<p>Lake es una tela de tapicer\u00eda jacquard con un dise\u00f1o geom\u00e9trico muy din\u00e1mico. Su geometr\u00eda de dos tonos es atemporal. Est\u00e1 disponible en 9 colores.<\/p>\n","protected":false},"excerpt":{"rendered":"<p>Lake es una tela de tapicer\u00eda jacquard con un dise\u00f1o geom\u00e9trico muy din\u00e1mico.\u00a0 Su geometr\u00eda de dos tonos es atemporal. Est\u00e1 disponible en 9 colores.<\/p>\n<h2>Lake es una tela de tapicer\u00eda jacquard con un dise\u00f1o geom\u00e9trico muy din\u00e1mico. Su geometr\u00eda de dos tonos es atemporal. Est\u00e1 disponible en 9 colores.<\/h2>\n<p><img fetchpriority=\"high\" decoding=\"async\" class=\"alignnone wp-image-177386 size-medium\" src=\"https:\/\/aldeco.pt\/staging\/wp-content\/uploads\/2024\/01\/T017400011-1-300x280.jpg\" alt=\"Lake - Aldeco\" width=\"300\" height=\"280\" \/><\/p>\n<p><a href=\"https:\/\/www.instagram.com\/aldeco_interiorfabrics\/\">https:\/\/www.instagram.com\/aldeco_interiorfabrics\/<\/a><\/p>\n<p><a href=\"https:\/\/aldeco.pt\/staging\/product\/lake\/?attribute_pa_aldeco-color=1\">https:\/\/aldeco.pt\/staging\/product\/lake\/?attribute_pa_aldeco-color=1<\/a><\/p>\n<p>&nbsp;<\/p>\n","protected":false},"featured_media":166330,"template":"","meta":[],"product_brand":[],"product_cat":[6146],"product_tag":[],"class_list":{"0":"post-184460","1":"product","2":"type-product","3":"status-publish","4":"has-post-thumbnail","6":"product_cat-aldeco-2-es","7":"pa_cleanability-8283","8":"pa_composition-ext-53-vi-25-li-22-co-es","9":"pa_interior-fabrics-1-es","10":"pa_line-telas","11":"pa_lithfastness-4-es","12":"pa_outdoor-0-es","13":"pa_range-jacquard-es","14":"pa_rapport-horizontal-4-es","15":"pa_rapport-vertical-5-5-es","18":"first","19":"instock","20":"purchasable","21":"product-type-variable"},"acf":[],"_links":{"self":[{"href":"https:\/\/staging.aldeco.pt\/es\/wp-json\/wp\/v2\/product\/184460","targetHints":{"allow":["GET"]}}],"collection":[{"href":"https:\/\/staging.aldeco.pt\/es\/wp-json\/wp\/v2\/product"}],"about":[{"href":"https:\/\/staging.aldeco.pt\/es\/wp-json\/wp\/v2\/types\/product"}],"version-history":[{"count":2,"href":"https:\/\/staging.aldeco.pt\/es\/wp-json\/wp\/v2\/product\/184460\/revisions"}],"predecessor-version":[{"id":200936,"href":"https:\/\/staging.aldeco.pt\/es\/wp-json\/wp\/v2\/product\/184460\/revisions\/200936"}],"wp:featuredmedia":[{"embeddable":true,"href":"https:\/\/staging.aldeco.pt\/es\/wp-json\/wp\/v2\/media\/166330"}],"wp:attachment":[{"href":"https:\/\/staging.aldeco.pt\/es\/wp-json\/wp\/v2\/media?parent=184460"}],"wp:term":[{"taxonomy":"product_brand","embeddable":true,"href":"https:\/\/staging.aldeco.pt\/es\/wp-json\/wp\/v2\/product_brand?post=184460"},{"taxonomy":"product_cat","embeddable":true,"href":"https:\/\/staging.aldeco.pt\/es\/wp-json\/wp\/v2\/product_cat?post=184460"},{"taxonomy":"product_tag","embeddable":true,"href":"https:\/\/staging.aldeco.pt\/es\/wp-json\/wp\/v2\/product_tag?post=184460"}],"curies":[{"name":"wp","href":"https:\/\/api.w.org\/{rel}","templated":true}]}}