{"id":184415,"date":"2024-05-09T20:45:48","date_gmt":"2024-05-09T20:45:48","guid":{"rendered":"https:\/\/aldeco.pt\/staging\/product\/lara-fr\/"},"modified":"2024-09-20T16:11:31","modified_gmt":"2024-09-20T16:11:31","slug":"lara-fr","status":"publish","type":"product","link":"https:\/\/staging.aldeco.pt\/es\/product\/lara-fr\/","title":{"rendered":"LARA FR"},"content":{"rendered":"<p>Es una tela de cortina muy ligera y elegante, como una red cerrada. Esta cortina es resistente al fuego certificada y es ideal para sus proyectos m\u00e1s exigentes gracias a sus propiedades retardantes de llama obtenidas a trav\u00e9s de poli\u00e9ster retardante de llama inherente. Esta tela ancha mide 330 cm y est\u00e1 disponible en 10 colores.<\/p>\n","protected":false},"excerpt":{"rendered":"<p>Es una tela de cortina muy ligera y elegante, como una red cerrada. Esta cortina es resistente al fuego certificada y es ideal para sus proyectos m\u00e1s exigentes gracias a sus propiedades retardantes de llama obtenidas a trav\u00e9s de poli\u00e9ster retardante de llama inherente. Esta tela ancha mide 330 cm y est\u00e1 disponible en 10 colores.<\/p>\n<h2>LARA FR es una tela de cortina muy ligera y elegante, como una red cerrada. Esta cortina es resistente al fuego certificada y es ideal para sus proyectos m\u00e1s exigentes gracias a sus propiedades retardantes de llama obtenidas a trav\u00e9s de poli\u00e9ster retardante de llama inherente. Esta tela ancha mide 330 cm y est\u00e1 disponible en 10 colores.<\/h2>\n<p><img fetchpriority=\"high\" decoding=\"async\" class=\"alignnone wp-image-181752 size-medium\" src=\"https:\/\/aldeco.pt\/staging\/wp-content\/uploads\/2024\/03\/T190400001-300x300.jpg\" alt=\"Lara FR - Aldeco\" width=\"300\" height=\"300\" \/><\/p>\n<p><a href=\"https:\/\/www.instagram.com\/aldeco_interiorfabrics\/\">https:\/\/www.instagram.com\/aldeco_interiorfabrics\/<\/a><\/p>\n<p><a href=\"https:\/\/aldeco.pt\/staging\/product\/lara-fr\/?attribute_pa_aldeco-color=01-snow\">https:\/\/aldeco.pt\/staging\/product\/lara-fr\/?attribute_pa_aldeco-color=01-snow<\/a><\/p>\n<p>&nbsp;<\/p>\n","protected":false},"featured_media":159265,"template":"","meta":[],"product_brand":[],"product_cat":[6154],"product_tag":[],"class_list":{"0":"post-184415","1":"product","2":"type-product","3":"status-publish","4":"has-post-thumbnail","6":"product_cat-aldeco-smarter-es","7":"pa_cleanability-8283","8":"pa_composition-ext-100-pl-fr-es","9":"pa_contract-fabrics-1-es","10":"pa_interior-fabrics-1-es","11":"pa_line-telas","12":"pa_lithfastness-5-es","13":"pa_outdoor-0-es","14":"pa_range-liso-es","15":"pa_range-transparencias","18":"first","19":"instock","20":"purchasable","21":"product-type-variable"},"acf":[],"_links":{"self":[{"href":"https:\/\/staging.aldeco.pt\/es\/wp-json\/wp\/v2\/product\/184415","targetHints":{"allow":["GET"]}}],"collection":[{"href":"https:\/\/staging.aldeco.pt\/es\/wp-json\/wp\/v2\/product"}],"about":[{"href":"https:\/\/staging.aldeco.pt\/es\/wp-json\/wp\/v2\/types\/product"}],"version-history":[{"count":2,"href":"https:\/\/staging.aldeco.pt\/es\/wp-json\/wp\/v2\/product\/184415\/revisions"}],"predecessor-version":[{"id":200730,"href":"https:\/\/staging.aldeco.pt\/es\/wp-json\/wp\/v2\/product\/184415\/revisions\/200730"}],"wp:featuredmedia":[{"embeddable":true,"href":"https:\/\/staging.aldeco.pt\/es\/wp-json\/wp\/v2\/media\/159265"}],"wp:attachment":[{"href":"https:\/\/staging.aldeco.pt\/es\/wp-json\/wp\/v2\/media?parent=184415"}],"wp:term":[{"taxonomy":"product_brand","embeddable":true,"href":"https:\/\/staging.aldeco.pt\/es\/wp-json\/wp\/v2\/product_brand?post=184415"},{"taxonomy":"product_cat","embeddable":true,"href":"https:\/\/staging.aldeco.pt\/es\/wp-json\/wp\/v2\/product_cat?post=184415"},{"taxonomy":"product_tag","embeddable":true,"href":"https:\/\/staging.aldeco.pt\/es\/wp-json\/wp\/v2\/product_tag?post=184415"}],"curies":[{"name":"wp","href":"https:\/\/api.w.org\/{rel}","templated":true}]}}