{"id":184385,"date":"2024-05-09T20:43:36","date_gmt":"2024-05-09T20:43:36","guid":{"rendered":"https:\/\/aldeco.pt\/staging\/product\/kim\/"},"modified":"2024-11-11T15:54:20","modified_gmt":"2024-11-11T15:54:20","slug":"kim","status":"publish","type":"product","link":"https:\/\/staging.aldeco.pt\/es\/product\/kim\/","title":{"rendered":"KIM"},"content":{"rendered":"<p>Kim es una evoluci\u00f3n de nuestro tejido Key, creado a trav\u00e9s de un juego de estructuras y rayas ahumadas. De 140 cm de ancho, te presentamos 14 fant\u00e1sticos colores que destacan en esta colecci\u00f3n.<\/p>\n","protected":false},"excerpt":{"rendered":"<p>Kim es una evoluci\u00f3n de nuestro tejido Key, creado a trav\u00e9s de un juego de estructuras y rayas ahumadas. De 140 cm de ancho, te presentamos 14 fant\u00e1sticos colores que destacan en esta colecci\u00f3n.<\/p>\n<h2>Kim es una evoluci\u00f3n de nuestro tejido Key, creado a trav\u00e9s de un juego de estructuras y rayas ahumadas. De 140 cm de ancho, te presentamos 14 fant\u00e1sticos colores que destacan en esta colecci\u00f3n.<\/h2>\n<p><img fetchpriority=\"high\" decoding=\"async\" class=\"alignnone wp-image-181664 size-medium\" src=\"https:\/\/aldeco.pt\/staging\/wp-content\/uploads\/2024\/03\/T019960001-300x240.jpg\" alt=\"Kim - Aldeco\" width=\"300\" height=\"240\"><\/p>\n<p><a href=\"https:\/\/aldeco.pt\/staging\/product\/kim\/?attribute_pa_aldeco-color=01-pure-white\">https:\/\/aldeco.pt\/staging\/product\/kim\/?attribute_pa_aldeco-color=01-pure-white<\/a><\/p>\n<p><a href=\"https:\/\/www.instagram.com\/aldeco_interiorfabrics\/\">https:\/\/www.instagram.com\/aldeco_interiorfabrics\/<\/a><\/p>\n<p>&nbsp;<\/p>\n","protected":false},"featured_media":155834,"template":"","meta":[],"product_brand":[],"product_cat":[6146],"product_tag":[],"class_list":{"0":"post-184385","1":"product","2":"type-product","3":"status-publish","4":"has-post-thumbnail","6":"product_cat-aldeco-2-es","7":"pa_cleanability-8283","8":"pa_composition-ext-42-li-34-ny-24-pl-es","9":"pa_interior-fabrics-1-es","10":"pa_line-telas","11":"pa_lithfastness-9681","12":"pa_outdoor-0-es","13":"pa_range-jacquard-es","14":"pa_rapport-horizontal-23-8-es","15":"pa_rapport-vertical-35-es","18":"first","19":"instock","20":"purchasable","21":"product-type-variable"},"acf":[],"_links":{"self":[{"href":"https:\/\/staging.aldeco.pt\/es\/wp-json\/wp\/v2\/product\/184385","targetHints":{"allow":["GET"]}}],"collection":[{"href":"https:\/\/staging.aldeco.pt\/es\/wp-json\/wp\/v2\/product"}],"about":[{"href":"https:\/\/staging.aldeco.pt\/es\/wp-json\/wp\/v2\/types\/product"}],"version-history":[{"count":3,"href":"https:\/\/staging.aldeco.pt\/es\/wp-json\/wp\/v2\/product\/184385\/revisions"}],"predecessor-version":[{"id":211481,"href":"https:\/\/staging.aldeco.pt\/es\/wp-json\/wp\/v2\/product\/184385\/revisions\/211481"}],"wp:featuredmedia":[{"embeddable":true,"href":"https:\/\/staging.aldeco.pt\/es\/wp-json\/wp\/v2\/media\/155834"}],"wp:attachment":[{"href":"https:\/\/staging.aldeco.pt\/es\/wp-json\/wp\/v2\/media?parent=184385"}],"wp:term":[{"taxonomy":"product_brand","embeddable":true,"href":"https:\/\/staging.aldeco.pt\/es\/wp-json\/wp\/v2\/product_brand?post=184385"},{"taxonomy":"product_cat","embeddable":true,"href":"https:\/\/staging.aldeco.pt\/es\/wp-json\/wp\/v2\/product_cat?post=184385"},{"taxonomy":"product_tag","embeddable":true,"href":"https:\/\/staging.aldeco.pt\/es\/wp-json\/wp\/v2\/product_tag?post=184385"}],"curies":[{"name":"wp","href":"https:\/\/api.w.org\/{rel}","templated":true}]}}