{"id":184348,"date":"2024-05-09T20:39:22","date_gmt":"2024-05-09T20:39:22","guid":{"rendered":"https:\/\/aldeco.pt\/staging\/product\/ivy\/"},"modified":"2024-10-02T11:35:37","modified_gmt":"2024-10-02T11:35:37","slug":"ivy","status":"publish","type":"product","link":"https:\/\/staging.aldeco.pt\/es\/product\/ivy\/","title":{"rendered":"IVY"},"content":{"rendered":"<p>Ivy es una tela pesada con aspecto natural y doble ancho. Es una hermosa tela jacquard con dibujos \u00e9tnicos. Adecuado para cortinas, decoraci\u00f3n y tapicer\u00eda ligera.<\/p>\n","protected":false},"excerpt":{"rendered":"<p>Ivy es una tela pesada con aspecto natural y doble ancho. Es una hermosa tela jacquard con dibujos \u00e9tnicos. Adecuado para cortinas, decoraci\u00f3n y tapicer\u00eda ligera.<\/p>\n<h2>Ivy es una tela pesada con aspecto natural y doble ancho. Es una hermosa tela jacquard con dibujos \u00e9tnicos. Adecuado para cortinas, decoraci\u00f3n y tapicer\u00eda ligera.<\/h2>\n<p><img fetchpriority=\"high\" decoding=\"async\" class=\"alignnone wp-image-181479 size-medium\" src=\"https:\/\/aldeco.pt\/staging\/wp-content\/uploads\/2024\/03\/T190230001-300x200.jpg\" alt=\"Ivy - Aldeco\" width=\"300\" height=\"200\" \/><\/p>\n<p><a href=\"https:\/\/www.instagram.com\/aldeco_interiorfabrics\/\">https:\/\/www.instagram.com\/aldeco_interiorfabrics\/<\/a><\/p>\n<p><a href=\"https:\/\/aldeco.pt\/staging\/product\/ivy\/?attribute_pa_aldeco-color=01-natural\">https:\/\/aldeco.pt\/staging\/product\/ivy\/?attribute_pa_aldeco-color=01-natural<\/a><\/p>\n<p>&nbsp;<\/p>\n","protected":false},"featured_media":155765,"template":"","meta":[],"product_brand":[],"product_cat":[6146],"product_tag":[],"class_list":{"0":"post-184348","1":"product","2":"type-product","3":"status-publish","4":"has-post-thumbnail","6":"product_cat-aldeco-2-es","7":"pa_cleanability-8283","8":"pa_composition-ext-29-47-pl-28-99-li-41-55-cv-es","9":"pa_interior-fabrics-1-es","10":"pa_line-telas","11":"pa_lithfastness-9681","12":"pa_outdoor-0-es","13":"pa_range-jacquard-es","14":"pa_rapport-horizontal-27-5-es","15":"pa_rapport-vertical-17-5-es","18":"first","19":"instock","20":"purchasable","21":"product-type-variable"},"acf":[],"_links":{"self":[{"href":"https:\/\/staging.aldeco.pt\/es\/wp-json\/wp\/v2\/product\/184348","targetHints":{"allow":["GET"]}}],"collection":[{"href":"https:\/\/staging.aldeco.pt\/es\/wp-json\/wp\/v2\/product"}],"about":[{"href":"https:\/\/staging.aldeco.pt\/es\/wp-json\/wp\/v2\/types\/product"}],"version-history":[{"count":2,"href":"https:\/\/staging.aldeco.pt\/es\/wp-json\/wp\/v2\/product\/184348\/revisions"}],"predecessor-version":[{"id":201831,"href":"https:\/\/staging.aldeco.pt\/es\/wp-json\/wp\/v2\/product\/184348\/revisions\/201831"}],"wp:featuredmedia":[{"embeddable":true,"href":"https:\/\/staging.aldeco.pt\/es\/wp-json\/wp\/v2\/media\/155765"}],"wp:attachment":[{"href":"https:\/\/staging.aldeco.pt\/es\/wp-json\/wp\/v2\/media?parent=184348"}],"wp:term":[{"taxonomy":"product_brand","embeddable":true,"href":"https:\/\/staging.aldeco.pt\/es\/wp-json\/wp\/v2\/product_brand?post=184348"},{"taxonomy":"product_cat","embeddable":true,"href":"https:\/\/staging.aldeco.pt\/es\/wp-json\/wp\/v2\/product_cat?post=184348"},{"taxonomy":"product_tag","embeddable":true,"href":"https:\/\/staging.aldeco.pt\/es\/wp-json\/wp\/v2\/product_tag?post=184348"}],"curies":[{"name":"wp","href":"https:\/\/api.w.org\/{rel}","templated":true}]}}