{"id":184311,"date":"2024-05-09T20:40:39","date_gmt":"2024-05-09T20:40:39","guid":{"rendered":"https:\/\/aldeco.pt\/staging\/product\/joy-fr-wlb\/"},"modified":"2024-10-01T16:55:31","modified_gmt":"2024-10-01T16:55:31","slug":"joy-fr-wlb","status":"publish","type":"product","link":"https:\/\/staging.aldeco.pt\/es\/product\/joy-fr-wlb\/","title":{"rendered":"JOY FR WLB"},"content":{"rendered":"<p>Ideal para cortinas, Joy es una interpretaci\u00f3n din\u00e1mica del cl\u00e1sico chevron, con un espigado muy elegante y sinuoso.<br \/>\nEst\u00e1 disponible en 9 colores.<\/p>\n","protected":false},"excerpt":{"rendered":"<p>Ideal para cortinas, Joy es una interpretaci\u00f3n din\u00e1mica del cl\u00e1sico chevron, con un espigado muy elegante y sinuoso.<br \/>\nEst\u00e1 disponible en 9 colores.<\/p>\n<h2>JOY FR WLB es ideal para cortinas, Joy es una interpretaci\u00f3n din\u00e1mica del cl\u00e1sico chevron, con un espigado muy elegante y sinuoso.<br \/>\nEst\u00e1 disponible en 9 colores.<\/h2>\n<p><img fetchpriority=\"high\" decoding=\"async\" class=\"alignnone wp-image-181563 size-medium\" src=\"https:\/\/aldeco.pt\/staging\/wp-content\/uploads\/2024\/01\/T191210001-4-300x212.jpg\" alt=\"Joy FR Wlb - Aldeco\" width=\"300\" height=\"212\" \/><\/p>\n<p><a href=\"https:\/\/aldeco.pt\/staging\/product\/joy-fr-wlb\/?attribute_pa_aldeco-color=01-pure-white\">https:\/\/aldeco.pt\/staging\/product\/joy-fr-wlb\/?attribute_pa_aldeco-color=01-pure-white<\/a><\/p>\n<p><a href=\"https:\/\/www.instagram.com\/aldeco_interiorfabrics\/\">https:\/\/www.instagram.com\/aldeco_interiorfabrics\/<\/a><\/p>\n","protected":false},"featured_media":155778,"template":"","meta":[],"product_brand":[],"product_cat":[6146],"product_tag":[],"class_list":{"0":"post-184311","1":"product","2":"type-product","3":"status-publish","4":"has-post-thumbnail","6":"product_cat-aldeco-2-es","7":"pa_cleanability-8283","8":"pa_composition-ext-100-pl-fr-es","9":"pa_contract-fabrics-1-es","10":"pa_interior-fabrics-1-es","11":"pa_line-telas","12":"pa_lithfastness-5-es","13":"pa_outdoor-0-es","14":"pa_range-jacquard-es","15":"pa_range-transparencias","16":"pa_rapport-horizontal-60-es","17":"pa_rapport-vertical-18-5-es","18":"pa_special-treatments-fabrics-1-es","21":"first","22":"instock","23":"purchasable","24":"product-type-variable"},"acf":[],"_links":{"self":[{"href":"https:\/\/staging.aldeco.pt\/es\/wp-json\/wp\/v2\/product\/184311","targetHints":{"allow":["GET"]}}],"collection":[{"href":"https:\/\/staging.aldeco.pt\/es\/wp-json\/wp\/v2\/product"}],"about":[{"href":"https:\/\/staging.aldeco.pt\/es\/wp-json\/wp\/v2\/types\/product"}],"version-history":[{"count":2,"href":"https:\/\/staging.aldeco.pt\/es\/wp-json\/wp\/v2\/product\/184311\/revisions"}],"predecessor-version":[{"id":201755,"href":"https:\/\/staging.aldeco.pt\/es\/wp-json\/wp\/v2\/product\/184311\/revisions\/201755"}],"wp:featuredmedia":[{"embeddable":true,"href":"https:\/\/staging.aldeco.pt\/es\/wp-json\/wp\/v2\/media\/155778"}],"wp:attachment":[{"href":"https:\/\/staging.aldeco.pt\/es\/wp-json\/wp\/v2\/media?parent=184311"}],"wp:term":[{"taxonomy":"product_brand","embeddable":true,"href":"https:\/\/staging.aldeco.pt\/es\/wp-json\/wp\/v2\/product_brand?post=184311"},{"taxonomy":"product_cat","embeddable":true,"href":"https:\/\/staging.aldeco.pt\/es\/wp-json\/wp\/v2\/product_cat?post=184311"},{"taxonomy":"product_tag","embeddable":true,"href":"https:\/\/staging.aldeco.pt\/es\/wp-json\/wp\/v2\/product_tag?post=184311"}],"curies":[{"name":"wp","href":"https:\/\/api.w.org\/{rel}","templated":true}]}}