{"id":184228,"date":"2024-05-09T20:38:12","date_gmt":"2024-05-09T20:38:12","guid":{"rendered":"https:\/\/aldeco.pt\/staging\/product\/inhaus-printed-velvet-viraloff\/"},"modified":"2024-08-29T14:45:45","modified_gmt":"2024-08-29T14:45:45","slug":"inhaus-printed-velvet-viraloff","status":"publish","type":"product","link":"https:\/\/staging.aldeco.pt\/es\/product\/inhaus-printed-velvet-viraloff\/","title":{"rendered":"INHAUS PRINTED VELVET VIRALOFF"},"content":{"rendered":"<p>InHAUS es una tela de transici\u00f3n de la anterior colecci\u00f3n Invicta 2020, con una fuerte inspiraci\u00f3n en el legado de la Bauhaus.<br \/>\nSiguiendo nuestra conciencia ambiental, este terciopelo de algod\u00f3n de pelo alto fue desarrollado con un tratamiento inherente con Polygiene ViralOff, que es un tratamiento que es absorbido por la propia fibra, durante la producci\u00f3n. Este tratamiento elimina el 99% de los virus en 2 horas.<br \/>\nLa inspiraci\u00f3n Bauhaus est\u00e1 presente en la arquitectura geom\u00e9trica urbana, deconstruida y ensamblada seg\u00fan la est\u00e9tica de este movimiento art\u00edstico. Este dise\u00f1o nos transporta a un lugar acogedor, donde la armon\u00eda de formas geom\u00e9tricas y org\u00e1nicas se unen como un cuadro de una Arquitectura Urbana.<br \/>\nEste suave terciopelo est\u00e1 disponible en 3 colores y puede tratarse en FR.<br \/>\nEs posible realizar pedidos con certificado COEX FR, pero no puede ser simult\u00e1neamente con tratamiento antiviral.<\/p>\n","protected":false},"excerpt":{"rendered":"<p>InHAUS es una tela de transici\u00f3n de la anterior colecci\u00f3n Invicta 2020, con una fuerte inspiraci\u00f3n en el legado de la Bauhaus.<\/p>\n<p>Siguiendo nuestra conciencia ambiental, este terciopelo de algod\u00f3n de pelo alto fue desarrollado con un tratamiento inherente con Polygiene ViralOff, que es un tratamiento que es absorbido por la propia fibra, durante la producci\u00f3n. Este tratamiento elimina el 99% de los virus en 2 horas.<\/p>\n<p>La inspiraci\u00f3n Bauhaus est\u00e1 presente en la arquitectura geom\u00e9trica urbana, deconstruida y ensamblada seg\u00fan la est\u00e9tica de este movimiento art\u00edstico. Este dise\u00f1o nos transporta a un lugar acogedor, donde la armon\u00eda de formas geom\u00e9tricas y org\u00e1nicas se unen como un cuadro de una Arquitectura Urbana.<\/p>\n<p>Este suave terciopelo est\u00e1 disponible en 3 colores y puede tratarse en FR.<br \/>\nEs posible realizar pedidos con certificado COEX FR, pero no puede ser simult\u00e1neamente con tratamiento antiviral.<\/p>\n<h2>InHAUS es una tela de transici\u00f3n de la anterior colecci\u00f3n Invicta 2020, con una fuerte inspiraci\u00f3n en el legado de la Bauhaus.<\/h2>\n<h2>Siguiendo nuestra conciencia ambiental, este terciopelo de algod\u00f3n de pelo alto fue desarrollado con un tratamiento inherente con Polygiene ViralOff, que es un tratamiento que es absorbido por la propia fibra, durante la producci\u00f3n. Este tratamiento elimina el 99% de los virus en 2 horas.<\/h2>\n<h2><img fetchpriority=\"high\" decoding=\"async\" class=\"alignnone wp-image-181387 size-medium\" src=\"https:\/\/aldeco.pt\/staging\/wp-content\/uploads\/2024\/01\/T192010002-3-300x225.jpg\" alt=\"Inhaus Printed - Aldeco\" width=\"300\" height=\"225\" \/><\/h2>\n<p><a href=\"https:\/\/www.instagram.com\/aldeco_interiorfabrics\/\">https:\/\/www.instagram.com\/aldeco_interiorfabrics\/<\/a><\/p>\n<p><a href=\"https:\/\/aldeco.pt\/staging\/product\/inhaus-printed-velvet-viraloff\/?attribute_pa_aldeco-color=01-toast-coffee\">https:\/\/aldeco.pt\/staging\/product\/inhaus-printed-velvet-viraloff\/?attribute_pa_aldeco-color=01-toast-coffee<\/a><\/p>\n<h2><\/h2>\n","protected":false},"featured_media":159156,"template":"","meta":[],"product_brand":[],"product_cat":[6146],"product_tag":[],"class_list":{"0":"post-184228","1":"product","2":"type-product","3":"status-publish","4":"has-post-thumbnail","6":"product_cat-aldeco-2-es","7":"pa_cleanability-8283","8":"pa_composition-ext-100-co-es","9":"pa_interior-fabrics-1-es","10":"pa_line-telas","11":"pa_lithfastness-3-4-es","12":"pa_lithfastness-3-6-es","13":"pa_outdoor-0-es","14":"pa_range-estampado-es","15":"pa_range-terciopelo","16":"pa_rapport-horizontal-140-es","17":"pa_rapport-vertical-76-es","18":"pa_special-treatments-fabrics-1-es","21":"first","22":"instock","23":"purchasable","24":"product-type-variable"},"acf":[],"_links":{"self":[{"href":"https:\/\/staging.aldeco.pt\/es\/wp-json\/wp\/v2\/product\/184228","targetHints":{"allow":["GET"]}}],"collection":[{"href":"https:\/\/staging.aldeco.pt\/es\/wp-json\/wp\/v2\/product"}],"about":[{"href":"https:\/\/staging.aldeco.pt\/es\/wp-json\/wp\/v2\/types\/product"}],"version-history":[{"count":2,"href":"https:\/\/staging.aldeco.pt\/es\/wp-json\/wp\/v2\/product\/184228\/revisions"}],"predecessor-version":[{"id":193783,"href":"https:\/\/staging.aldeco.pt\/es\/wp-json\/wp\/v2\/product\/184228\/revisions\/193783"}],"wp:featuredmedia":[{"embeddable":true,"href":"https:\/\/staging.aldeco.pt\/es\/wp-json\/wp\/v2\/media\/159156"}],"wp:attachment":[{"href":"https:\/\/staging.aldeco.pt\/es\/wp-json\/wp\/v2\/media?parent=184228"}],"wp:term":[{"taxonomy":"product_brand","embeddable":true,"href":"https:\/\/staging.aldeco.pt\/es\/wp-json\/wp\/v2\/product_brand?post=184228"},{"taxonomy":"product_cat","embeddable":true,"href":"https:\/\/staging.aldeco.pt\/es\/wp-json\/wp\/v2\/product_cat?post=184228"},{"taxonomy":"product_tag","embeddable":true,"href":"https:\/\/staging.aldeco.pt\/es\/wp-json\/wp\/v2\/product_tag?post=184228"}],"curies":[{"name":"wp","href":"https:\/\/api.w.org\/{rel}","templated":true}]}}