{"id":184224,"date":"2024-05-09T20:38:31","date_gmt":"2024-05-09T20:38:31","guid":{"rendered":"https:\/\/aldeco.pt\/staging\/product\/inspiration\/"},"modified":"2024-08-29T14:45:43","modified_gmt":"2024-08-29T14:45:43","slug":"inspiration","status":"publish","type":"product","link":"https:\/\/staging.aldeco.pt\/es\/product\/inspiration\/","title":{"rendered":"INSPIRATION"},"content":{"rendered":"<p>Inspiraci\u00f3n es una tela muy especial con un tacto suave y alta resistencia al desgaste (Martindale). Inspirada en las fibras de las plumas de los p\u00e1jaros y el lecho del r\u00edo, este chenille est\u00e1 disponible en 10 maravillosos colores.<\/p>\n","protected":false},"excerpt":{"rendered":"<p>Inspiraci\u00f3n es una tela muy especial con un tacto suave y alta resistencia al desgaste (Martindale). Inspirada en las fibras de las plumas de los p\u00e1jaros y el lecho del r\u00edo, este chenille est\u00e1 disponible en 10 maravillosos colores.<\/p>\n<h2>Inspiraci\u00f3n es una tela muy especial con un tacto suave y alta resistencia al desgaste (Martindale). Inspirada en las fibras de las plumas de los p\u00e1jaros y el lecho del r\u00edo, este chenille est\u00e1 disponible en 10 maravillosos colores.<\/h2>\n<p><img fetchpriority=\"high\" decoding=\"async\" class=\"alignnone wp-image-181415 size-medium\" src=\"https:\/\/aldeco.pt\/staging\/wp-content\/uploads\/2024\/01\/T190670001-6-300x200.jpg\" alt=\"Inspiration - Aldeco\" width=\"300\" height=\"200\"><\/p>\n<p><a href=\"https:\/\/aldeco.pt\/staging\/product\/inspiration\/?attribute_pa_aldeco-color=01-white-star\">https:\/\/aldeco.pt\/staging\/product\/inspiration\/?attribute_pa_aldeco-color=01-white-star<\/a><\/p>\n<p><a href=\"https:\/\/www.instagram.com\/aldeco_interiorfabrics\/\">https:\/\/www.instagram.com\/aldeco_interiorfabrics\/<\/a><\/p>\n<p>&nbsp;<\/p>\n","protected":false},"featured_media":159160,"template":"","meta":[],"product_brand":[],"product_cat":[6146],"product_tag":[],"class_list":{"0":"post-184224","1":"product","2":"type-product","3":"status-publish","4":"has-post-thumbnail","6":"product_cat-aldeco-2-es","7":"pa_cleanability-8283","8":"pa_composition-ext-46-vi-35-co-19-pl-es","9":"pa_interior-fabrics-1-es","10":"pa_line-telas","11":"pa_lithfastness-4-es","12":"pa_outdoor-0-es","13":"pa_range-chenilla","16":"first","17":"instock","18":"purchasable","19":"product-type-variable"},"acf":[],"_links":{"self":[{"href":"https:\/\/staging.aldeco.pt\/es\/wp-json\/wp\/v2\/product\/184224","targetHints":{"allow":["GET"]}}],"collection":[{"href":"https:\/\/staging.aldeco.pt\/es\/wp-json\/wp\/v2\/product"}],"about":[{"href":"https:\/\/staging.aldeco.pt\/es\/wp-json\/wp\/v2\/types\/product"}],"version-history":[{"count":1,"href":"https:\/\/staging.aldeco.pt\/es\/wp-json\/wp\/v2\/product\/184224\/revisions"}],"predecessor-version":[{"id":192518,"href":"https:\/\/staging.aldeco.pt\/es\/wp-json\/wp\/v2\/product\/184224\/revisions\/192518"}],"wp:featuredmedia":[{"embeddable":true,"href":"https:\/\/staging.aldeco.pt\/es\/wp-json\/wp\/v2\/media\/159160"}],"wp:attachment":[{"href":"https:\/\/staging.aldeco.pt\/es\/wp-json\/wp\/v2\/media?parent=184224"}],"wp:term":[{"taxonomy":"product_brand","embeddable":true,"href":"https:\/\/staging.aldeco.pt\/es\/wp-json\/wp\/v2\/product_brand?post=184224"},{"taxonomy":"product_cat","embeddable":true,"href":"https:\/\/staging.aldeco.pt\/es\/wp-json\/wp\/v2\/product_cat?post=184224"},{"taxonomy":"product_tag","embeddable":true,"href":"https:\/\/staging.aldeco.pt\/es\/wp-json\/wp\/v2\/product_tag?post=184224"}],"curies":[{"name":"wp","href":"https:\/\/api.w.org\/{rel}","templated":true}]}}