{"id":184118,"date":"2024-05-09T20:37:09","date_gmt":"2024-05-09T20:37:09","guid":{"rendered":"https:\/\/aldeco.pt\/staging\/product\/hummingbird-printed\/"},"modified":"2024-10-01T16:23:08","modified_gmt":"2024-10-01T16:23:08","slug":"hummingbird-printed","status":"publish","type":"product","link":"https:\/\/staging.aldeco.pt\/es\/product\/hummingbird-printed\/","title":{"rendered":"HUMMINGBIRD PRINTED"},"content":{"rendered":"<p>Impresi\u00f3n digital sobre base satinada 100% algod\u00f3n de alta calidad, con hilo mercerizado. Maravilloso al tacto y la forma en que &#8220;cae&#8221;. La inspiraci\u00f3n surge de la belleza, elegancia y delicadeza del colibr\u00ed.<\/p>\n","protected":false},"excerpt":{"rendered":"<p>HUMMINGBIRD PRINTED sobre base satinada 100% algod\u00f3n de alta calidad, con hilo mercerizado. Maravilloso al tacto y la forma en que &#8220;cae&#8221;. La inspiraci\u00f3n surge de la belleza, elegancia y delicadeza del colibr\u00ed.<\/p>\n<h2>HUMMINGBIRD PRINTED sobre base satinada 100% algod\u00f3n de alta calidad, con hilo mercerizado. Maravilloso al tacto y la forma en que &#8220;cae&#8221;. La inspiraci\u00f3n surge de la belleza, elegancia y delicadeza del colibr\u00ed.<\/h2>\n<p><img fetchpriority=\"high\" decoding=\"async\" class=\"alignnone wp-image-181335 size-medium\" src=\"https:\/\/aldeco.pt\/staging\/wp-content\/uploads\/2024\/03\/T019280001-300x240.jpg\" alt=\"Hummingbird Printed - Aldeco\" width=\"300\" height=\"240\" \/><\/p>\n<p><a href=\"https:\/\/aldeco.pt\/staging\/product\/hummingbird-printed\/?attribute_pa_aldeco-color=01-dazzling-blue\">https:\/\/aldeco.pt\/staging\/product\/hummingbird-printed\/?attribute_pa_aldeco-color=01-dazzling-blue<\/a><\/p>\n<p><a href=\"https:\/\/www.instagram.com\/aldeco_interiorfabrics\/\">https:\/\/www.instagram.com\/aldeco_interiorfabrics\/<\/a><\/p>\n<p>&nbsp;<\/p>\n","protected":false},"featured_media":155738,"template":"","meta":[],"product_brand":[],"product_cat":[6146],"product_tag":[],"class_list":{"0":"post-184118","1":"product","2":"type-product","3":"status-publish","4":"has-post-thumbnail","6":"product_cat-aldeco-2-es","7":"pa_cleanability-8283","8":"pa_composition-ext-100-co-es","9":"pa_interior-fabrics-1-es","10":"pa_line-telas","11":"pa_lithfastness-4-es","12":"pa_outdoor-0-es","13":"pa_range-estampado-es","14":"pa_rapport-horizontal-53-es","15":"pa_rapport-vertical-53-es","18":"first","19":"instock","20":"purchasable","21":"product-type-variable"},"acf":[],"_links":{"self":[{"href":"https:\/\/staging.aldeco.pt\/es\/wp-json\/wp\/v2\/product\/184118","targetHints":{"allow":["GET"]}}],"collection":[{"href":"https:\/\/staging.aldeco.pt\/es\/wp-json\/wp\/v2\/product"}],"about":[{"href":"https:\/\/staging.aldeco.pt\/es\/wp-json\/wp\/v2\/types\/product"}],"version-history":[{"count":2,"href":"https:\/\/staging.aldeco.pt\/es\/wp-json\/wp\/v2\/product\/184118\/revisions"}],"predecessor-version":[{"id":201746,"href":"https:\/\/staging.aldeco.pt\/es\/wp-json\/wp\/v2\/product\/184118\/revisions\/201746"}],"wp:featuredmedia":[{"embeddable":true,"href":"https:\/\/staging.aldeco.pt\/es\/wp-json\/wp\/v2\/media\/155738"}],"wp:attachment":[{"href":"https:\/\/staging.aldeco.pt\/es\/wp-json\/wp\/v2\/media?parent=184118"}],"wp:term":[{"taxonomy":"product_brand","embeddable":true,"href":"https:\/\/staging.aldeco.pt\/es\/wp-json\/wp\/v2\/product_brand?post=184118"},{"taxonomy":"product_cat","embeddable":true,"href":"https:\/\/staging.aldeco.pt\/es\/wp-json\/wp\/v2\/product_cat?post=184118"},{"taxonomy":"product_tag","embeddable":true,"href":"https:\/\/staging.aldeco.pt\/es\/wp-json\/wp\/v2\/product_tag?post=184118"}],"curies":[{"name":"wp","href":"https:\/\/api.w.org\/{rel}","templated":true}]}}