{"id":184084,"date":"2024-05-09T20:36:13","date_gmt":"2024-05-09T20:36:13","guid":{"rendered":"https:\/\/aldeco.pt\/staging\/product\/hope-velvet-easy-clean-fr\/"},"modified":"2024-08-29T14:45:49","modified_gmt":"2024-08-29T14:45:49","slug":"hope-velvet-easy-clean-fr","status":"publish","type":"product","link":"https:\/\/staging.aldeco.pt\/es\/product\/hope-velvet-easy-clean-fr\/","title":{"rendered":"HOPE VELVET EASY CLEAN FR"},"content":{"rendered":"<p>HOPE VELVET es un tejido de terciopelo reciclado con apariencia de algod\u00f3n elaborado a partir de un nuevo hilo de olefina sostenible y Better Cotton\u2122. Se trata del primer hilo de olefina reciclado desarrollado para la industria del mueble que se produce a partir de residuos textiles convertidos y no utiliza agua durante el proceso de producci\u00f3n, lo que ahorra 250 litros de agua por sof\u00e1.<br \/>\nHope Velvet ha pasado el est\u00e1ndar Recycled Blended Claim y tiene un tratamiento f\u00e1cil de limpiar para un mejor rendimiento manteniendo una sensaci\u00f3n natural y suave. Este terciopelo tiene una alta resistencia a la abrasi\u00f3n y es ign\u00edfugo en diferentes est\u00e1ndares y est\u00e1 disponible en 16 colores irresistibles.<\/p>\n","protected":false},"excerpt":{"rendered":"<p>HOPE VELVET es un tejido de terciopelo reciclado con apariencia de algod\u00f3n elaborado a partir de un nuevo hilo de olefina sostenible y Better Cotton\u2122. Se trata del primer hilo de olefina reciclado desarrollado para la industria del mueble que se produce a partir de residuos textiles convertidos y no utiliza agua durante el proceso de producci\u00f3n, lo que ahorra 250 litros de agua por sof\u00e1.<br \/>\nHope Velvet ha pasado el est\u00e1ndar Recycled Blended Claim y tiene un tratamiento f\u00e1cil de limpiar para un mejor rendimiento manteniendo una sensaci\u00f3n natural y suave. Este terciopelo tiene una alta resistencia a la abrasi\u00f3n y es ign\u00edfugo en diferentes est\u00e1ndares y est\u00e1 disponible en 16 colores irresistibles.<\/p>\n<h2>HOPE VELVET es un tejido de terciopelo reciclado con apariencia de algod\u00f3n elaborado a partir de un nuevo hilo de olefina sostenible y Better Cotton\u2122. Se trata del primer hilo de olefina reciclado desarrollado para la industria del mueble que se produce a partir de residuos textiles convertidos y no utiliza agua durante el proceso de producci\u00f3n, lo que ahorra 250 litros de agua por sof\u00e1.<\/h2>\n<h2>Es una tela reciclada con tratamiento de f\u00e1cil limpieza para un mejor rendimiento, manteniendo una sensaci\u00f3n natural y suave. Adem\u00e1s, tiene alta resistencia a la abrasi\u00f3n y cumple con los est\u00e1ndares de retardante de fuego. Est\u00e1 disponible en 16 colores irresistibles.<\/h2>\n<p><img fetchpriority=\"high\" decoding=\"async\" class=\"alignnone wp-image-69916 size-medium\" src=\"https:\/\/aldeco.pt\/staging\/wp-content\/uploads\/2024\/01\/T192520015-1-300x200.jpg\" alt=\"Hope Velvet Easy Clean FR - Aldeco\" width=\"300\" height=\"200\"><\/p>\n<p><a href=\"https:\/\/aldeco.pt\/staging\/product\/hope-velvet-easy-clean-fr\/?attribute_pa_aldeco-color=01-white-cotton\">https:\/\/aldeco.pt\/staging\/product\/hope-velvet-easy-clean-fr\/?attribute_pa_aldeco-color=01-white-cotton<\/a><\/p>\n<p><a href=\"https:\/\/www.instagram.com\/aldeco_interiorfabrics\/\">https:\/\/www.instagram.com\/aldeco_interiorfabrics\/<\/a><\/p>\n<p>&nbsp;<\/p>\n","protected":false},"featured_media":159124,"template":"","meta":[],"product_brand":[],"product_cat":[6146],"product_tag":[],"class_list":{"0":"post-184084","1":"product","2":"type-product","3":"status-publish","4":"has-post-thumbnail","6":"product_cat-aldeco-2-es","7":"pa_cleanability-8283","8":"pa_composition-ext-31-co-38-pl-31-rpl-es","9":"pa_contract-fabrics-1-es","10":"pa_interior-fabrics-1-es","11":"pa_line-telas","12":"pa_lithfastness-9681","13":"pa_outdoor-0-es","14":"pa_range-terciopelo","15":"pa_special-treatments-fabrics-1-es","18":"first","19":"instock","20":"purchasable","21":"product-type-variable"},"acf":[],"_links":{"self":[{"href":"https:\/\/staging.aldeco.pt\/es\/wp-json\/wp\/v2\/product\/184084","targetHints":{"allow":["GET"]}}],"collection":[{"href":"https:\/\/staging.aldeco.pt\/es\/wp-json\/wp\/v2\/product"}],"about":[{"href":"https:\/\/staging.aldeco.pt\/es\/wp-json\/wp\/v2\/types\/product"}],"version-history":[{"count":1,"href":"https:\/\/staging.aldeco.pt\/es\/wp-json\/wp\/v2\/product\/184084\/revisions"}],"predecessor-version":[{"id":192503,"href":"https:\/\/staging.aldeco.pt\/es\/wp-json\/wp\/v2\/product\/184084\/revisions\/192503"}],"wp:featuredmedia":[{"embeddable":true,"href":"https:\/\/staging.aldeco.pt\/es\/wp-json\/wp\/v2\/media\/159124"}],"wp:attachment":[{"href":"https:\/\/staging.aldeco.pt\/es\/wp-json\/wp\/v2\/media?parent=184084"}],"wp:term":[{"taxonomy":"product_brand","embeddable":true,"href":"https:\/\/staging.aldeco.pt\/es\/wp-json\/wp\/v2\/product_brand?post=184084"},{"taxonomy":"product_cat","embeddable":true,"href":"https:\/\/staging.aldeco.pt\/es\/wp-json\/wp\/v2\/product_cat?post=184084"},{"taxonomy":"product_tag","embeddable":true,"href":"https:\/\/staging.aldeco.pt\/es\/wp-json\/wp\/v2\/product_tag?post=184084"}],"curies":[{"name":"wp","href":"https:\/\/api.w.org\/{rel}","templated":true}]}}