{"id":184019,"date":"2024-05-09T20:34:36","date_gmt":"2024-05-09T20:34:36","guid":{"rendered":"https:\/\/aldeco.pt\/staging\/product\/holly\/"},"modified":"2024-10-03T11:15:51","modified_gmt":"2024-10-03T11:15:51","slug":"holly","status":"publish","type":"product","link":"https:\/\/staging.aldeco.pt\/es\/product\/holly\/","title":{"rendered":"HOLLY"},"content":{"rendered":"<p>Es una tela decorativa de doble ancho para cortinas y cojines. Este sat\u00e9n vers\u00e1til est\u00e1 hecho de una combinaci\u00f3n de algod\u00f3n y poli\u00e9ster y est\u00e1 disponible en 11 colores.<\/p>\n","protected":false},"excerpt":{"rendered":"<p>Es una tela decorativa de doble ancho para cortinas y cojines. Este sat\u00e9n vers\u00e1til est\u00e1 hecho de una combinaci\u00f3n de algod\u00f3n y poli\u00e9ster y est\u00e1 disponible en 11 colores.<\/p>\n<h2>Holly es una tela decorativa de doble ancho para cortinas y cojines. Este sat\u00e9n vers\u00e1til est\u00e1 hecho de una combinaci\u00f3n de algod\u00f3n y poli\u00e9ster y est\u00e1 disponible en 11 colores.<\/h2>\n<p><img fetchpriority=\"high\" decoding=\"async\" class=\"alignnone wp-image-82078 size-medium\" src=\"https:\/\/aldeco.pt\/staging\/wp-content\/uploads\/2024\/01\/T017900009-300x280.jpg\" alt=\"Holly - Aldeco\" width=\"300\" height=\"280\" \/><\/p>\n<p><a href=\"https:\/\/aldeco.pt\/staging\/product\/holly\/?attribute_pa_aldeco-color=01-white\">https:\/\/aldeco.pt\/staging\/product\/holly\/?attribute_pa_aldeco-color=01-white<\/a><\/p>\n<p><a href=\"https:\/\/www.instagram.com\/aldeco_interiorfabrics\/\">https:\/\/www.instagram.com\/aldeco_interiorfabrics\/<\/a><\/p>\n<p>&nbsp;<\/p>\n","protected":false},"featured_media":76380,"template":"","meta":[],"product_brand":[],"product_cat":[6146],"product_tag":[],"class_list":{"0":"post-184019","1":"product","2":"type-product","3":"status-publish","4":"has-post-thumbnail","6":"product_cat-aldeco-2-es","7":"pa_cleanability-8283","8":"pa_composition-ext-60-co-40-pl-es","9":"pa_interior-fabrics-1-es","10":"pa_line-telas","11":"pa_lithfastness-4-5-es","12":"pa_outdoor-0-es","13":"pa_range-satin-es","16":"first","17":"instock","18":"purchasable","19":"product-type-variable"},"acf":[],"_links":{"self":[{"href":"https:\/\/staging.aldeco.pt\/es\/wp-json\/wp\/v2\/product\/184019","targetHints":{"allow":["GET"]}}],"collection":[{"href":"https:\/\/staging.aldeco.pt\/es\/wp-json\/wp\/v2\/product"}],"about":[{"href":"https:\/\/staging.aldeco.pt\/es\/wp-json\/wp\/v2\/types\/product"}],"version-history":[{"count":2,"href":"https:\/\/staging.aldeco.pt\/es\/wp-json\/wp\/v2\/product\/184019\/revisions"}],"predecessor-version":[{"id":201959,"href":"https:\/\/staging.aldeco.pt\/es\/wp-json\/wp\/v2\/product\/184019\/revisions\/201959"}],"wp:featuredmedia":[{"embeddable":true,"href":"https:\/\/staging.aldeco.pt\/es\/wp-json\/wp\/v2\/media\/76380"}],"wp:attachment":[{"href":"https:\/\/staging.aldeco.pt\/es\/wp-json\/wp\/v2\/media?parent=184019"}],"wp:term":[{"taxonomy":"product_brand","embeddable":true,"href":"https:\/\/staging.aldeco.pt\/es\/wp-json\/wp\/v2\/product_brand?post=184019"},{"taxonomy":"product_cat","embeddable":true,"href":"https:\/\/staging.aldeco.pt\/es\/wp-json\/wp\/v2\/product_cat?post=184019"},{"taxonomy":"product_tag","embeddable":true,"href":"https:\/\/staging.aldeco.pt\/es\/wp-json\/wp\/v2\/product_tag?post=184019"}],"curies":[{"name":"wp","href":"https:\/\/api.w.org\/{rel}","templated":true}]}}