{"id":184009,"date":"2024-05-09T20:32:42","date_gmt":"2024-05-09T20:32:42","guid":{"rendered":"https:\/\/aldeco.pt\/staging\/product\/hexaddiction\/"},"modified":"2024-11-11T14:45:23","modified_gmt":"2024-11-11T14:45:23","slug":"hexaddiction","status":"publish","type":"product","link":"https:\/\/staging.aldeco.pt\/es\/product\/hexaddiction\/","title":{"rendered":"HEXADDICTION"},"content":{"rendered":"<p>Hermosa tela con patr\u00f3n geom\u00e9trico adecuada para cortinas, decoraci\u00f3n y tapicer\u00eda. Esta tela est\u00e1 hecha de una fuerte mezcla de lino y viscosa.<\/p>\n","protected":false},"excerpt":{"rendered":"<p>Hermosa tela con patr\u00f3n geom\u00e9trico adecuada para cortinas, decoraci\u00f3n y tapicer\u00eda. Esta tela est\u00e1 hecha de una fuerte mezcla de lino y viscosa.<\/p>\n<h2>HEXADDICTION una hermosa tela con patr\u00f3n geom\u00e9trico adecuada para cortinas, decoraci\u00f3n y tapicer\u00eda. Esta tela est\u00e1 hecha de una fuerte mezcla de lino y viscosa.<\/h2>\n<p><img fetchpriority=\"high\" decoding=\"async\" class=\"alignnone wp-image-181132 size-medium\" src=\"https:\/\/aldeco.pt\/staging\/wp-content\/uploads\/2024\/03\/T018620001-300x280.jpg\" alt=\"Hexaddiction - Aldeco\" width=\"300\" height=\"280\"><\/p>\n<p><a href=\"https:\/\/www.instagram.com\/aldeco_interiorfabrics\/\">https:\/\/www.instagram.com\/aldeco_interiorfabrics\/<\/a><\/p>\n<p><a href=\"https:\/\/aldeco.pt\/staging\/product\/hexaddiction\/?attribute_pa_aldeco-color=01-tiffany-blue\">https:\/\/aldeco.pt\/staging\/product\/hexaddiction\/?attribute_pa_aldeco-color=01-tiffany-blue<\/a><\/p>\n<p>&nbsp;<\/p>\n","protected":false},"featured_media":177826,"template":"","meta":[],"product_brand":[],"product_cat":[6146],"product_tag":[],"class_list":{"0":"post-184009","1":"product","2":"type-product","3":"status-publish","4":"has-post-thumbnail","6":"product_cat-aldeco-2-es","7":"pa_cleanability-8283","8":"pa_composition-ext-base-70-vi-30-li-bordado-100-co-es","9":"pa_interior-fabrics-1-es","10":"pa_line-telas","11":"pa_lithfastness-9681","12":"pa_outdoor-0-es","13":"pa_range-bordado-es","14":"pa_rapport-horizontal-13-5-es","15":"pa_rapport-vertical-22-es","18":"first","19":"instock","20":"purchasable","21":"product-type-variable"},"acf":[],"_links":{"self":[{"href":"https:\/\/staging.aldeco.pt\/es\/wp-json\/wp\/v2\/product\/184009","targetHints":{"allow":["GET"]}}],"collection":[{"href":"https:\/\/staging.aldeco.pt\/es\/wp-json\/wp\/v2\/product"}],"about":[{"href":"https:\/\/staging.aldeco.pt\/es\/wp-json\/wp\/v2\/types\/product"}],"version-history":[{"count":3,"href":"https:\/\/staging.aldeco.pt\/es\/wp-json\/wp\/v2\/product\/184009\/revisions"}],"predecessor-version":[{"id":211342,"href":"https:\/\/staging.aldeco.pt\/es\/wp-json\/wp\/v2\/product\/184009\/revisions\/211342"}],"wp:featuredmedia":[{"embeddable":true,"href":"https:\/\/staging.aldeco.pt\/es\/wp-json\/wp\/v2\/media\/177826"}],"wp:attachment":[{"href":"https:\/\/staging.aldeco.pt\/es\/wp-json\/wp\/v2\/media?parent=184009"}],"wp:term":[{"taxonomy":"product_brand","embeddable":true,"href":"https:\/\/staging.aldeco.pt\/es\/wp-json\/wp\/v2\/product_brand?post=184009"},{"taxonomy":"product_cat","embeddable":true,"href":"https:\/\/staging.aldeco.pt\/es\/wp-json\/wp\/v2\/product_cat?post=184009"},{"taxonomy":"product_tag","embeddable":true,"href":"https:\/\/staging.aldeco.pt\/es\/wp-json\/wp\/v2\/product_tag?post=184009"}],"curies":[{"name":"wp","href":"https:\/\/api.w.org\/{rel}","templated":true}]}}