{"id":183964,"date":"2024-05-09T20:34:11","date_gmt":"2024-05-09T20:34:11","guid":{"rendered":"https:\/\/aldeco.pt\/staging\/product\/historian\/"},"modified":"2024-08-29T14:45:51","modified_gmt":"2024-08-29T14:45:51","slug":"historian","status":"publish","type":"product","link":"https:\/\/staging.aldeco.pt\/es\/product\/historian\/","title":{"rendered":"HISTORIAN"},"content":{"rendered":"<p>Magn\u00edfica tela de jacquard de damasco con tacto satinado y reflejos dorados. Adecuado para tapicer\u00eda debido a su alta resistencia a la abrasi\u00f3n.<\/p>\n","protected":false},"excerpt":{"rendered":"<p>Magn\u00edfica tela de jacquard de damasco con tacto satinado y reflejos dorados. Adecuado para tapicer\u00eda debido a su alta resistencia a la abrasi\u00f3n.<\/p>\n<h2>Historian es una magn\u00edfica tela de jacquard de damasco con tacto satinado y reflejos dorados. Adecuado para tapicer\u00eda debido a su alta resistencia a la abrasi\u00f3n.<\/h2>\n<p><img fetchpriority=\"high\" decoding=\"async\" class=\"alignnone wp-image-181241 size-medium\" src=\"https:\/\/aldeco.pt\/staging\/wp-content\/uploads\/2024\/03\/T018740001-300x280.jpg\" alt=\"Historian - Aldeco\" width=\"300\" height=\"280\"><\/p>\n<p><a href=\"https:\/\/www.instagram.com\/aldeco_interiorfabrics\/\">https:\/\/www.instagram.com\/aldeco_interiorfabrics\/<\/a><\/p>\n<p><a href=\"https:\/\/aldeco.pt\/staging\/product\/historian\/?attribute_pa_aldeco-color=01-snow-white\">https:\/\/aldeco.pt\/staging\/product\/historian\/?attribute_pa_aldeco-color=01-snow-white<\/a><\/p>\n<p>&nbsp;<\/p>\n","protected":false},"featured_media":155674,"template":"","meta":[],"product_brand":[],"product_cat":[6146],"product_tag":[],"class_list":{"0":"post-183964","1":"product","2":"type-product","3":"status-publish","4":"has-post-thumbnail","6":"product_cat-aldeco-2-es","7":"pa_cleanability-8283","8":"pa_composition-ext-31-li-26-pa-25-pl-18-co-es","9":"pa_interior-fabrics-1-es","10":"pa_line-telas","11":"pa_lithfastness-4-5-es","12":"pa_outdoor-0-es","13":"pa_range-jacquard-es","14":"pa_range-satin-es","15":"pa_rapport-horizontal-23-5-es","16":"pa_rapport-vertical-52-es","19":"first","20":"instock","21":"purchasable","22":"product-type-variable"},"acf":[],"_links":{"self":[{"href":"https:\/\/staging.aldeco.pt\/es\/wp-json\/wp\/v2\/product\/183964","targetHints":{"allow":["GET"]}}],"collection":[{"href":"https:\/\/staging.aldeco.pt\/es\/wp-json\/wp\/v2\/product"}],"about":[{"href":"https:\/\/staging.aldeco.pt\/es\/wp-json\/wp\/v2\/types\/product"}],"version-history":[{"count":1,"href":"https:\/\/staging.aldeco.pt\/es\/wp-json\/wp\/v2\/product\/183964\/revisions"}],"predecessor-version":[{"id":192499,"href":"https:\/\/staging.aldeco.pt\/es\/wp-json\/wp\/v2\/product\/183964\/revisions\/192499"}],"wp:featuredmedia":[{"embeddable":true,"href":"https:\/\/staging.aldeco.pt\/es\/wp-json\/wp\/v2\/media\/155674"}],"wp:attachment":[{"href":"https:\/\/staging.aldeco.pt\/es\/wp-json\/wp\/v2\/media?parent=183964"}],"wp:term":[{"taxonomy":"product_brand","embeddable":true,"href":"https:\/\/staging.aldeco.pt\/es\/wp-json\/wp\/v2\/product_brand?post=183964"},{"taxonomy":"product_cat","embeddable":true,"href":"https:\/\/staging.aldeco.pt\/es\/wp-json\/wp\/v2\/product_cat?post=183964"},{"taxonomy":"product_tag","embeddable":true,"href":"https:\/\/staging.aldeco.pt\/es\/wp-json\/wp\/v2\/product_tag?post=183964"}],"curies":[{"name":"wp","href":"https:\/\/api.w.org\/{rel}","templated":true}]}}