{"id":183883,"date":"2024-05-09T20:30:49","date_gmt":"2024-05-09T20:30:49","guid":{"rendered":"https:\/\/aldeco.pt\/staging\/product\/hamper-easy-clean-fr\/"},"modified":"2024-10-03T11:05:34","modified_gmt":"2024-10-03T11:05:34","slug":"hamper-easy-clean-fr","status":"publish","type":"product","link":"https:\/\/staging.aldeco.pt\/es\/product\/hamper-easy-clean-fr\/","title":{"rendered":"HAMPER EASY CLEAN FR"},"content":{"rendered":"<p>HAMPER Easy Clean es una tela bonita, elegante y suave, f\u00e1cil de limpiar y con acabado repelente al agua.<br \/>\nEs una pieza de tela te\u00f1ida para tapicer\u00eda, de aspecto \u00fanico y con un ligero brillo y aspecto melange. HAMPER est\u00e1 tratado con un acabado especial que facilita la limpieza, requiriendo \u00fanicamente un pa\u00f1o h\u00famedo para su mantenimiento.<\/p>\n<p>HAMPER es perfecto para crear tapizados acogedores, c\u00e1lidos y elegantes.<\/p>\n","protected":false},"excerpt":{"rendered":"<p>HAMPER Easy Clean es una tela bonita, elegante y suave, f\u00e1cil de limpiar y con acabado repelente al agua.<br \/>\nEs una pieza de tela te\u00f1ida para tapicer\u00eda, de aspecto \u00fanico y con un ligero brillo y aspecto melange. HAMPER est\u00e1 tratado con un acabado especial que facilita la limpieza, requiriendo \u00fanicamente un pa\u00f1o h\u00famedo para su mantenimiento.<\/p>\n<p>HAMPER es perfecto para crear tapizados acogedores, c\u00e1lidos y elegantes.<\/p>\n<h2>HAMPER Easy Clean es una tela bonita, elegante y suave, f\u00e1cil de limpiar y con acabado repelente al agua.<br \/>\nEs una pieza de tela te\u00f1ida para tapicer\u00eda, de aspecto \u00fanico y con un ligero brillo y aspecto melange. HAMPER est\u00e1 tratado con un acabado especial que facilita la limpieza, requiriendo \u00fanicamente un pa\u00f1o h\u00famedo para su mantenimiento.<\/h2>\n<h2>HAMPER es perfecto para crear tapizados acogedores, c\u00e1lidos y elegantes.<\/h2>\n<p><img fetchpriority=\"high\" decoding=\"async\" class=\"alignnone wp-image-181035 size-medium\" src=\"https:\/\/aldeco.pt\/staging\/wp-content\/uploads\/2024\/01\/T192650001-4-300x200.jpg\" alt=\"Hamper Easy Clean FR - Aldeco\" width=\"300\" height=\"200\" \/><\/p>\n<p><a href=\"https:\/\/www.instagram.com\/aldeco_interiorfabrics\/\">https:\/\/www.instagram.com\/aldeco_interiorfabrics\/<\/a><\/p>\n<p><a href=\"https:\/\/aldeco.pt\/staging\/product\/hamper-easy-clean-fr\/?attribute_pa_aldeco-color=01-ecru\">https:\/\/aldeco.pt\/staging\/product\/hamper-easy-clean-fr\/?attribute_pa_aldeco-color=01-ecru<\/a><\/p>\n<p>&nbsp;<\/p>\n","protected":false},"featured_media":155627,"template":"","meta":[],"product_brand":[],"product_cat":[6146,6154,6152],"product_tag":[],"class_list":{"0":"post-183883","1":"product","2":"type-product","3":"status-publish","4":"has-post-thumbnail","6":"product_cat-aldeco-2-es","7":"product_cat-aldeco-smarter-es","8":"product_cat-contract-es","9":"pa_cleanability-8283","10":"pa_composition-ext-70-pl-30-vi-es","11":"pa_contract-fabrics-1-es","12":"pa_interior-fabrics-1-es","13":"pa_line-telas","14":"pa_lithfastness-5-es","15":"pa_outdoor-0-es","16":"pa_range-chenilla","17":"pa_range-liso-es","18":"pa_special-treatments-fabrics-1-es","21":"first","22":"instock","23":"purchasable","24":"product-type-variable"},"acf":[],"_links":{"self":[{"href":"https:\/\/staging.aldeco.pt\/es\/wp-json\/wp\/v2\/product\/183883","targetHints":{"allow":["GET"]}}],"collection":[{"href":"https:\/\/staging.aldeco.pt\/es\/wp-json\/wp\/v2\/product"}],"about":[{"href":"https:\/\/staging.aldeco.pt\/es\/wp-json\/wp\/v2\/types\/product"}],"version-history":[{"count":2,"href":"https:\/\/staging.aldeco.pt\/es\/wp-json\/wp\/v2\/product\/183883\/revisions"}],"predecessor-version":[{"id":201955,"href":"https:\/\/staging.aldeco.pt\/es\/wp-json\/wp\/v2\/product\/183883\/revisions\/201955"}],"wp:featuredmedia":[{"embeddable":true,"href":"https:\/\/staging.aldeco.pt\/es\/wp-json\/wp\/v2\/media\/155627"}],"wp:attachment":[{"href":"https:\/\/staging.aldeco.pt\/es\/wp-json\/wp\/v2\/media?parent=183883"}],"wp:term":[{"taxonomy":"product_brand","embeddable":true,"href":"https:\/\/staging.aldeco.pt\/es\/wp-json\/wp\/v2\/product_brand?post=183883"},{"taxonomy":"product_cat","embeddable":true,"href":"https:\/\/staging.aldeco.pt\/es\/wp-json\/wp\/v2\/product_cat?post=183883"},{"taxonomy":"product_tag","embeddable":true,"href":"https:\/\/staging.aldeco.pt\/es\/wp-json\/wp\/v2\/product_tag?post=183883"}],"curies":[{"name":"wp","href":"https:\/\/api.w.org\/{rel}","templated":true}]}}