{"id":183868,"date":"2024-05-09T20:29:57","date_gmt":"2024-05-09T20:29:57","guid":{"rendered":"https:\/\/aldeco.pt\/staging\/product\/habits-fr\/"},"modified":"2024-08-29T14:46:02","modified_gmt":"2024-08-29T14:46:02","slug":"habits-fr","status":"publish","type":"product","link":"https:\/\/staging.aldeco.pt\/es\/product\/habits-fr\/","title":{"rendered":"HABITS FR"},"content":{"rendered":"<p>Habits FR es una tela compuesta por un micro-patr\u00f3n, extremadamente vers\u00e1til y duradera con resistencia a la abrasi\u00f3n que supera los 50.000 ciclos. Disponible en 6 colores b\u00e1sicos.<\/p>\n","protected":false},"excerpt":{"rendered":"<p>Habits FR es una tela compuesta por un micro-patr\u00f3n, extremadamente vers\u00e1til y duradera con resistencia a la abrasi\u00f3n que supera los 50.000 ciclos. Disponible en 6 colores b\u00e1sicos.<\/p>\n<h2>Habits FR es una tela compuesta por un micro-patr\u00f3n, extremadamente vers\u00e1til y duradera con resistencia a la abrasi\u00f3n que supera los 50.000 ciclos. Disponible en 6 colores b\u00e1sicos.<\/h2>\n<p><img fetchpriority=\"high\" decoding=\"async\" class=\"alignnone wp-image-180979 size-medium\" src=\"https:\/\/aldeco.pt\/staging\/wp-content\/uploads\/2024\/03\/T190090001-300x240.jpg\" alt=\"Habits FR - Aldeco\" width=\"300\" height=\"240\"><\/p>\n<p><a href=\"https:\/\/www.instagram.com\/aldeco_interiorfabrics\/\">https:\/\/www.instagram.com\/aldeco_interiorfabrics\/<\/a><\/p>\n<p><a href=\"https:\/\/aldeco.pt\/staging\/product\/habits-fr\/?attribute_pa_aldeco-color=01-naturals\">https:\/\/aldeco.pt\/staging\/product\/habits-fr\/?attribute_pa_aldeco-color=01-naturals<\/a><\/p>\n<p>&nbsp;<\/p>\n","protected":false},"featured_media":155621,"template":"","meta":[],"product_brand":[],"product_cat":[6154],"product_tag":[],"class_list":{"0":"post-183868","1":"product","2":"type-product","3":"status-publish","4":"has-post-thumbnail","6":"product_cat-aldeco-smarter-es","7":"pa_cleanability-8283","8":"pa_composition-ext-41-co-29-pl-20-vi-10-li-es","9":"pa_contract-fabrics-1-es","10":"pa_interior-fabrics-1-es","11":"pa_line-telas","12":"pa_lithfastness-4-es","13":"pa_outdoor-0-es","14":"pa_range-coated-es","15":"pa_range-jacquard-es","16":"pa_special-treatments-fabrics-1-es","19":"first","20":"instock","21":"purchasable","22":"product-type-variable"},"acf":[],"_links":{"self":[{"href":"https:\/\/staging.aldeco.pt\/es\/wp-json\/wp\/v2\/product\/183868","targetHints":{"allow":["GET"]}}],"collection":[{"href":"https:\/\/staging.aldeco.pt\/es\/wp-json\/wp\/v2\/product"}],"about":[{"href":"https:\/\/staging.aldeco.pt\/es\/wp-json\/wp\/v2\/types\/product"}],"version-history":[{"count":1,"href":"https:\/\/staging.aldeco.pt\/es\/wp-json\/wp\/v2\/product\/183868\/revisions"}],"predecessor-version":[{"id":192479,"href":"https:\/\/staging.aldeco.pt\/es\/wp-json\/wp\/v2\/product\/183868\/revisions\/192479"}],"wp:featuredmedia":[{"embeddable":true,"href":"https:\/\/staging.aldeco.pt\/es\/wp-json\/wp\/v2\/media\/155621"}],"wp:attachment":[{"href":"https:\/\/staging.aldeco.pt\/es\/wp-json\/wp\/v2\/media?parent=183868"}],"wp:term":[{"taxonomy":"product_brand","embeddable":true,"href":"https:\/\/staging.aldeco.pt\/es\/wp-json\/wp\/v2\/product_brand?post=183868"},{"taxonomy":"product_cat","embeddable":true,"href":"https:\/\/staging.aldeco.pt\/es\/wp-json\/wp\/v2\/product_cat?post=183868"},{"taxonomy":"product_tag","embeddable":true,"href":"https:\/\/staging.aldeco.pt\/es\/wp-json\/wp\/v2\/product_tag?post=183868"}],"curies":[{"name":"wp","href":"https:\/\/api.w.org\/{rel}","templated":true}]}}