{"id":183853,"date":"2024-05-09T20:29:48","date_gmt":"2024-05-09T20:29:48","guid":{"rendered":"https:\/\/aldeco.pt\/staging\/product\/guilty\/"},"modified":"2024-08-29T14:46:03","modified_gmt":"2024-08-29T14:46:03","slug":"guilty","status":"publish","type":"product","link":"https:\/\/staging.aldeco.pt\/es\/product\/guilty\/","title":{"rendered":"GUILTY"},"content":{"rendered":"<p>Guilty es una tela muy especial debido a su belleza y complejidad porque su construcci\u00f3n es un jacquard de moar\u00e9 impreso, con una ilustraci\u00f3n vibrante y profundas pinceladas, inspirado en las seductoras plumas de pavo real.<\/p>\n","protected":false},"excerpt":{"rendered":"<p>Guilty es una tela muy especial debido a su belleza y complejidad porque su construcci\u00f3n es un jacquard de moar\u00e9 impreso, con una ilustraci\u00f3n vibrante y profundas pinceladas, inspirado en las seductoras plumas de pavo real.<\/p>\n<h2>Guilty es una tela muy especial debido a su belleza y complejidad porque su construcci\u00f3n es un jacquard de moar\u00e9 impreso, con una ilustraci\u00f3n vibrante y profundas pinceladas, inspirado en las seductoras plumas de pavo real.<\/h2>\n<p><img fetchpriority=\"high\" decoding=\"async\" class=\"alignnone wp-image-180967 size-medium\" src=\"https:\/\/aldeco.pt\/staging\/wp-content\/uploads\/2024\/01\/T190540001-4-300x200.jpg\" alt=\"Guilty - Aldeco\" width=\"300\" height=\"200\"><\/p>\n<p><a href=\"https:\/\/www.instagram.com\/aldeco_interiorfabrics\/\">https:\/\/www.instagram.com\/aldeco_interiorfabrics\/<\/a><\/p>\n<p><a href=\"https:\/\/aldeco.pt\/staging\/product\/guilty\/?attribute_pa_aldeco-color=01-pink-nude-blossom\">https:\/\/aldeco.pt\/staging\/product\/guilty\/?attribute_pa_aldeco-color=01-pink-nude-blossom<\/a><\/p>\n<p>&nbsp;<\/p>\n","protected":false},"featured_media":159024,"template":"","meta":[],"product_brand":[],"product_cat":[6146],"product_tag":[],"class_list":{"0":"post-183853","1":"product","2":"type-product","3":"status-publish","4":"has-post-thumbnail","6":"product_cat-aldeco-2-es","7":"pa_cleanability-8283","8":"pa_composition-ext-58-co-42-vi-es","9":"pa_interior-fabrics-1-es","10":"pa_line-telas","11":"pa_lithfastness-4-6-es","12":"pa_outdoor-0-es","13":"pa_range-estampado-es","14":"pa_range-jacquard-es","15":"pa_rapport-horizontal-14-5-es","16":"pa_rapport-vertical-11-5-es","19":"first","20":"instock","21":"purchasable","22":"product-type-variable"},"acf":[],"_links":{"self":[{"href":"https:\/\/staging.aldeco.pt\/es\/wp-json\/wp\/v2\/product\/183853","targetHints":{"allow":["GET"]}}],"collection":[{"href":"https:\/\/staging.aldeco.pt\/es\/wp-json\/wp\/v2\/product"}],"about":[{"href":"https:\/\/staging.aldeco.pt\/es\/wp-json\/wp\/v2\/types\/product"}],"version-history":[{"count":1,"href":"https:\/\/staging.aldeco.pt\/es\/wp-json\/wp\/v2\/product\/183853\/revisions"}],"predecessor-version":[{"id":192478,"href":"https:\/\/staging.aldeco.pt\/es\/wp-json\/wp\/v2\/product\/183853\/revisions\/192478"}],"wp:featuredmedia":[{"embeddable":true,"href":"https:\/\/staging.aldeco.pt\/es\/wp-json\/wp\/v2\/media\/159024"}],"wp:attachment":[{"href":"https:\/\/staging.aldeco.pt\/es\/wp-json\/wp\/v2\/media?parent=183853"}],"wp:term":[{"taxonomy":"product_brand","embeddable":true,"href":"https:\/\/staging.aldeco.pt\/es\/wp-json\/wp\/v2\/product_brand?post=183853"},{"taxonomy":"product_cat","embeddable":true,"href":"https:\/\/staging.aldeco.pt\/es\/wp-json\/wp\/v2\/product_cat?post=183853"},{"taxonomy":"product_tag","embeddable":true,"href":"https:\/\/staging.aldeco.pt\/es\/wp-json\/wp\/v2\/product_tag?post=183853"}],"curies":[{"name":"wp","href":"https:\/\/api.w.org\/{rel}","templated":true}]}}