{"id":183828,"date":"2024-05-09T20:29:41","date_gmt":"2024-05-09T20:29:41","guid":{"rendered":"https:\/\/aldeco.pt\/staging\/product\/guest\/"},"modified":"2024-08-29T14:46:04","modified_gmt":"2024-08-29T14:46:04","slug":"guest","status":"publish","type":"product","link":"https:\/\/staging.aldeco.pt\/es\/product\/guest\/","title":{"rendered":"GUEST"},"content":{"rendered":"<p>Terciopelo jacquard extremadamente elegante con formas geom\u00e9tricas de laberinto, adecuado para tapicer\u00eda y decoraci\u00f3n.<\/p>\n","protected":false},"excerpt":{"rendered":"<p>Guest es un terciopelo jacquard extremadamente elegante con formas geom\u00e9tricas de laberinto, adecuado para tapicer\u00eda y decoraci\u00f3n.<\/p>\n<h2>Guest es un terciopelo jacquard extremadamente elegante con formas geom\u00e9tricas de laberinto, adecuado para tapicer\u00eda y decoraci\u00f3n.<\/h2>\n<p><img fetchpriority=\"high\" decoding=\"async\" class=\"alignnone wp-image-180956 size-medium\" src=\"https:\/\/aldeco.pt\/staging\/wp-content\/uploads\/2024\/03\/T018810001-300x280.jpg\" alt=\"Guest - Aldeco\" width=\"300\" height=\"280\"><\/p>\n<p><a href=\"https:\/\/www.instagram.com\/aldeco_interiorfabrics\/\">https:\/\/www.instagram.com\/aldeco_interiorfabrics\/<\/a><\/p>\n<p><a href=\"https:\/\/aldeco.pt\/staging\/product\/guest\/?attribute_pa_aldeco-color=01-ivory\">https:\/\/aldeco.pt\/staging\/product\/guest\/?attribute_pa_aldeco-color=01-ivory<\/a><\/p>\n","protected":false},"featured_media":171233,"template":"","meta":[],"product_brand":[],"product_cat":[6146],"product_tag":[],"class_list":{"0":"post-183828","1":"product","2":"type-product","3":"status-publish","4":"has-post-thumbnail","6":"product_cat-aldeco-2-es","7":"pa_cleanability-8283","8":"pa_composition-ext-73-vi-27-pl-es","9":"pa_interior-fabrics-1-es","10":"pa_line-telas","11":"pa_lithfastness-5-es","12":"pa_outdoor-0-es","13":"pa_range-jacquard-es","14":"pa_range-terciopelo","15":"pa_rapport-horizontal-35-es","16":"pa_rapport-vertical-10-5-es","19":"first","20":"instock","21":"purchasable","22":"product-type-variable"},"acf":[],"_links":{"self":[{"href":"https:\/\/staging.aldeco.pt\/es\/wp-json\/wp\/v2\/product\/183828","targetHints":{"allow":["GET"]}}],"collection":[{"href":"https:\/\/staging.aldeco.pt\/es\/wp-json\/wp\/v2\/product"}],"about":[{"href":"https:\/\/staging.aldeco.pt\/es\/wp-json\/wp\/v2\/types\/product"}],"version-history":[{"count":1,"href":"https:\/\/staging.aldeco.pt\/es\/wp-json\/wp\/v2\/product\/183828\/revisions"}],"predecessor-version":[{"id":192477,"href":"https:\/\/staging.aldeco.pt\/es\/wp-json\/wp\/v2\/product\/183828\/revisions\/192477"}],"wp:featuredmedia":[{"embeddable":true,"href":"https:\/\/staging.aldeco.pt\/es\/wp-json\/wp\/v2\/media\/171233"}],"wp:attachment":[{"href":"https:\/\/staging.aldeco.pt\/es\/wp-json\/wp\/v2\/media?parent=183828"}],"wp:term":[{"taxonomy":"product_brand","embeddable":true,"href":"https:\/\/staging.aldeco.pt\/es\/wp-json\/wp\/v2\/product_brand?post=183828"},{"taxonomy":"product_cat","embeddable":true,"href":"https:\/\/staging.aldeco.pt\/es\/wp-json\/wp\/v2\/product_cat?post=183828"},{"taxonomy":"product_tag","embeddable":true,"href":"https:\/\/staging.aldeco.pt\/es\/wp-json\/wp\/v2\/product_tag?post=183828"}],"curies":[{"name":"wp","href":"https:\/\/api.w.org\/{rel}","templated":true}]}}