{"id":183798,"date":"2024-05-09T20:28:09","date_gmt":"2024-05-09T20:28:09","guid":{"rendered":"https:\/\/aldeco.pt\/staging\/product\/granola-fr\/"},"modified":"2024-08-29T14:46:06","modified_gmt":"2024-08-29T14:46:06","slug":"granola-fr","status":"publish","type":"product","link":"https:\/\/staging.aldeco.pt\/es\/product\/granola-fr\/","title":{"rendered":"GRANOLA FR"},"content":{"rendered":"<p>Es un tejido de tapicer\u00eda te\u00f1ido en hilo muy estructurado. Este tejido cumple con varios est\u00e1ndares ign\u00edfugos y es OEKO-TEX Standard 100, no contiene sustancias qu\u00edmicas nocivas para el medio ambiente. Adem\u00e1s de todas estas caracter\u00edsticas, cuenta con un tratamiento anti-manchas, lo que lo hace ideal para espacios muy utilizados por ni\u00f1os o incluso mascotas, permitiendo una f\u00e1cil limpieza.<\/p>\n","protected":false},"excerpt":{"rendered":"<p>Granola FR es un tejido de tapicer\u00eda te\u00f1ido en hilo muy estructurado. Este tejido cumple con varios est\u00e1ndares ign\u00edfugos y es OEKO-TEX Standard 100, no contiene sustancias qu\u00edmicas nocivas para el medio ambiente. Adem\u00e1s de todas estas caracter\u00edsticas, cuenta con un tratamiento anti-manchas, lo que lo hace ideal para espacios muy utilizados por ni\u00f1os o incluso mascotas, permitiendo una f\u00e1cil limpieza.<\/p>\n<h2>Granola FR es un tejido de tapicer\u00eda te\u00f1ido en hilo muy estructurado. Este tejido cumple con varios est\u00e1ndares ign\u00edfugos y es OEKO-TEX Standard 100, no contiene sustancias qu\u00edmicas nocivas para el medio ambiente. Adem\u00e1s de todas estas caracter\u00edsticas, cuenta con un tratamiento anti-manchas, lo que lo hace ideal para espacios muy utilizados por ni\u00f1os o incluso mascotas, permitiendo una f\u00e1cil limpieza.<\/h2>\n<p><img fetchpriority=\"high\" decoding=\"async\" class=\"alignnone wp-image-180899 size-medium\" src=\"https:\/\/aldeco.pt\/staging\/wp-content\/uploads\/2024\/01\/T191170001-4-300x250.jpg\" alt=\"Granola FR - Aldeco\" width=\"300\" height=\"250\"><\/p>\n<p>&nbsp;<\/p>\n<p><a href=\"https:\/\/www.instagram.com\/aldeco_interiorfabrics\/\">https:\/\/www.instagram.com\/aldeco_interiorfabrics\/<\/a><\/p>\n<p><a href=\"https:\/\/aldeco.pt\/staging\/product\/granola-fr\/?attribute_pa_aldeco-color=01-marzipan\">https:\/\/aldeco.pt\/staging\/product\/granola-fr\/?attribute_pa_aldeco-color=01-marzipan<\/a><\/p>\n","protected":false},"featured_media":158976,"template":"","meta":[],"product_brand":[],"product_cat":[6146,6152],"product_tag":[],"class_list":{"0":"post-183798","1":"product","2":"type-product","3":"status-publish","4":"has-post-thumbnail","6":"product_cat-aldeco-2-es","7":"product_cat-contract-es","8":"pa_cleanability-8283","9":"pa_composition-ext-61-ac-39-pl-es","10":"pa_contract-fabrics-1-es","11":"pa_interior-fabrics-1-es","12":"pa_line-telas","13":"pa_lithfastness-6-es","14":"pa_outdoor-0-es","15":"pa_range-jacquard-es","16":"pa_special-treatments-fabrics-1-es","19":"first","20":"instock","21":"purchasable","22":"product-type-variable"},"acf":[],"_links":{"self":[{"href":"https:\/\/staging.aldeco.pt\/es\/wp-json\/wp\/v2\/product\/183798","targetHints":{"allow":["GET"]}}],"collection":[{"href":"https:\/\/staging.aldeco.pt\/es\/wp-json\/wp\/v2\/product"}],"about":[{"href":"https:\/\/staging.aldeco.pt\/es\/wp-json\/wp\/v2\/types\/product"}],"version-history":[{"count":1,"href":"https:\/\/staging.aldeco.pt\/es\/wp-json\/wp\/v2\/product\/183798\/revisions"}],"predecessor-version":[{"id":192475,"href":"https:\/\/staging.aldeco.pt\/es\/wp-json\/wp\/v2\/product\/183798\/revisions\/192475"}],"wp:featuredmedia":[{"embeddable":true,"href":"https:\/\/staging.aldeco.pt\/es\/wp-json\/wp\/v2\/media\/158976"}],"wp:attachment":[{"href":"https:\/\/staging.aldeco.pt\/es\/wp-json\/wp\/v2\/media?parent=183798"}],"wp:term":[{"taxonomy":"product_brand","embeddable":true,"href":"https:\/\/staging.aldeco.pt\/es\/wp-json\/wp\/v2\/product_brand?post=183798"},{"taxonomy":"product_cat","embeddable":true,"href":"https:\/\/staging.aldeco.pt\/es\/wp-json\/wp\/v2\/product_cat?post=183798"},{"taxonomy":"product_tag","embeddable":true,"href":"https:\/\/staging.aldeco.pt\/es\/wp-json\/wp\/v2\/product_tag?post=183798"}],"curies":[{"name":"wp","href":"https:\/\/api.w.org\/{rel}","templated":true}]}}